{"id":1624,"date":"2024-04-15T14:39:36","date_gmt":"2024-04-15T11:39:36","guid":{"rendered":"http:\/\/jnats.eu\/?post_type=product&#038;p=1624"},"modified":"2025-11-27T00:17:39","modified_gmt":"2025-11-26T22:17:39","slug":"hayashi-h-diamond-aiku-parker-hadoson-hanmasa-towa-nos-new-vintage-japanese-cutlery","status":"publish","type":"product","link":"https:\/\/jnats.eu\/fr\/produit-2\/hayashi-h-diamond-aiku-parker-hadoson-hanmasa-towa-nos-new-vintage-japanese-cutlery\/","title":{"rendered":"Hayashi, H.Diamond, Aiku, Parker, Hadoson, Hanmasa, Towa NOS Nouveaux rasoirs japonais vintage"},"content":{"rendered":"<ol class=\"wp-block-list\">\n<li>Hayashi Tokyo Extra Best 1074<\/li>\n\n\n\n<li>Hayashi Tokyo Extra Best 1074<\/li>\n\n\n\n<li>H.Diamond 888 Extra Steel d'occasion pour les barbiers Premi\u00e8re qualit\u00e9<\/li>\n\n\n\n<li>T. The Aiku'm Real German Ground 60 Aiku For Barbers madein Tokyo<\/li>\n\n\n\n<li>Towa 9074 Best Hollow Ground Extra Tungsten Steel I.H. Shinychi Gen Takahashi H.Diamond&nbsp;<\/li>\n\n\n\n<li>Ruban 1000<\/li>\n\n\n\n<li>Parker 510 Made in Japan Tokyo Best Silver Steel Parker Razor Co.&amp;LTL SWDEISH Steel (Erreur de texte sur la lame)<\/li>\n\n\n\n<li>Hadoson 63 Matsukura Company Made in Tokyo<\/li>\n\n\n\n<li>Hanmasa Razor Tokyo N.K.K LTD Osaka Frameback<\/li>\n\n\n\n<li>Diamond Hayashi SK3 design su\u00e9dois High Steel R.Link<\/li>\n<\/ol>\n\n\n\n<p>R. Saito \u00e9tait un coiffeur c\u00e9l\u00e8bre au Japon dans les ann\u00e9es 50-60. Il a fond\u00e9 une \u00e9cole de coiffure avec un grand nombre de professionnels dans de nombreuses villes. Son nom \u00e9tant synonyme de mode japonaise, ses cr\u00e9ations \u00e9taient tr\u00e8s appr\u00e9ci\u00e9es, tout comme son nom. Il a con\u00e7u des rasoirs qui ont \u00e9t\u00e9 produits par de grandes entreprises portant son nom : Kikuboshi, Diamond Hayashi et d'autres fabricants. Le produit \u00e9tait con\u00e7u pour \u00eatre le rasoir le plus facile \u00e0 utiliser.<\/p>\n\n\n\n<figure class=\"wp-block-embed is-type-video is-provider-youtube wp-block-embed-youtube wp-embed-aspect-16-9 wp-has-aspect-ratio\"><div class=\"wp-block-embed__wrapper\">\n<div class=\"video-container\"><iframe title=\"NOS Rasoirs droits Hayashi, H.Diamond, Aiku, Parker, Hadoson, Hanmasa, Towa\" width=\"1170\" height=\"658\" src=\"https:\/\/www.youtube.com\/embed\/cHATX__mUpU?feature=oembed\" frameborder=\"0\" allow=\"accelerometer; autoplay; clipboard-write; encrypted-media; gyroscope; picture-in-picture; web-share\" referrerpolicy=\"strict-origin-when-cross-origin\" allowfullscreen><\/iframe><\/div>\n<\/div><\/figure>","protected":false},"excerpt":{"rendered":"<ol>\n<li>Hayashi Tokyo Extra Best 1074<\/li>\n<li>Hayashi Tokyo Extra Best 1074<\/li>\n<li><del>H.Diamond 888 Extra Steel d'occasion pour les barbiers Premi\u00e8re qualit\u00e9<\/del> Vendu<\/li>\n<li>T. The Aiku'm Real German Ground 60 Aiku For Barbers madein Tokyo<\/li>\n<li><del>Towa 9074 Best Hollow Ground Extra Tungsten Steel I.H. Shinychi Gen Takahashi H.Diamond<\/del><\/li>\n<li>Ruban 100<\/li>\n<li>Parker 510 Made in Japan Tokyo Best Silver Steel Parker Razor Co.&amp;LTL SWDEISH Steel (Erreur de texte sur la lame)<\/li>\n<li><del>Hadoson 63 Matsukura Company Made in Tokyo<\/del> Vendu<\/li>\n<li><del>Hanmasa Razor Tokyo N.K.K LTD Osaka Frameback<\/del><\/li>\n<li><del>Diamond Hayashi SK3 design su\u00e9dois High Steel R.Link <\/del><strong>Vendu<\/strong><\/li>\n<\/ol>","protected":false},"featured_media":1625,"comment_status":"open","ping_status":"closed","template":"","meta":[],"product_brand":[],"product_cat":[23],"product_tag":[55],"class_list":{"0":"post-1624","1":"product","2":"type-product","3":"status-publish","4":"has-post-thumbnail","6":"product_cat-razors","7":"product_tag-nos","8":"product_shipping_class-light","10":"first","11":"instock","12":"sold-individually","13":"shipping-taxable","14":"purchasable","15":"product-type-variable"},"_links":{"self":[{"href":"https:\/\/jnats.eu\/fr\/wp-json\/wp\/v2\/product\/1624","targetHints":{"allow":["GET"]}}],"collection":[{"href":"https:\/\/jnats.eu\/fr\/wp-json\/wp\/v2\/product"}],"about":[{"href":"https:\/\/jnats.eu\/fr\/wp-json\/wp\/v2\/types\/product"}],"replies":[{"embeddable":true,"href":"https:\/\/jnats.eu\/fr\/wp-json\/wp\/v2\/comments?post=1624"}],"wp:featuredmedia":[{"embeddable":true,"href":"https:\/\/jnats.eu\/fr\/wp-json\/wp\/v2\/media\/1625"}],"wp:attachment":[{"href":"https:\/\/jnats.eu\/fr\/wp-json\/wp\/v2\/media?parent=1624"}],"wp:term":[{"taxonomy":"product_brand","embeddable":true,"href":"https:\/\/jnats.eu\/fr\/wp-json\/wp\/v2\/product_brand?post=1624"},{"taxonomy":"product_cat","embeddable":true,"href":"https:\/\/jnats.eu\/fr\/wp-json\/wp\/v2\/product_cat?post=1624"},{"taxonomy":"product_tag","embeddable":true,"href":"https:\/\/jnats.eu\/fr\/wp-json\/wp\/v2\/product_tag?post=1624"}],"curies":[{"name":"wp","href":"https:\/\/api.w.org\/{rel}","templated":true}]}}