{"id":164,"date":"2024-02-22T18:10:31","date_gmt":"2024-02-22T16:10:31","guid":{"rendered":"http:\/\/jnats.eu\/?post_type=product&#038;p=164"},"modified":"2024-08-18T23:33:41","modified_gmt":"2024-08-18T20:33:41","slug":"nakayama-hondomae-asayo","status":"publish","type":"product","link":"https:\/\/jnats.eu\/fr\/produit-2\/nakayama-hondomae-asayo\/","title":{"rendered":"Nakayama Hondomae Asayo pierre \u00e0 aiguiser naturelle japonaise"},"content":{"rendered":"<p>Les dimensions sont approximatives. 18,5 x 5,6 x 2,1 cm<\/p>\n\n\n\n<p>Poids 640 g (avec support)<\/p>\n\n\n\n<p>Il y aura une petite couche de Merganser dans la pierre, m\u00e9lang\u00e9e \u00e0 une couche de Tomae et de Shikitomae. La finition est proche du Hondo-mae, la texture est bonne et glisse bien, ce qui la rend facile \u00e0 utiliser. Comme il s'agit d'une pierre \u00e0 aiguiser faite de pierre brute, le prix est bas pour la qualit\u00e9. <\/p>\n\n\n\n<p>Elle est fix\u00e9e sur un vieux support. Il s'agit d'une pierre \u00e0 aiguiser de haute qualit\u00e9, donc je pense qu'elle s'amortira d'elle-m\u00eame, m\u00eame si vous y mettez un peu d'effort. Cette pierre \u00e0 aiguiser est douce pour la lame, elle peut donc \u00eatre utilis\u00e9e pour finir les rasoirs, les couteaux et les ciseaux. En cette p\u00e9riode de l'ann\u00e9e, veillez \u00e0 utiliser de l'eau ti\u00e8de, \u00e0 environ 40 degr\u00e9s Celsius, pour obtenir les meilleurs r\u00e9sultats. Je trouve que l'utilisation d'eau froide ne permet pas d'obtenir les meilleures performances de cette pierre \u00e0 aiguiser. <\/p>\n\n\n\n<p>Si vous \u00eates un d\u00e9butant \u00e0 la recherche d'une pierre \u00e0 aiguiser de haute qualit\u00e9 \u00e0 un prix abordable, nous vous recommandons vivement cette pierre \u00e0 aiguiser.<\/p>","protected":false},"excerpt":{"rendered":"<ul>\n<li><strong>Dimensions approx. 18,5 x 5,6 x 2,1 cm<\/strong><\/li>\n<li><strong>Poids : 640 g (avec support)<\/strong><\/li>\n<li><strong>Duret\u00e9 : Lv 4.7<\/strong><\/li>\n<\/ul>\n<p>Pierre de qualit\u00e9 sup\u00e9rieure provenant de la mine Nakayama, qui jouit d'une excellente r\u00e9putation.<\/p>","protected":false},"featured_media":1243,"comment_status":"open","ping_status":"closed","template":"","meta":[],"product_brand":[],"product_cat":[22],"product_tag":[51,49],"class_list":{"0":"post-164","1":"product","2":"type-product","3":"status-publish","4":"has-post-thumbnail","6":"product_cat-jnats","7":"product_tag-hondomae","8":"product_tag-nakayama","9":"product_shipping_class-iprastas","11":"first","12":"outofstock","13":"sale","14":"shipping-taxable","15":"purchasable","16":"product-type-simple"},"_links":{"self":[{"href":"https:\/\/jnats.eu\/fr\/wp-json\/wp\/v2\/product\/164","targetHints":{"allow":["GET"]}}],"collection":[{"href":"https:\/\/jnats.eu\/fr\/wp-json\/wp\/v2\/product"}],"about":[{"href":"https:\/\/jnats.eu\/fr\/wp-json\/wp\/v2\/types\/product"}],"replies":[{"embeddable":true,"href":"https:\/\/jnats.eu\/fr\/wp-json\/wp\/v2\/comments?post=164"}],"wp:featuredmedia":[{"embeddable":true,"href":"https:\/\/jnats.eu\/fr\/wp-json\/wp\/v2\/media\/1243"}],"wp:attachment":[{"href":"https:\/\/jnats.eu\/fr\/wp-json\/wp\/v2\/media?parent=164"}],"wp:term":[{"taxonomy":"product_brand","embeddable":true,"href":"https:\/\/jnats.eu\/fr\/wp-json\/wp\/v2\/product_brand?post=164"},{"taxonomy":"product_cat","embeddable":true,"href":"https:\/\/jnats.eu\/fr\/wp-json\/wp\/v2\/product_cat?post=164"},{"taxonomy":"product_tag","embeddable":true,"href":"https:\/\/jnats.eu\/fr\/wp-json\/wp\/v2\/product_tag?post=164"}],"curies":[{"name":"wp","href":"https:\/\/api.w.org\/{rel}","templated":true}]}}