{"id":1648,"date":"2024-04-16T12:34:16","date_gmt":"2024-04-16T09:34:16","guid":{"rendered":"http:\/\/jnats.eu\/?post_type=product&#038;p=1648"},"modified":"2025-09-25T22:47:52","modified_gmt":"2025-09-25T19:47:52","slug":"blamer-le-couteau-yakutu","status":"publish","type":"product","link":"https:\/\/jnats.eu\/fr\/produit-2\/blamer-le-couteau-yakutu\/","title":{"rendered":"Le couteau yakoute est en cause"},"content":{"rendered":"<p>MEDIA <br>Nos produits sont fabriqu\u00e9s \u00e0 partir d'acier, de cuir et de bois de la plus haute qualit\u00e9. Nous n'utilisons pas non plus de plastique, qui est mauvais pour l'environnement. Nos produits sont donc tr\u00e8s durables, fiables et vous serviront pendant longtemps.<\/p>\n\n\n\n<p> PROCESSUS DE PRODUCTION<br>L'Ukraine a toujours \u00e9t\u00e9 r\u00e9put\u00e9e pour son travail de forge et de trempe des m\u00e9taux, ainsi que pour son artisanat de la sculpture sur bois. Depuis l'\u00e9poque de Kievan Rus', nos artisans ont perfectionn\u00e9 leurs comp\u00e9tences pour fabriquer des produits de la plus haute qualit\u00e9. Nous avons choisi une \u00e9quipe d'artisans et de designers exp\u00e9riment\u00e9s et comp\u00e9tents pour fabriquer nos produits. Tous nos produits sont authentiques et faits \u00e0 la main, et ne sont pas fabriqu\u00e9s dans une usine.<\/p>\n\n\n\n<figure class=\"wp-block-embed is-type-video is-provider-youtube wp-block-embed-youtube wp-embed-aspect-16-9 wp-has-aspect-ratio\"><div class=\"wp-block-embed__wrapper\">\n<div class=\"video-container\"><iframe title=\"Couteau YAKUT forg\u00e9\" width=\"1170\" height=\"658\" src=\"https:\/\/www.youtube.com\/embed\/Hht7zvNtczg?feature=oembed\" frameborder=\"0\" allow=\"accelerometer; autoplay; clipboard-write; encrypted-media; gyroscope; picture-in-picture; web-share\" referrerpolicy=\"strict-origin-when-cross-origin\" allowfullscreen><\/iframe><\/div>\n<\/div><\/figure>","protected":false},"excerpt":{"rendered":"<ul>\n<li>Longueur totale : 223 mm.<\/li>\n<li>Longueur de la lame : 110 mm.<\/li>\n<li>Longueur de la poign\u00e9e : 110 mm.<\/li>\n<li>\u00c9paisseur de la lame : 3,5 mm<\/li>\n<li>Poids du couteau 99 g<\/li>\n<li>Poids avec \u00e9tui 170 g<\/li>\n<li>Acier : SX15SG, duret\u00e9 59-60 HRC<\/li>\n<li>Mat\u00e9riau du manche:Fr\u00eane Capa<\/li>\n<li>Fabriqu\u00e9 en Ukraine<\/li>\n<li>Bo\u00eetier en bois recouvert de cuir v\u00e9ritable.<\/li>\n<\/ul>","protected":false},"featured_media":1653,"comment_status":"open","ping_status":"closed","template":"","meta":[],"product_brand":[],"product_cat":[24],"product_tag":[210,76],"class_list":{"0":"post-1648","1":"product","2":"type-product","3":"status-publish","4":"has-post-thumbnail","6":"product_cat-knifes","7":"product_tag-jakutas","8":"product_tag-peilis","9":"product_shipping_class-iprastas","11":"first","12":"outofstock","13":"sale","14":"shipping-taxable","15":"purchasable","16":"product-type-simple"},"_links":{"self":[{"href":"https:\/\/jnats.eu\/fr\/wp-json\/wp\/v2\/product\/1648","targetHints":{"allow":["GET"]}}],"collection":[{"href":"https:\/\/jnats.eu\/fr\/wp-json\/wp\/v2\/product"}],"about":[{"href":"https:\/\/jnats.eu\/fr\/wp-json\/wp\/v2\/types\/product"}],"replies":[{"embeddable":true,"href":"https:\/\/jnats.eu\/fr\/wp-json\/wp\/v2\/comments?post=1648"}],"wp:featuredmedia":[{"embeddable":true,"href":"https:\/\/jnats.eu\/fr\/wp-json\/wp\/v2\/media\/1653"}],"wp:attachment":[{"href":"https:\/\/jnats.eu\/fr\/wp-json\/wp\/v2\/media?parent=1648"}],"wp:term":[{"taxonomy":"product_brand","embeddable":true,"href":"https:\/\/jnats.eu\/fr\/wp-json\/wp\/v2\/product_brand?post=1648"},{"taxonomy":"product_cat","embeddable":true,"href":"https:\/\/jnats.eu\/fr\/wp-json\/wp\/v2\/product_cat?post=1648"},{"taxonomy":"product_tag","embeddable":true,"href":"https:\/\/jnats.eu\/fr\/wp-json\/wp\/v2\/product_tag?post=1648"}],"curies":[{"name":"wp","href":"https:\/\/api.w.org\/{rel}","templated":true}]}}