{"id":1654,"date":"2024-04-16T12:58:49","date_gmt":"2024-04-16T09:58:49","guid":{"rendered":"http:\/\/jnats.eu\/?post_type=product&#038;p=1654"},"modified":"2026-02-22T14:16:03","modified_gmt":"2026-02-22T12:16:03","slug":"couteau-universel-vanax-37-ironwood","status":"publish","type":"product","link":"https:\/\/jnats.eu\/fr\/produit-2\/couteau-universel-vanax-37-ironwood\/","title":{"rendered":"Couteau universel Kmet Pancuj Vanax 37, Ironwood"},"content":{"rendered":"<p>Uddeholm Vanax (Su\u00e8de) - Acier produit par nitruration en phase solide \u00e0 partir de poudre pulv\u00e9ris\u00e9e. La teneur \u00e9lev\u00e9e en azote garantit une grande r\u00e9sistance \u00e0 l'usure des produits, souvent plusieurs fois sup\u00e9rieure \u00e0 celle d'un acier \"normal\". Les aciers VANAX se caract\u00e9risent par une r\u00e9sistance m\u00e9canique \u00e9lev\u00e9e, une bonne flexibilit\u00e9, une r\u00e9sistance \u00e0 l'abrasion et une r\u00e9sistance \u00e0 la corrosion extr\u00eamement \u00e9lev\u00e9e. Cet acier n'est pas disponible en tant que couteau de s\u00e9rie en raison de la n\u00e9cessit\u00e9 de s\u00e9lectionner le bon traitement thermique, ce qui demande beaucoup de temps, d'\u00e9nergie, de comp\u00e9tences et d'efforts.\u00a0<\/p>\n\n\n\n<figure class=\"wp-block-image size-full\"><img decoding=\"async\" width=\"561\" height=\"755\" src=\"http:\/\/jnats.eu\/wp-content\/uploads\/2024\/04\/stainless-ratings-table2-1.webp\" alt=\"\" class=\"wp-image-1852\" srcset=\"https:\/\/jnats.eu\/wp-content\/uploads\/2024\/04\/stainless-ratings-table2-1.webp 561w, https:\/\/jnats.eu\/wp-content\/uploads\/2024\/04\/stainless-ratings-table2-1-223x300.webp 223w, https:\/\/jnats.eu\/wp-content\/uploads\/2024\/04\/stainless-ratings-table2-1-9x12.webp 9w, https:\/\/jnats.eu\/wp-content\/uploads\/2024\/04\/stainless-ratings-table2-1-441x594.webp 441w, https:\/\/jnats.eu\/wp-content\/uploads\/2024\/04\/stainless-ratings-table2-1-150x202.webp 150w\" sizes=\"(max-width: 561px) 100vw, 561px\" \/><\/figure>\n\n\n\n<p>Utilisations typiques de l'acier :<\/p>\n\n\n\n<ul class=\"wp-block-list\">\n<li>Composants de forme agile n\u00e9cessitant une r\u00e9sistance \u00e9lev\u00e9e \u00e0 la corrosion<\/li>\n\n\n\n<li>Couteaux \u00e0 main<\/li>\n\n\n\n<li>Composants et couteaux pour l'industrie alimentaire<\/li>\n\n\n\n<li>Pi\u00e8ces utilis\u00e9es dans des environnements agressifs<\/li>\n\n\n\n<li>Pi\u00e8ces de machines soumises \u00e0 de fortes contraintes dans des environnements corrosifs<\/li>\n<\/ul>\n\n\n\n<p><br><strong>Composition chimique de l'acier Vanax 37<\/strong><\/p>\n\n\n\n<ul class=\"wp-block-list\">\n<li>C (carbone)-0,36% <\/li>\n\n\n\n<li>Mo (molybd\u00e8ne)-1,05%<\/li>\n\n\n\n<li>Mn (mangan\u00e8se)-0,34%<\/li>\n\n\n\n<li>V (vanadium)-3,38%<\/li>\n\n\n\n<li>Cr (chrome)-18,00%<\/li>\n\n\n\n<li>Si (silicium)-0,35%<\/li>\n\n\n\n<li>N (azote)-1,53%<\/li>\n\n\n\n<li>Ni (nickel)-0,18%<\/li>\n\n\n\n<li>P (phosphore) -0,18%<\/li>\n\n\n\n<li>S (soufre) -0,009%<\/li>\n\n\n\n<li>W (tungst\u00e8ne) -0,06%<\/li>\n\n\n\n<li>Co (cobalt) -0,05%<\/li>\n\n\n\n<li>Cu (cuivre) -0,09%<\/li>\n\n\n\n<li>Al (aluminium) -0,0005%<\/li>\n<\/ul>\n\n\n\n<figure class=\"wp-block-embed is-type-video is-provider-youtube wp-block-embed-youtube wp-embed-aspect-16-9 wp-has-aspect-ratio\"><div class=\"wp-block-embed__wrapper\">\n<div class=\"video-container\"><iframe title=\"Couteau universel Kmet Pancuj Vanax 37, Ironwood\" width=\"1170\" height=\"658\" src=\"https:\/\/www.youtube.com\/embed\/4FYzvMo9BQ8?feature=oembed\" frameborder=\"0\" allow=\"accelerometer; autoplay; clipboard-write; encrypted-media; gyroscope; picture-in-picture; web-share\" referrerpolicy=\"strict-origin-when-cross-origin\" allowfullscreen><\/iframe><\/div>\n<\/div><\/figure>","protected":false},"excerpt":{"rendered":"<ul>\n<li>Longueur de la lame : 130 mm.<\/li>\n<li>Largeur de la lame : 30 mm.<\/li>\n<li>Surface de la lame : sabl\u00e9e<\/li>\n<li>\u00c9paisseur de la lame : 3,0 mm<\/li>\n<li>Acier Vanax 37. Tremp\u00e9 par l&#039;un des meilleurs thermistances de Russie, Alan Balikoev.\u00a0<\/li>\n<li>Le principal avantage de cet acier est sa tr\u00e8s grande r\u00e9sistance \u00e0 la corrosion, mais la plupart des autres aciers en poudre conservent leur tranchant beaucoup plus longtemps.<\/li>\n<li>Duret\u00e9 : 60 HRC<\/li>\n<li>Pentes : droites<\/li>\n<li>Aff\u00fbtage de la lame : 0,3-0,4 mm<\/li>\n<li>Longueur du manche : 120 mm<\/li>\n<li>Installation de la poign\u00e9e : \u00e0 travers<\/li>\n<li>Mat\u00e9riau du manche \"ironwood\" naturel Bois de fer. Naturellement riche en r\u00e9sines, la stabilisation n'est pas n\u00e9cessaire ni m\u00eame possible.<\/li>\n<li>Poids avec \u00e9tui : 250 g<\/li>\n<li>Poids : 163 g<\/li>\n<li>Fabriqu\u00e9 en Russie Kmet<\/li>\n<\/ul>","protected":false},"featured_media":1658,"comment_status":"open","ping_status":"closed","template":"","meta":[],"product_brand":[],"product_cat":[24],"product_tag":[211],"class_list":{"0":"post-1654","1":"product","2":"type-product","3":"status-publish","4":"has-post-thumbnail","6":"product_cat-knifes","7":"product_tag-vanax","8":"product_shipping_class-iprastas","10":"first","11":"outofstock","12":"sale","13":"shipping-taxable","14":"purchasable","15":"product-type-simple"},"_links":{"self":[{"href":"https:\/\/jnats.eu\/fr\/wp-json\/wp\/v2\/product\/1654","targetHints":{"allow":["GET"]}}],"collection":[{"href":"https:\/\/jnats.eu\/fr\/wp-json\/wp\/v2\/product"}],"about":[{"href":"https:\/\/jnats.eu\/fr\/wp-json\/wp\/v2\/types\/product"}],"replies":[{"embeddable":true,"href":"https:\/\/jnats.eu\/fr\/wp-json\/wp\/v2\/comments?post=1654"}],"wp:featuredmedia":[{"embeddable":true,"href":"https:\/\/jnats.eu\/fr\/wp-json\/wp\/v2\/media\/1658"}],"wp:attachment":[{"href":"https:\/\/jnats.eu\/fr\/wp-json\/wp\/v2\/media?parent=1654"}],"wp:term":[{"taxonomy":"product_brand","embeddable":true,"href":"https:\/\/jnats.eu\/fr\/wp-json\/wp\/v2\/product_brand?post=1654"},{"taxonomy":"product_cat","embeddable":true,"href":"https:\/\/jnats.eu\/fr\/wp-json\/wp\/v2\/product_cat?post=1654"},{"taxonomy":"product_tag","embeddable":true,"href":"https:\/\/jnats.eu\/fr\/wp-json\/wp\/v2\/product_tag?post=1654"}],"curies":[{"name":"wp","href":"https:\/\/api.w.org\/{rel}","templated":true}]}}