{"id":1665,"date":"2024-04-16T13:22:53","date_gmt":"2024-04-16T10:22:53","guid":{"rendered":"http:\/\/jnats.eu\/?post_type=product&#038;p=1665"},"modified":"2024-07-24T11:05:08","modified_gmt":"2024-07-24T08:05:08","slug":"couteau-de-chasse-ecorcheur-cpm110v","status":"publish","type":"product","link":"https:\/\/jnats.eu\/fr\/produit-2\/couteau-de-chasse-ecorcheur-cpm110v\/","title":{"rendered":"Couteau de chasse Skineris CPM s110v"},"content":{"rendered":"<figure class=\"wp-block-embed is-type-video is-provider-youtube wp-block-embed-youtube wp-embed-aspect-16-9 wp-has-aspect-ratio\"><div class=\"wp-block-embed__wrapper\">\n<div class=\"video-container\"><iframe title=\"Couteau de chasse Skinner CPM110V\" width=\"1170\" height=\"658\" src=\"https:\/\/www.youtube.com\/embed\/ozYnW_Wzp44?feature=oembed\" frameborder=\"0\" allow=\"accelerometer; autoplay; clipboard-write; encrypted-media; gyroscope; picture-in-picture; web-share\" referrerpolicy=\"strict-origin-when-cross-origin\" allowfullscreen><\/iframe><\/div>\n<\/div><\/figure>\n\n\n\n<p>Le S110V est un acier tr\u00e8s int\u00e9ressant en raison des innovations apport\u00e9es \u00e0 son d\u00e9veloppement, notamment le niobium pour am\u00e9liorer la structure du carbure et la r\u00e9sistance \u00e0 la corrosion, et le cobalt pour garantir qu&#039;il puisse \u00eatre trait\u00e9 thermiquement malgr\u00e9 son excellente r\u00e9sistance \u00e0 la corrosion. L&#039;acier poss\u00e8de de bonnes propri\u00e9t\u00e9s, notamment une longue conservation du tranchant et une r\u00e9sistance \u00e0 la corrosion, ainsi qu&#039;une duret\u00e9 ad\u00e9quate. Les S110V et S90V sont les aciers inoxydables pr\u00e9f\u00e9r\u00e9s de nombreux chasseurs en raison de leur tr\u00e8s bonne r\u00e9tention du tranchant et de leur coupe agressive.<\/p>\n\n\n\n<figure class=\"wp-block-image size-full is-resized\"><img decoding=\"async\" width=\"752\" height=\"452\" src=\"http:\/\/jnats.eu\/wp-content\/uploads\/2024\/04\/M398-toughness-edge-retention-balance.webp\" alt=\"\" class=\"wp-image-1666\" style=\"width:900px;height:auto\" srcset=\"https:\/\/jnats.eu\/wp-content\/uploads\/2024\/04\/M398-toughness-edge-retention-balance.webp 752w, https:\/\/jnats.eu\/wp-content\/uploads\/2024\/04\/M398-toughness-edge-retention-balance-300x180.webp 300w, https:\/\/jnats.eu\/wp-content\/uploads\/2024\/04\/M398-toughness-edge-retention-balance-18x12.webp 18w, https:\/\/jnats.eu\/wp-content\/uploads\/2024\/04\/M398-toughness-edge-retention-balance-441x265.webp 441w, https:\/\/jnats.eu\/wp-content\/uploads\/2024\/04\/M398-toughness-edge-retention-balance-600x361.webp 600w, https:\/\/jnats.eu\/wp-content\/uploads\/2024\/04\/M398-toughness-edge-retention-balance-150x90.webp 150w\" sizes=\"(max-width: 752px) 100vw, 752px\" \/><\/figure>\n\n\n\n<figure class=\"wp-block-embed is-type-wp-embed is-provider-knife-steel-nerds wp-block-embed-knife-steel-nerds\"><div class=\"wp-block-embed__wrapper\">\n<div class=\"video-container\"><blockquote class=\"wp-embedded-content\" data-secret=\"4V3dJab2Pm\"><a href=\"https:\/\/knifesteelnerds.com\/2020\/11\/23\/cpm-s110v-steel-history-and-properties\/\">Acier CPM-S110V - Histoire et propri\u00e9t\u00e9s<\/a><\/blockquote><iframe class=\"wp-embedded-content\" sandbox=\"allow-scripts\" security=\"restricted\" style=\"position: absolute; clip: rect(1px, 1px, 1px, 1px);\" title=\"&quot;Acier CPM-S110V - Histoire et propri\u00e9t\u00e9s&quot; - Knife Steel Nerds\" src=\"https:\/\/knifesteelnerds.com\/2020\/11\/23\/cpm-s110v-steel-history-and-properties\/embed\/#?secret=vHuqxkcbBg#?secret=4V3dJab2Pm\" data-secret=\"4V3dJab2Pm\" width=\"600\" height=\"338\" frameborder=\"0\" marginwidth=\"0\" marginheight=\"0\" scrolling=\"no\"><\/iframe><\/div>\n<\/div><\/figure>","protected":false},"excerpt":{"rendered":"<ul>\n<li>Longueur de la lame : 122 mm.<\/li>\n<li>Largeur de la lame : 31 mm.<\/li>\n<li>Surface de la lame : polie<\/li>\n<li>\u00c9paisseur de la lame (acier) : 3,6 mm.<\/li>\n<li>Plancher : droit<\/li>\n<li>Avance de la lame : 0,3-0,4 mm.<\/li>\n<li>Longueur du manche : 125 mm. Hauteur 32 mm. \u00c9paisseur 18 mm (plus \u00e9troit que &quot;standard&quot;)<\/li>\n<li>Installation de la poign\u00e9e\u00a0: plant\u00e9e<\/li>\n<li>Mat\u00e9riau du manche : dent de mammouth, noyer du Caucase stabilis\u00e9.<\/li>\n<li>Acier : CPM s110v. Duret\u00e9 : 63 HRC. Elle a \u00e9t\u00e9 temp\u00e9r\u00e9e par l&#039;un des meilleurs thermistes de Russie, Alan Balikoev. Les couteaux de s\u00e9rie ne sont pas fabriqu\u00e9s \u00e0 partir d&#039;un tel acier, car il est difficile \u00e0 traiter et il est n\u00e9cessaire de choisir le bon traitement thermique, ce qui n\u00e9cessite beaucoup de temps, d&#039;\u00e9nergie, de comp\u00e9tence et d&#039;efforts.\u00a0\u00a0<\/li>\n<li>Le principal avantage de cet acier est sa tr\u00e8s bonne r\u00e9tention du tranchant et sa r\u00e9sistance \u00e0 la corrosion.<\/li>\n<li>Poids avec \u00e9tui : 250 g<\/li>\n<li>Poids : 139 g<\/li>\n<li>\u00c9tui en cuir v\u00e9ritable<\/li>\n<li>Fabriqu\u00e9 en Russie, Ma\u00eetre : Jakov Shishkin<\/li>\n<\/ul>","protected":false},"featured_media":1672,"comment_status":"open","ping_status":"closed","template":"","meta":[],"product_brand":[],"product_cat":[24],"product_tag":[212,75,213],"class_list":{"0":"post-1665","1":"product","2":"type-product","3":"status-publish","4":"has-post-thumbnail","6":"product_cat-knifes","7":"product_tag-cpm110v","8":"product_tag-medzioklinis-peilis","9":"product_tag-skineris","10":"product_shipping_class-iprastas","12":"first","13":"outofstock","14":"sale","15":"shipping-taxable","16":"purchasable","17":"product-type-simple"},"_links":{"self":[{"href":"https:\/\/jnats.eu\/fr\/wp-json\/wp\/v2\/product\/1665","targetHints":{"allow":["GET"]}}],"collection":[{"href":"https:\/\/jnats.eu\/fr\/wp-json\/wp\/v2\/product"}],"about":[{"href":"https:\/\/jnats.eu\/fr\/wp-json\/wp\/v2\/types\/product"}],"replies":[{"embeddable":true,"href":"https:\/\/jnats.eu\/fr\/wp-json\/wp\/v2\/comments?post=1665"}],"wp:featuredmedia":[{"embeddable":true,"href":"https:\/\/jnats.eu\/fr\/wp-json\/wp\/v2\/media\/1672"}],"wp:attachment":[{"href":"https:\/\/jnats.eu\/fr\/wp-json\/wp\/v2\/media?parent=1665"}],"wp:term":[{"taxonomy":"product_brand","embeddable":true,"href":"https:\/\/jnats.eu\/fr\/wp-json\/wp\/v2\/product_brand?post=1665"},{"taxonomy":"product_cat","embeddable":true,"href":"https:\/\/jnats.eu\/fr\/wp-json\/wp\/v2\/product_cat?post=1665"},{"taxonomy":"product_tag","embeddable":true,"href":"https:\/\/jnats.eu\/fr\/wp-json\/wp\/v2\/product_tag?post=1665"}],"curies":[{"name":"wp","href":"https:\/\/api.w.org\/{rel}","templated":true}]}}