{"id":1697,"date":"2024-04-17T08:43:17","date_gmt":"2024-04-17T05:43:17","guid":{"rendered":"http:\/\/jnats.eu\/?post_type=product&#038;p=1697"},"modified":"2024-04-20T20:25:47","modified_gmt":"2024-04-20T17:25:47","slug":"couteau-interoculaire-bohler-s390","status":"publish","type":"product","link":"https:\/\/jnats.eu\/fr\/produit-2\/couteau-interoculaire-bohler-s390\/","title":{"rendered":"Couteau de chasse Kmet Klyk Bohler S390"},"content":{"rendered":"<figure class=\"wp-block-embed is-type-video is-provider-youtube wp-block-embed-youtube wp-embed-aspect-16-9 wp-has-aspect-ratio\"><div class=\"wp-block-embed__wrapper\">\n<div class=\"video-container\"><iframe title=\"Couteau de chasse Kmet Klyk Bohler S390\" width=\"1170\" height=\"658\" src=\"https:\/\/www.youtube.com\/embed\/QKNgcgKUPKQ?feature=oembed\" frameborder=\"0\" allow=\"accelerometer; autoplay; clipboard-write; encrypted-media; gyroscope; picture-in-picture; web-share\" referrerpolicy=\"strict-origin-when-cross-origin\" allowfullscreen><\/iframe><\/div>\n<\/div><\/figure>\n\n\n\n<p>BOHLER S390 MICROCLEAN est un acier \u00e0 haute vitesse produit par m\u00e9tallurgie des poudres avec une bonne duret\u00e9 de travail, une bonne r\u00e9sistance \u00e0 l'abrasion et une bonne r\u00e9sistance \u00e0 la compression. La technologie de la m\u00e9tallurgie des poudres conf\u00e8re \u00e9galement au mat\u00e9riau une duret\u00e9 et une usinabilit\u00e9 excellentes, telles que la facilit\u00e9 de meulage. BOHLER S390 est utilis\u00e9 dans la fabrication de : fraises, plaques chauffantes, tous types d'\u00e9crous, tarauds, forets h\u00e9lico\u00efdaux, lurkers, vis, lames de scie bim\u00e9talliques.<\/p>\n\n\n\n<p><strong>Composition chimique de l'acier BOHLER S390<\/strong><\/p>\n\n\n\n<p>C (carbone) - 1,60 % Mo (molybd\u00e8ne) - 2,00 % Co (cobalt) - 8,00 %<br>Cr (chrome)-4,80% W (tungst\u00e8ne)-10,50% V (vanadium)-5,00%<\/p>","protected":false},"excerpt":{"rendered":"<p><!-- wp:list --><\/p>\n<ul><!-- wp:list-item --><\/p>\n<li>Longueur de la lame : 120 mm.<\/li>\n<p><!-- \/wp:list-item --> <!-- wp:list-item --><\/p>\n<li>Largeur de la lame : 28 mm.<\/li>\n<p><!-- \/wp:list-item --> <!-- wp:list-item --><\/p>\n<li>Surface de la lame : chrome poli sabl\u00e9<\/li>\n<p><!-- \/wp:list-item --> <!-- wp:list-item --><\/p>\n<li>\u00c9paisseur de la lame : 3,0 mm<\/li>\n<p><!-- \/wp:list-item --> <!-- wp:list-item --><\/p>\n<li>Acier BOHLER S390 MICROCLEAN. L'un des plus robustes \u00e0 tous points de vue : excellente tenue de la lame, tranchant maximal. Le seul inconv\u00e9nient est peut-\u00eatre la faible r\u00e9sistance \u00e0 la corrosion, mais ce couteau r\u00e9sout ce probl\u00e8me en rev\u00eatant la lame de chrome. Bien s\u00fbr, la lame n'est pas aussi prot\u00e9g\u00e9e, nous ne recommandons donc pas de laisser le couteau mouill\u00e9.<\/li>\n<p><!-- \/wp:list-item --> <!-- wp:list-item --><\/p>\n<li><strong>Duret\u00e9 : 68 HRC !<\/strong><\/li>\n<p><!-- \/wp:list-item --> <!-- wp:list-item --><\/p>\n<li>Pentes : droites<\/li>\n<p><!-- \/wp:list-item --> <!-- wp:list-item --><\/p>\n<li>Avance de la lame : 0,3-0,4 mm.<\/li>\n<p><!-- \/wp:list-item --> <!-- wp:list-item --><\/p>\n<li>Longueur de la poign\u00e9e : 120 mm.<\/li>\n<p><!-- \/wp:list-item --> <!-- wp:list-item --><\/p>\n<li>Installation de la poign\u00e9e : \u00e0 travers<\/li>\n<p><!-- \/wp:list-item --> <!-- wp:list-item --><\/p>\n<li>Mat\u00e9riau du manche : bouleau de Car\u00e9lie stabilis\u00e9.<\/li>\n<p><!-- \/wp:list-item --> <!-- wp:list-item --><\/p>\n<li>Poids avec \u00e9tui : 272 g<\/li>\n<p><!-- \/wp:list-item --> <!-- wp:list-item --><\/p>\n<li>Poids : 185 g<\/li>\n<p><!-- \/wp:list-item --> <!-- wp:list-item --><\/p>\n<li>\u00c9tui en cuir v\u00e9ritable<\/li>\n<p><!-- \/wp:list-item --> <!-- wp:list-item --><\/p>\n<li>Fabriqu\u00e9 en Russie Kmet<\/li>\n<p><!-- \/wp:list-item --><\/ul>\n<p><!-- \/wp:list --><\/p>","protected":false},"featured_media":1698,"comment_status":"open","ping_status":"closed","template":"","meta":[],"product_brand":[],"product_cat":[24],"product_tag":[215,216],"class_list":{"0":"post-1697","1":"product","2":"type-product","3":"status-publish","4":"has-post-thumbnail","6":"product_cat-knifes","7":"product_tag-kmet","8":"product_tag-s390","9":"product_shipping_class-iprastas","11":"first","12":"outofstock","13":"shipping-taxable","14":"purchasable","15":"product-type-simple"},"_links":{"self":[{"href":"https:\/\/jnats.eu\/fr\/wp-json\/wp\/v2\/product\/1697","targetHints":{"allow":["GET"]}}],"collection":[{"href":"https:\/\/jnats.eu\/fr\/wp-json\/wp\/v2\/product"}],"about":[{"href":"https:\/\/jnats.eu\/fr\/wp-json\/wp\/v2\/types\/product"}],"replies":[{"embeddable":true,"href":"https:\/\/jnats.eu\/fr\/wp-json\/wp\/v2\/comments?post=1697"}],"wp:featuredmedia":[{"embeddable":true,"href":"https:\/\/jnats.eu\/fr\/wp-json\/wp\/v2\/media\/1698"}],"wp:attachment":[{"href":"https:\/\/jnats.eu\/fr\/wp-json\/wp\/v2\/media?parent=1697"}],"wp:term":[{"taxonomy":"product_brand","embeddable":true,"href":"https:\/\/jnats.eu\/fr\/wp-json\/wp\/v2\/product_brand?post=1697"},{"taxonomy":"product_cat","embeddable":true,"href":"https:\/\/jnats.eu\/fr\/wp-json\/wp\/v2\/product_cat?post=1697"},{"taxonomy":"product_tag","embeddable":true,"href":"https:\/\/jnats.eu\/fr\/wp-json\/wp\/v2\/product_tag?post=1697"}],"curies":[{"name":"wp","href":"https:\/\/api.w.org\/{rel}","templated":true}]}}