{"id":170,"date":"2024-02-22T18:22:46","date_gmt":"2024-02-22T16:22:46","guid":{"rendered":"http:\/\/jnats.eu\/?post_type=product&#038;p=170"},"modified":"2025-01-21T22:07:56","modified_gmt":"2025-01-21T20:07:56","slug":"norton-oilstone-mb-8","status":"publish","type":"product","link":"https:\/\/jnats.eu\/fr\/produit-2\/norton-oilstone-mb-8\/","title":{"rendered":"Pierre \u00e0 huile moyenne Norton vintage MB-8"},"content":{"rendered":"<p>Pierre \u00e0 huile Norton MB-8 d'\u00e9poque. Impr\u00e9gn\u00e9e d'huile, compl\u00e8tement inutilis\u00e9e, fabriqu\u00e9e aux Etats-Unis. Les mod\u00e8les modernes sont fabriqu\u00e9s au Mexique. Travaill\u00e9e avec de la graisse. Tr\u00e8s bonne tenue de forme et pierre dure \u00e0 travail rapide, grain 320.<\/p>\n\n\n\n<p>Dimensions : 8x2x1 pouces<\/p>\n\n\n\n<figure class=\"wp-block-embed is-type-video is-provider-youtube wp-block-embed-youtube wp-embed-aspect-16-9 wp-has-aspect-ratio\"><div class=\"wp-block-embed__wrapper\">\n<div class=\"video-container\"><iframe title=\"Pierres \u00e0 aiguiser Norton India Medium et Jnat Natsuya vintage\" width=\"1170\" height=\"658\" src=\"https:\/\/www.youtube.com\/embed\/BdLMRBCWreg?feature=oembed\" frameborder=\"0\" allow=\"accelerometer; autoplay; clipboard-write; encrypted-media; gyroscope; picture-in-picture; web-share\" referrerpolicy=\"strict-origin-when-cross-origin\" allowfullscreen><\/iframe><\/div>\n<\/div><\/figure>","protected":false},"excerpt":{"rendered":"<ul>\n<li>Une tr\u00e8s bonne pierre dure qui se fa\u00e7onne et se travaille rapidement.<\/li>\n<li>Grain moyen 320<\/li>\n<li>Dimensions : 8x2x1 pouces<\/li>\n<\/ul>","protected":false},"featured_media":173,"comment_status":"open","ping_status":"closed","template":"","meta":[],"product_brand":[],"product_cat":[290],"product_tag":[52,53],"class_list":{"0":"post-170","1":"product","2":"type-product","3":"status-publish","4":"has-post-thumbnail","6":"product_cat-whetstones","7":"product_tag-norton","8":"product_tag-oilstone","9":"product_shipping_class-iprastas","11":"first","12":"outofstock","13":"sale","14":"shipping-taxable","15":"purchasable","16":"product-type-simple"},"_links":{"self":[{"href":"https:\/\/jnats.eu\/fr\/wp-json\/wp\/v2\/product\/170","targetHints":{"allow":["GET"]}}],"collection":[{"href":"https:\/\/jnats.eu\/fr\/wp-json\/wp\/v2\/product"}],"about":[{"href":"https:\/\/jnats.eu\/fr\/wp-json\/wp\/v2\/types\/product"}],"replies":[{"embeddable":true,"href":"https:\/\/jnats.eu\/fr\/wp-json\/wp\/v2\/comments?post=170"}],"wp:featuredmedia":[{"embeddable":true,"href":"https:\/\/jnats.eu\/fr\/wp-json\/wp\/v2\/media\/173"}],"wp:attachment":[{"href":"https:\/\/jnats.eu\/fr\/wp-json\/wp\/v2\/media?parent=170"}],"wp:term":[{"taxonomy":"product_brand","embeddable":true,"href":"https:\/\/jnats.eu\/fr\/wp-json\/wp\/v2\/product_brand?post=170"},{"taxonomy":"product_cat","embeddable":true,"href":"https:\/\/jnats.eu\/fr\/wp-json\/wp\/v2\/product_cat?post=170"},{"taxonomy":"product_tag","embeddable":true,"href":"https:\/\/jnats.eu\/fr\/wp-json\/wp\/v2\/product_tag?post=170"}],"curies":[{"name":"wp","href":"https:\/\/api.w.org\/{rel}","templated":true}]}}