{"id":1733,"date":"2024-04-18T10:05:17","date_gmt":"2024-04-18T07:05:17","guid":{"rendered":"http:\/\/jnats.eu\/?post_type=product&#038;p=1733"},"modified":"2025-10-05T11:12:26","modified_gmt":"2025-10-05T08:12:26","slug":"shoubu-karasu-suita","status":"publish","type":"product","link":"https:\/\/jnats.eu\/fr\/produit-2\/shoubu-karasu-suita\/","title":{"rendered":"Suite Shoubu Karasu"},"content":{"rendered":"<p>Cette pierre est facile \u00e0 utiliser et est id\u00e9ale pour la finition des rasoirs, le polissage et l'aiguisage des couteaux de cuisine. Elle est rapide et laisse une ligne de kasumi contrast\u00e9e. Sa grande surface la rend id\u00e9ale pour l'aiguisage et le polissage.<\/p>\n\n\n\n<p>Cette pierre est gris clair avec beaucoup de mouchetures karastiques et de fines lignes d'or s\u00fbres. Il y a \u00e9galement quelques taches de namazu.<\/p>\n\n\n\n<figure class=\"wp-block-embed is-type-video is-provider-youtube wp-block-embed-youtube wp-embed-aspect-16-9 wp-has-aspect-ratio\"><div class=\"wp-block-embed__wrapper\">\n<div class=\"video-container\"><iframe title=\"Kasumi termine sur Jnats : Ohira, Nisshoyama Naikumo Suita, Shobudani Karasu\" width=\"1170\" height=\"658\" src=\"https:\/\/www.youtube.com\/embed\/EufKzrz4gFs?start=910&#038;feature=oembed\" frameborder=\"0\" allow=\"accelerometer; autoplay; clipboard-write; encrypted-media; gyroscope; picture-in-picture; web-share\" referrerpolicy=\"strict-origin-when-cross-origin\" allowfullscreen><\/iframe><\/div>\n<\/div><\/figure>\n\n\n\n<p><strong>Shobu (\u83d6\u84b2\u8c37, Shobudani, Shoubu)<\/strong><br>Mine orientale, r\u00e9put\u00e9e pour la qualit\u00e9 de ses pierres \u00e0 aiguiser. Bien que cette mine ne soit pas aussi r\u00e9put\u00e9e que Ohira ou Nakayama en Occident, les pierres qui en proviennent sont g\u00e9n\u00e9ralement de tr\u00e8s bonne qualit\u00e9. Les prix de gros du Shoubu sont parmi les plus \u00e9lev\u00e9s de toutes les pierres.<\/p>","protected":false},"excerpt":{"rendered":"<ul>\n<li>Convient pour la finition des rasoirs, des couteaux, des ciseaux, des outils de menuiserie et autres.<\/li>\n<li>Dimensions : 180x110x30 mm<\/li>\n<li>Poids : 1475 g<\/li>\n<li>Duret\u00e9 : Lv 5<\/li>\n<li>Surface pr\u00eate \u00e0 l'emploi. Certains coins n'ont pas \u00e9t\u00e9 enti\u00e8rement liss\u00e9s.<\/li>\n<li>Les lignes sont s\u00e9curis\u00e9es.<\/li>\n<li>Il est recommand\u00e9 de travailler avec de l'eau chaude, car l'eau froide nuit \u00e0 la rapidit\u00e9 et \u00e0 la r\u00e9activit\u00e9.<\/li>\n<\/ul>","protected":false},"featured_media":1744,"comment_status":"open","ping_status":"closed","template":"","meta":[],"product_brand":[],"product_cat":[22],"product_tag":[57,219,44,218,50,220],"class_list":{"0":"post-1733","1":"product","2":"type-product","3":"status-publish","4":"has-post-thumbnail","6":"product_cat-jnats","7":"product_tag-karasu","8":"product_tag-shobu","9":"product_tag-shobudani","10":"product_tag-shoubu","11":"product_tag-suita","12":"product_tag-220","13":"product_shipping_class-iprastas","15":"first","16":"outofstock","17":"shipping-taxable","18":"purchasable","19":"product-type-simple"},"_links":{"self":[{"href":"https:\/\/jnats.eu\/fr\/wp-json\/wp\/v2\/product\/1733","targetHints":{"allow":["GET"]}}],"collection":[{"href":"https:\/\/jnats.eu\/fr\/wp-json\/wp\/v2\/product"}],"about":[{"href":"https:\/\/jnats.eu\/fr\/wp-json\/wp\/v2\/types\/product"}],"replies":[{"embeddable":true,"href":"https:\/\/jnats.eu\/fr\/wp-json\/wp\/v2\/comments?post=1733"}],"wp:featuredmedia":[{"embeddable":true,"href":"https:\/\/jnats.eu\/fr\/wp-json\/wp\/v2\/media\/1744"}],"wp:attachment":[{"href":"https:\/\/jnats.eu\/fr\/wp-json\/wp\/v2\/media?parent=1733"}],"wp:term":[{"taxonomy":"product_brand","embeddable":true,"href":"https:\/\/jnats.eu\/fr\/wp-json\/wp\/v2\/product_brand?post=1733"},{"taxonomy":"product_cat","embeddable":true,"href":"https:\/\/jnats.eu\/fr\/wp-json\/wp\/v2\/product_cat?post=1733"},{"taxonomy":"product_tag","embeddable":true,"href":"https:\/\/jnats.eu\/fr\/wp-json\/wp\/v2\/product_tag?post=1733"}],"curies":[{"name":"wp","href":"https:\/\/api.w.org\/{rel}","templated":true}]}}