{"id":174,"date":"2024-02-23T13:40:14","date_gmt":"2024-02-23T11:40:14","guid":{"rendered":"http:\/\/jnats.eu\/?post_type=product&#038;p=174"},"modified":"2026-03-07T15:13:53","modified_gmt":"2026-03-07T13:13:53","slug":"nos-rasoirs-vintage-leur-issard","status":"publish","type":"product","link":"https:\/\/jnats.eu\/fr\/produit-2\/nos-rasoirs-vintage-leur-issard\/","title":{"rendered":"NOS Rasoirs vintage Thiers Issard 69"},"content":{"rendered":"<p>Les rasoirs vintage Thiers Issard sont un symbole de style intemporel et de haute qualit\u00e9. Cr\u00e9\u00e9s par des artisans fran\u00e7ais attach\u00e9s au savoir-faire et \u00e0 la tradition, ces rasoirs uniques garantissent non seulement un rasage parfait, mais aussi un design exceptionnel.<\/p>\n\n\n\n<p>Les rasoirs sont fabriqu\u00e9s en acier de haute qualit\u00e9, ce qui garantit une durabilit\u00e9 et une excellente nettet\u00e9 de la lame. Leurs poign\u00e9es en polym\u00e8re de haute qualit\u00e9 offrent non seulement un confort \u00e0 la main, mais refl\u00e8tent \u00e9galement le luxe et l&#039;\u00e9l\u00e9gance.<\/p>\n\n\n\n<p>Les rasoirs vintage Thiers Issard sont un excellent choix aussi bien pour les amateurs de rasoirs exp\u00e9riment\u00e9s que pour ceux qui appr\u00e9cient un style classique. Chaque rasoir pr\u00e9sente une gravure unique ou un design de poign\u00e9e exclusif qui met l&#039;accent sur le luxe et l&#039;individualit\u00e9.<\/p>\n\n\n\n<p>Ces rasoirs vous permettent non seulement d'obtenir un rasage impeccable, mais aussi d'ajouter un \u00e9l\u00e9ment de style \u00e0 votre routine d'hygi\u00e8ne personnelle. Plus qu'un simple outil, les rasoirs vintage Thiers Issard sont un art qui enrichira votre quotidien d'une touche fran\u00e7aise classique.<\/p>\n\n\n\n<figure class=\"wp-block-embed is-type-video is-provider-youtube wp-block-embed-youtube wp-embed-aspect-16-9 wp-has-aspect-ratio\"><div class=\"wp-block-embed__wrapper\">\n<div class=\"video-container\"><iframe title=\"NOS Vintage Straight Razors Thiers Issard 69\" width=\"1170\" height=\"658\" src=\"https:\/\/www.youtube.com\/embed\/ku67DxuOxHI?feature=oembed\" frameborder=\"0\" allow=\"accelerometer; autoplay; clipboard-write; encrypted-media; gyroscope; picture-in-picture; web-share\" referrerpolicy=\"strict-origin-when-cross-origin\" allowfullscreen><\/iframe><\/div>\n<\/div><\/figure>","protected":false},"excerpt":{"rendered":"<p>NOS (Nouveau stock ancien) Thiers Issard 69 inutilis\u00e9 et autres rasoirs vintage avec \u00e9tuis en cuir. Il est c\u00e9l\u00e8bre pour son rasage doux et surpasse largement ses homologues modernes. Il y a des signes de corrosion sur les dos, mais toutes les lames sont compl\u00e8tement intactes, il n&#039;y aura donc aucun probl\u00e8me d&#039;aff\u00fbtage et d&#039;utilisation. La m\u00e9canique et la g\u00e9om\u00e9trie sont impeccables. Regardez attentivement les photos, vid\u00e9os et choisissez l&#039;option souhait\u00e9e parmi les 14 disponibles.<\/p>\n<p>Si vous ne voyez pas un article r\u00e9pertori\u00e9, cela signifie qu&#039;il est vendu.<\/p>","protected":false},"featured_media":175,"comment_status":"open","ping_status":"closed","template":"","meta":[],"product_brand":[],"product_cat":[23],"product_tag":[55,160,54],"class_list":{"0":"post-174","1":"product","2":"type-product","3":"status-publish","4":"has-post-thumbnail","6":"product_cat-razors","7":"product_tag-nos","8":"product_tag-skustuvai","9":"product_tag-thier-issard","10":"product_shipping_class-light","12":"first","13":"instock","14":"sale","15":"sold-individually","16":"shipping-taxable","17":"purchasable","18":"product-type-variable"},"_links":{"self":[{"href":"https:\/\/jnats.eu\/fr\/wp-json\/wp\/v2\/product\/174","targetHints":{"allow":["GET"]}}],"collection":[{"href":"https:\/\/jnats.eu\/fr\/wp-json\/wp\/v2\/product"}],"about":[{"href":"https:\/\/jnats.eu\/fr\/wp-json\/wp\/v2\/types\/product"}],"replies":[{"embeddable":true,"href":"https:\/\/jnats.eu\/fr\/wp-json\/wp\/v2\/comments?post=174"}],"wp:featuredmedia":[{"embeddable":true,"href":"https:\/\/jnats.eu\/fr\/wp-json\/wp\/v2\/media\/175"}],"wp:attachment":[{"href":"https:\/\/jnats.eu\/fr\/wp-json\/wp\/v2\/media?parent=174"}],"wp:term":[{"taxonomy":"product_brand","embeddable":true,"href":"https:\/\/jnats.eu\/fr\/wp-json\/wp\/v2\/product_brand?post=174"},{"taxonomy":"product_cat","embeddable":true,"href":"https:\/\/jnats.eu\/fr\/wp-json\/wp\/v2\/product_cat?post=174"},{"taxonomy":"product_tag","embeddable":true,"href":"https:\/\/jnats.eu\/fr\/wp-json\/wp\/v2\/product_tag?post=174"}],"curies":[{"name":"wp","href":"https:\/\/api.w.org\/{rel}","templated":true}]}}