{"id":1757,"date":"2024-04-18T15:49:49","date_gmt":"2024-04-18T12:49:49","guid":{"rendered":"http:\/\/jnats.eu\/?post_type=product&#038;p=1757"},"modified":"2024-11-26T17:19:38","modified_gmt":"2024-11-26T15:19:38","slug":"nishi-makoto-yama-osaka-selection-speciale-miniere-yamagoto","status":"publish","type":"product","link":"https:\/\/jnats.eu\/fr\/produit-2\/nishi-makoto-yama-osaka-selection-speciale-miniere-yamagoto\/","title":{"rendered":"Nishi Makoto Yama Osaka mining special selection Yamagoto"},"content":{"rendered":"<ul class=\"wp-block-list\">\n<li>Convient pour la finition des rasoirs, des couteaux, des ciseaux, des outils de menuiserie et autres.<\/li>\n\n\n\n<li>Dimensions : 203x75x32 mm<\/li>\n\n\n\n<li>Poids : 1230g<\/li>\n\n\n\n<li>Duret\u00e9 : Lv 4<\/li>\n\n\n\n<li>Neuf, stock\u00e9 longtemps, donc la bo\u00eete est us\u00e9e.<\/li>\n\n\n\n<li>La surface est pr\u00eate \u00e0 travailler.\u00a0<\/li>\n\n\n\n<li>Il est recommand\u00e9 de travailler avec de l'eau chaude, car l'eau froide nuit \u00e0 la rapidit\u00e9 et \u00e0 la r\u00e9activit\u00e9.<\/li>\n<\/ul>\n\n\n\n<p><br><\/p>","protected":false},"excerpt":{"rendered":"<ul>\n<li>Convient pour la finition des rasoirs, des couteaux, des ciseaux, des outils de menuiserie et autres.<\/li>\n<li>Dimensions : 203x75x32 mm<\/li>\n<li>Poids : 1230g<\/li>\n<li>Duret\u00e9 : Lv 4<\/li>\n<li>Neuf, stock\u00e9 longtemps.<\/li>\n<li>La surface est pr\u00eate \u00e0 travailler.<\/li>\n<li>Il est recommand\u00e9 de travailler avec de l'eau chaude, car l'eau froide nuit \u00e0 la rapidit\u00e9 et \u00e0 la r\u00e9activit\u00e9.<\/li>\n<\/ul>","protected":false},"featured_media":1759,"comment_status":"open","ping_status":"closed","template":"","meta":[],"product_brand":[],"product_cat":[22],"product_tag":[221,222],"class_list":{"0":"post-1757","1":"product","2":"type-product","3":"status-publish","4":"has-post-thumbnail","6":"product_cat-jnats","7":"product_tag-nishi","8":"product_tag-yamagoto","9":"product_shipping_class-iprastas","11":"first","12":"outofstock","13":"shipping-taxable","14":"purchasable","15":"product-type-simple"},"_links":{"self":[{"href":"https:\/\/jnats.eu\/fr\/wp-json\/wp\/v2\/product\/1757","targetHints":{"allow":["GET"]}}],"collection":[{"href":"https:\/\/jnats.eu\/fr\/wp-json\/wp\/v2\/product"}],"about":[{"href":"https:\/\/jnats.eu\/fr\/wp-json\/wp\/v2\/types\/product"}],"replies":[{"embeddable":true,"href":"https:\/\/jnats.eu\/fr\/wp-json\/wp\/v2\/comments?post=1757"}],"wp:featuredmedia":[{"embeddable":true,"href":"https:\/\/jnats.eu\/fr\/wp-json\/wp\/v2\/media\/1759"}],"wp:attachment":[{"href":"https:\/\/jnats.eu\/fr\/wp-json\/wp\/v2\/media?parent=1757"}],"wp:term":[{"taxonomy":"product_brand","embeddable":true,"href":"https:\/\/jnats.eu\/fr\/wp-json\/wp\/v2\/product_brand?post=1757"},{"taxonomy":"product_cat","embeddable":true,"href":"https:\/\/jnats.eu\/fr\/wp-json\/wp\/v2\/product_cat?post=1757"},{"taxonomy":"product_tag","embeddable":true,"href":"https:\/\/jnats.eu\/fr\/wp-json\/wp\/v2\/product_tag?post=1757"}],"curies":[{"name":"wp","href":"https:\/\/api.w.org\/{rel}","templated":true}]}}