{"id":1777,"date":"2024-04-18T16:02:45","date_gmt":"2024-04-18T13:02:45","guid":{"rendered":"http:\/\/jnats.eu\/?post_type=product&#038;p=1777"},"modified":"2024-06-29T15:55:34","modified_gmt":"2024-06-29T12:55:34","slug":"shobudani-karasu-suite-3","status":"publish","type":"product","link":"https:\/\/jnats.eu\/fr\/produit-2\/shobudani-karasu-suite-3\/","title":{"rendered":"Suite Shobudani Karasu"},"content":{"rendered":"<p>Cette pierre est facile \u00e0 utiliser et est id\u00e9ale pour la finition des rasoirs, le polissage et l'aiguisage des couteaux de cuisine. Elle est rapide et laisse une ligne de kasumi contrast\u00e9e. Sa grande surface la rend id\u00e9ale pour l'aiguisage et le polissage.<\/p>\n\n\n\n<p>Cette pierre est de couleur gris clair avec des taches de karasu (corbeau).<\/p>\n\n\n\n<p><strong>Shobu (\u83d6\u84b2\u8c37, Shobudani, Shoubu)<\/strong><br>Mine orientale, r\u00e9put\u00e9e pour la qualit\u00e9 de ses pierres \u00e0 aiguiser. Bien que cette mine ne soit pas aussi r\u00e9put\u00e9e que Ohira ou Nakayama en Occident, les pierres qui en proviennent sont g\u00e9n\u00e9ralement de tr\u00e8s bonne qualit\u00e9. Les prix de gros du Shoubu sont parmi les plus \u00e9lev\u00e9s de toutes les pierres.<\/p>","protected":false},"excerpt":{"rendered":"<ul>\n<li>Convient pour la finition des rasoirs, des couteaux, des ciseaux, des outils de menuiserie et autres.<\/li>\n<li>Dimensions : 192x75x34 mm<\/li>\n<li>Poids : 1340g<\/li>\n<li>Duret\u00e9 : Lv 5<\/li>\n<li>La surface est pr\u00eate \u00e0 \u00eatre travaill\u00e9e sans aucun d\u00e9faut. Quelques coins ne sont pas compl\u00e8tement align\u00e9s.<\/li>\n<li>Les lignes sont s\u00e9curis\u00e9es.<\/li>\n<li>Nous recommandons de travailler avec de l'eau chaude, car l'eau froide nuit \u00e0 la rapidit\u00e9 et \u00e0 la r\u00e9activit\u00e9.<\/li>\n<\/ul>","protected":false},"featured_media":1784,"comment_status":"open","ping_status":"closed","template":"","meta":[],"product_brand":[],"product_cat":[22],"product_tag":[57,44,50],"class_list":{"0":"post-1777","1":"product","2":"type-product","3":"status-publish","4":"has-post-thumbnail","6":"product_cat-jnats","7":"product_tag-karasu","8":"product_tag-shobudani","9":"product_tag-suita","10":"product_shipping_class-iprastas","12":"first","13":"outofstock","14":"shipping-taxable","15":"purchasable","16":"product-type-simple"},"_links":{"self":[{"href":"https:\/\/jnats.eu\/fr\/wp-json\/wp\/v2\/product\/1777","targetHints":{"allow":["GET"]}}],"collection":[{"href":"https:\/\/jnats.eu\/fr\/wp-json\/wp\/v2\/product"}],"about":[{"href":"https:\/\/jnats.eu\/fr\/wp-json\/wp\/v2\/types\/product"}],"replies":[{"embeddable":true,"href":"https:\/\/jnats.eu\/fr\/wp-json\/wp\/v2\/comments?post=1777"}],"wp:featuredmedia":[{"embeddable":true,"href":"https:\/\/jnats.eu\/fr\/wp-json\/wp\/v2\/media\/1784"}],"wp:attachment":[{"href":"https:\/\/jnats.eu\/fr\/wp-json\/wp\/v2\/media?parent=1777"}],"wp:term":[{"taxonomy":"product_brand","embeddable":true,"href":"https:\/\/jnats.eu\/fr\/wp-json\/wp\/v2\/product_brand?post=1777"},{"taxonomy":"product_cat","embeddable":true,"href":"https:\/\/jnats.eu\/fr\/wp-json\/wp\/v2\/product_cat?post=1777"},{"taxonomy":"product_tag","embeddable":true,"href":"https:\/\/jnats.eu\/fr\/wp-json\/wp\/v2\/product_tag?post=1777"}],"curies":[{"name":"wp","href":"https:\/\/api.w.org\/{rel}","templated":true}]}}