{"id":1810,"date":"2024-04-19T10:42:51","date_gmt":"2024-04-19T07:42:51","guid":{"rendered":"http:\/\/jnats.eu\/?post_type=product&#038;p=1810"},"modified":"2026-03-23T10:03:54","modified_gmt":"2026-03-23T08:03:54","slug":"suite-nishiyama-shiro","status":"publish","type":"product","link":"https:\/\/jnats.eu\/fr\/produit-2\/suite-nishiyama-shiro\/","title":{"rendered":"Suite Nishiyama Shiro"},"content":{"rendered":"<figure class=\"wp-block-embed is-type-video is-provider-youtube wp-block-embed-youtube wp-embed-aspect-16-9 wp-has-aspect-ratio\"><div class=\"wp-block-embed__wrapper\">\n<div class=\"video-container\"><iframe title=\"Test de Nishiyama Shiro Suita avec Sandvik 14C28N | Lisier ou sans lisier\" width=\"1170\" height=\"658\" src=\"https:\/\/www.youtube.com\/embed\/uP8MI-JS99I?feature=oembed\" frameborder=\"0\" allow=\"accelerometer; autoplay; clipboard-write; encrypted-media; gyroscope; picture-in-picture; web-share\" referrerpolicy=\"strict-origin-when-cross-origin\" allowfullscreen><\/iframe><\/div>\n<\/div><\/figure>\n\n\n\n<p>Les pierres \u00e0 aiguiser Nishiyama Shiro Suita ne sont pratiquement plus sur le march\u00e9. La pierre est rapide, donne une bonne r\u00e9ponse et des r\u00e9sultats exceptionnels. Que votre objectif principal soit l&#039;aff\u00fbtage des lames ou le polissage kasumi, cette pierre ne vous d\u00e9cevra pas. <\/p>\n\n\n\n<p>Base blanche avec motif de lignes rouges. Une ligne rugueuse dans l&#039;un des coins emp\u00eache l&#039;aff\u00fbtage et est la seule chose qui emp\u00eache cette pierre de devenir un sp\u00e9cimen de mus\u00e9e au prix vraiment astronomique.<\/p>","protected":false},"excerpt":{"rendered":"<ul>\n<li>Convient pour la finition et la finition kasumi des couteaux, ciseaux, menuiserie et autres outils.<\/li>\n<li>Dimensions : 220x79x40 mm<\/li>\n<li>Poids : 1700g<\/li>\n<li>Duret\u00e9\u00a0:\u00a0Niv 4,5<\/li>\n<li>La surface est lisse et pr\u00eate \u00e0 \u00eatre travaill\u00e9e.<\/li>\n<li>Les lignes sont s\u00e9curis\u00e9es, <span style=\"color: #ff0000;\"><strong>sauf une sur le bord (toxique - voir photo).<\/strong><\/span><\/li>\n<li>Nous recommandons de travailler avec de l'eau chaude, car l'eau froide nuit \u00e0 la rapidit\u00e9 et \u00e0 la r\u00e9activit\u00e9.<\/li>\n<\/ul>","protected":false},"featured_media":1812,"comment_status":"open","ping_status":"closed","template":"","meta":[],"product_brand":[],"product_cat":[22],"product_tag":[224,223,87,50],"class_list":{"0":"post-1810","1":"product","2":"type-product","3":"status-publish","4":"has-post-thumbnail","6":"product_cat-jnats","7":"product_tag-nishiyama","8":"product_tag-nishiyama-shiro-suita","9":"product_tag-shiro","10":"product_tag-suita","11":"product_shipping_class-iprastas","13":"first","14":"instock","15":"sale","16":"shipping-taxable","17":"purchasable","18":"product-type-simple"},"_links":{"self":[{"href":"https:\/\/jnats.eu\/fr\/wp-json\/wp\/v2\/product\/1810","targetHints":{"allow":["GET"]}}],"collection":[{"href":"https:\/\/jnats.eu\/fr\/wp-json\/wp\/v2\/product"}],"about":[{"href":"https:\/\/jnats.eu\/fr\/wp-json\/wp\/v2\/types\/product"}],"replies":[{"embeddable":true,"href":"https:\/\/jnats.eu\/fr\/wp-json\/wp\/v2\/comments?post=1810"}],"wp:featuredmedia":[{"embeddable":true,"href":"https:\/\/jnats.eu\/fr\/wp-json\/wp\/v2\/media\/1812"}],"wp:attachment":[{"href":"https:\/\/jnats.eu\/fr\/wp-json\/wp\/v2\/media?parent=1810"}],"wp:term":[{"taxonomy":"product_brand","embeddable":true,"href":"https:\/\/jnats.eu\/fr\/wp-json\/wp\/v2\/product_brand?post=1810"},{"taxonomy":"product_cat","embeddable":true,"href":"https:\/\/jnats.eu\/fr\/wp-json\/wp\/v2\/product_cat?post=1810"},{"taxonomy":"product_tag","embeddable":true,"href":"https:\/\/jnats.eu\/fr\/wp-json\/wp\/v2\/product_tag?post=1810"}],"curies":[{"name":"wp","href":"https:\/\/api.w.org\/{rel}","templated":true}]}}