{"id":1831,"date":"2024-04-19T11:11:05","date_gmt":"2024-04-19T08:11:05","guid":{"rendered":"http:\/\/jnats.eu\/?post_type=product&#038;p=1831"},"modified":"2024-05-03T12:02:38","modified_gmt":"2024-05-03T09:02:38","slug":"atagoyama-awasedo","status":"publish","type":"product","link":"https:\/\/jnats.eu\/fr\/produit-2\/atagoyama-awasedo\/","title":{"rendered":"Atagoyama Awasedo"},"content":{"rendered":"<p>Malgr\u00e9 son aspect sans pr\u00e9tention, cette pierre est agr\u00e9able \u00e0 utiliser. La grande taille offre une sensation d&#039;aff\u00fbtage extr\u00eamement stable et la puret\u00e9 de la pierre garantit des r\u00e9sultats constants pendant toute une vie. C&#039;est un \u00ab bourreau de travail \u00bb qui peut durer toute une vie pour l&#039;aff\u00fbteur professionnel et l&#039;amateur de polissage. La pierre est solide mais pas si dure qu\u2019elle soit trop difficile \u00e0 utiliser pour les utilisateurs moins exp\u00e9riment\u00e9s. En utilisant une suspension extraite lat\u00e9ralement ou par plaque diamant\u00e9e, il efface 6k assez rapidement. Les pierres synth\u00e9tiques rayent et laissent un kasumi agr\u00e9able, et avec une pierre propre, le couteau peut \u00eatre encore affin\u00e9 pour obtenir une finition fine et brillante. Cette pierre convient \u00e0 tout, des couteaux aux outils et rasoirs. La pierre est d&#039;une couleur gris clair uniforme avec des motifs subtils.<\/p>\n\n\n\n<p><strong>Atagoyama<\/strong><br>Cette mine extrait des pierres de Chu-ishi naori, qui sont g\u00e9n\u00e9ralement grandes et propres. Le mont Atago est souvent consid\u00e9r\u00e9 comme le centre de la zone mini\u00e8re de pierre \u00e0 aiguiser de Kyoto.<\/p>\n\n\n\n<figure class=\"wp-block-embed is-type-video is-provider-youtube wp-block-embed-youtube wp-embed-aspect-16-9 wp-has-aspect-ratio\"><div class=\"wp-block-embed__wrapper\">\n<div class=\"video-container\"><iframe title=\"Ohira Renge Suita, Nishiyama Shiro Suita, Nakayama Asagi Nashiji, Kyoto Shomotoyama, Atago\" width=\"1170\" height=\"658\" src=\"https:\/\/www.youtube.com\/embed\/NhqN2jyKzUg?start=275&#038;feature=oembed\" frameborder=\"0\" allow=\"accelerometer; autoplay; clipboard-write; encrypted-media; gyroscope; picture-in-picture; web-share\" referrerpolicy=\"strict-origin-when-cross-origin\" allowfullscreen><\/iframe><\/div>\n<\/div><\/figure>","protected":false},"excerpt":{"rendered":"<ul>\n<li>Convient pour la finition des rasoirs, des couteaux, des ciseaux, des outils de menuiserie et autres.<\/li>\n<li>Dimensions : 208x78x40 mm<\/li>\n<li>Poids : 1590 g<\/li>\n<li>Duret\u00e9 : Lv 4.7<\/li>\n<li>La surface est lisse et pr\u00eate \u00e0 \u00eatre travaill\u00e9e.<\/li>\n<li>Les lignes sont s\u00e9curis\u00e9es.<\/li>\n<li>Nous recommandons de travailler avec de l'eau chaude, car l'eau froide nuit \u00e0 la rapidit\u00e9 et \u00e0 la r\u00e9activit\u00e9.<\/li>\n<\/ul>","protected":false},"featured_media":1837,"comment_status":"open","ping_status":"closed","template":"","meta":[],"product_brand":[],"product_cat":[22],"product_tag":[225,40],"class_list":{"0":"post-1831","1":"product","2":"type-product","3":"status-publish","4":"has-post-thumbnail","6":"product_cat-jnats","7":"product_tag-atagoyama","8":"product_tag-awasedo","9":"product_shipping_class-iprastas","11":"first","12":"instock","13":"sale","14":"shipping-taxable","15":"purchasable","16":"product-type-simple"},"_links":{"self":[{"href":"https:\/\/jnats.eu\/fr\/wp-json\/wp\/v2\/product\/1831","targetHints":{"allow":["GET"]}}],"collection":[{"href":"https:\/\/jnats.eu\/fr\/wp-json\/wp\/v2\/product"}],"about":[{"href":"https:\/\/jnats.eu\/fr\/wp-json\/wp\/v2\/types\/product"}],"replies":[{"embeddable":true,"href":"https:\/\/jnats.eu\/fr\/wp-json\/wp\/v2\/comments?post=1831"}],"wp:featuredmedia":[{"embeddable":true,"href":"https:\/\/jnats.eu\/fr\/wp-json\/wp\/v2\/media\/1837"}],"wp:attachment":[{"href":"https:\/\/jnats.eu\/fr\/wp-json\/wp\/v2\/media?parent=1831"}],"wp:term":[{"taxonomy":"product_brand","embeddable":true,"href":"https:\/\/jnats.eu\/fr\/wp-json\/wp\/v2\/product_brand?post=1831"},{"taxonomy":"product_cat","embeddable":true,"href":"https:\/\/jnats.eu\/fr\/wp-json\/wp\/v2\/product_cat?post=1831"},{"taxonomy":"product_tag","embeddable":true,"href":"https:\/\/jnats.eu\/fr\/wp-json\/wp\/v2\/product_tag?post=1831"}],"curies":[{"name":"wp","href":"https:\/\/api.w.org\/{rel}","templated":true}]}}