{"id":1860,"date":"2024-04-21T09:13:48","date_gmt":"2024-04-21T06:13:48","guid":{"rendered":"http:\/\/jnats.eu\/?post_type=product&#038;p=1860"},"modified":"2026-02-13T11:09:09","modified_gmt":"2026-02-13T09:09:09","slug":"yaginoshima-asagi-2","status":"publish","type":"product","link":"https:\/\/jnats.eu\/fr\/produit-2\/yaginoshima-asagi-2\/","title":{"rendered":"Yaginoshima Asagi"},"content":{"rendered":"<p>La Yaginoshima Asagi est une excellente pierre fine polyvalente pour l&#039;aff\u00fbtage de finition. C&#039;est cool, petit et assez facile \u00e0 utiliser. Un bourreau de travail sans aucun souci. Un pon\u00e7age minutieux permet de finir les rasoirs et les outils de menuisier, et convient \u00e9galement au polissage kasumi raffin\u00e9. En raison de sa tr\u00e8s grande surface, il convient aux \u00e9p\u00e9es et aux haches.<\/p>\n\n\n\n<p>La pierre est tr\u00e8s homog\u00e8ne tout au long de son motif gris \u00ab peau de dauphin \u00bb.<\/p>\n\n\n\n<p><strong>Yaginoshima (\u516b\u6728\u306e\u5d8b)<\/strong><br>Mine Est dans la r\u00e9gion de Kyoto.<\/p>\n\n\n\n<figure class=\"wp-block-embed is-type-video is-provider-youtube wp-block-embed-youtube wp-embed-aspect-16-9 wp-has-aspect-ratio\"><div class=\"wp-block-embed__wrapper\">\n<div class=\"video-container\"><iframe title=\"Yaginoshima Asagi, Nakayama Kiita, Shomotoyama Kiita\" width=\"1170\" height=\"658\" src=\"https:\/\/www.youtube.com\/embed\/BfthwASlRYw?feature=oembed\" frameborder=\"0\" allow=\"accelerometer; autoplay; clipboard-write; encrypted-media; gyroscope; picture-in-picture; web-share\" referrerpolicy=\"strict-origin-when-cross-origin\" allowfullscreen><\/iframe><\/div>\n<\/div><\/figure>","protected":false},"excerpt":{"rendered":"<ul>\n<li>Convient pour la finition des lames de rasoir, des ciseaux, de la menuiserie et d&#039;autres outils.<\/li>\n<li>Dimensions : 206x70x32 mm<\/li>\n<li>Poids avec support : 1380 g<\/li>\n<li>Duret\u00e9\u00a0:\u00a0Niv 4,5<\/li>\n<li>La surface est lisse et pr\u00eate \u00e0 \u00eatre travaill\u00e9e.<\/li>\n<li>Nous recommandons de travailler avec de l'eau chaude, car l'eau froide nuit \u00e0 la rapidit\u00e9 et \u00e0 la r\u00e9activit\u00e9.<\/li>\n<\/ul>","protected":false},"featured_media":1861,"comment_status":"open","ping_status":"closed","template":"","meta":[],"product_brand":[],"product_cat":[22],"product_tag":[45,226],"class_list":{"0":"post-1860","1":"product","2":"type-product","3":"status-publish","4":"has-post-thumbnail","6":"product_cat-jnats","7":"product_tag-asagi","8":"product_tag-yaginoshima","9":"product_shipping_class-iprastas","11":"first","12":"instock","13":"shipping-taxable","14":"purchasable","15":"product-type-simple"},"_links":{"self":[{"href":"https:\/\/jnats.eu\/fr\/wp-json\/wp\/v2\/product\/1860","targetHints":{"allow":["GET"]}}],"collection":[{"href":"https:\/\/jnats.eu\/fr\/wp-json\/wp\/v2\/product"}],"about":[{"href":"https:\/\/jnats.eu\/fr\/wp-json\/wp\/v2\/types\/product"}],"replies":[{"embeddable":true,"href":"https:\/\/jnats.eu\/fr\/wp-json\/wp\/v2\/comments?post=1860"}],"wp:featuredmedia":[{"embeddable":true,"href":"https:\/\/jnats.eu\/fr\/wp-json\/wp\/v2\/media\/1861"}],"wp:attachment":[{"href":"https:\/\/jnats.eu\/fr\/wp-json\/wp\/v2\/media?parent=1860"}],"wp:term":[{"taxonomy":"product_brand","embeddable":true,"href":"https:\/\/jnats.eu\/fr\/wp-json\/wp\/v2\/product_brand?post=1860"},{"taxonomy":"product_cat","embeddable":true,"href":"https:\/\/jnats.eu\/fr\/wp-json\/wp\/v2\/product_cat?post=1860"},{"taxonomy":"product_tag","embeddable":true,"href":"https:\/\/jnats.eu\/fr\/wp-json\/wp\/v2\/product_tag?post=1860"}],"curies":[{"name":"wp","href":"https:\/\/api.w.org\/{rel}","templated":true}]}}