{"id":1866,"date":"2026-03-16T09:30:36","date_gmt":"2026-03-16T07:30:36","guid":{"rendered":"http:\/\/jnats.eu\/?post_type=product&#038;p=1866"},"modified":"2026-03-27T00:51:08","modified_gmt":"2026-03-26T22:51:08","slug":"nakayama-kiita-2","status":"publish","type":"product","link":"https:\/\/jnats.eu\/fr\/produit-2\/nakayama-kiita-2\/","title":{"rendered":"Nakayama Kiita Tomae"},"content":{"rendered":"<figure class=\"wp-block-embed is-type-video is-provider-youtube wp-block-embed-youtube wp-embed-aspect-16-9 wp-has-aspect-ratio\"><div class=\"wp-block-embed__wrapper\">\n<div class=\"video-container\"><iframe title=\"Aff\u00fbtage d&#039;un rasoir sovi\u00e9tique de 1955 \u201cLyubitelskaya\u201d | Aoto \u2192 Ohira \u2192 Nakayama Kiita\" width=\"1170\" height=\"658\" src=\"https:\/\/www.youtube.com\/embed\/NyQAXd54ZH8?start=387&#038;feature=oembed\" frameborder=\"0\" allow=\"accelerometer; autoplay; clipboard-write; encrypted-media; gyroscope; picture-in-picture; web-share\" referrerpolicy=\"strict-origin-when-cross-origin\" allowfullscreen><\/iframe><\/div>\n<\/div><\/figure>\n\n\n\n<p>Cette Nakayama Kiita est tr\u00e8s dure, ce qui facilite le travail avec le nagura. La pierre est tr\u00e8s bonne pour aiguiser les lames de rasoir, mais elle est aussi assez bonne pour les couteaux en acier au carbone, mais sa taille ne la rend pas pratique pour aiguiser des outils plus grands. <\/p>\n\n\n\n<p>Ce kiita a une couleur jaune vif avec quelques taches plus fonc\u00e9es. Le dessous pr\u00e9sente des marques d'\u00e9corce r\u00e9siduelles.<\/p>\n\n\n\n<p><strong>Nakayama (\u4e2d\u5c71)<\/strong><\/p>\n\n\n\n<p>Cette mine de l&#039;Est est c\u00e9l\u00e8bre pour ses pierres de finition awasedo. La pierre multicouche avec une autre est particuli\u00e8rement appr\u00e9ci\u00e9e des professionnels et des amateurs. Compar\u00e9es aux pierres de duret\u00e9 et de finesse similaires provenant d&#039;autres mines, les pierres Nakayama sont connues pour leur sensation d&#039;aff\u00fbtage et leur vitesse de travail plus agr\u00e9ables.<\/p>","protected":false},"excerpt":{"rendered":"<ul>\n<li>Convient pour la finition des rasoirs, des couteaux, des ciseaux, des outils de menuiserie et autres.<\/li>\n<li>Dimensions : 127x110x22 mm<\/li>\n<li>Poids : 770 g<\/li>\n<li>Duret\u00e9 : Lv 5+<\/li>\n<li>La surface est lisse et pr\u00eate \u00e0 \u00eatre travaill\u00e9e.<\/li>\n<li>Nous recommandons de travailler avec de l'eau chaude, car l'eau froide nuit \u00e0 la rapidit\u00e9 et \u00e0 la r\u00e9activit\u00e9.<\/li>\n<\/ul>","protected":false},"featured_media":5827,"comment_status":"open","ping_status":"closed","template":"","meta":[],"product_brand":[],"product_cat":[22],"product_tag":[141,49],"class_list":{"0":"post-1866","1":"product","2":"type-product","3":"status-publish","4":"has-post-thumbnail","6":"product_cat-jnats","7":"product_tag-kiita","8":"product_tag-nakayama","9":"product_shipping_class-iprastas","11":"first","12":"outofstock","13":"shipping-taxable","14":"purchasable","15":"product-type-simple"},"_links":{"self":[{"href":"https:\/\/jnats.eu\/fr\/wp-json\/wp\/v2\/product\/1866","targetHints":{"allow":["GET"]}}],"collection":[{"href":"https:\/\/jnats.eu\/fr\/wp-json\/wp\/v2\/product"}],"about":[{"href":"https:\/\/jnats.eu\/fr\/wp-json\/wp\/v2\/types\/product"}],"replies":[{"embeddable":true,"href":"https:\/\/jnats.eu\/fr\/wp-json\/wp\/v2\/comments?post=1866"}],"wp:featuredmedia":[{"embeddable":true,"href":"https:\/\/jnats.eu\/fr\/wp-json\/wp\/v2\/media\/5827"}],"wp:attachment":[{"href":"https:\/\/jnats.eu\/fr\/wp-json\/wp\/v2\/media?parent=1866"}],"wp:term":[{"taxonomy":"product_brand","embeddable":true,"href":"https:\/\/jnats.eu\/fr\/wp-json\/wp\/v2\/product_brand?post=1866"},{"taxonomy":"product_cat","embeddable":true,"href":"https:\/\/jnats.eu\/fr\/wp-json\/wp\/v2\/product_cat?post=1866"},{"taxonomy":"product_tag","embeddable":true,"href":"https:\/\/jnats.eu\/fr\/wp-json\/wp\/v2\/product_tag?post=1866"}],"curies":[{"name":"wp","href":"https:\/\/api.w.org\/{rel}","templated":true}]}}