{"id":1873,"date":"2024-04-21T09:33:15","date_gmt":"2024-04-21T06:33:15","guid":{"rendered":"http:\/\/jnats.eu\/?post_type=product&#038;p=1873"},"modified":"2025-03-06T13:21:20","modified_gmt":"2025-03-06T11:21:20","slug":"shomotoyama-est-different","status":"publish","type":"product","link":"https:\/\/jnats.eu\/fr\/produit-2\/shomotoyama-est-different\/","title":{"rendered":"Shomotoyama Kiita"},"content":{"rendered":"<p>Bien qu&#039;il soit assez r\u00e9sistant, ce Kiita est facile \u00e0 travailler. La pierre est assez bonne pour finir un rasoir, mais assez facile \u00e0 utiliser pour des couteaux. Il n&#039;est pas n\u00e9cessaire d&#039;utiliser une plaque nagura ou diamant, car la pierre lib\u00e9rera sa propre suspension et les restes de m\u00e9tal poli seront bient\u00f4t visibles. Sa taille le rend parfait pour le travail au rasoir, mais il conviendra \u00e9galement pour aff\u00fbter des outils plus gros. <\/p>\n\n\n\n<p>Shomotoyama doit son nom aux pierres de Nakayama et d&#039;Okudo. Je ne peux pas dire de quelle mine il s&#039;agit dans ce cas.<\/p>\n\n\n\n<figure class=\"wp-block-embed is-type-video is-provider-youtube wp-block-embed-youtube wp-embed-aspect-16-9 wp-has-aspect-ratio\"><div class=\"wp-block-embed__wrapper\">\n<div class=\"video-container\"><iframe title=\"Yaginoshima Asagi, Nakayama Kiita, Shomotoyama Kiita\" width=\"1170\" height=\"658\" src=\"https:\/\/www.youtube.com\/embed\/BfthwASlRYw?start=204&#038;feature=oembed\" frameborder=\"0\" allow=\"accelerometer; autoplay; clipboard-write; encrypted-media; gyroscope; picture-in-picture; web-share\" referrerpolicy=\"strict-origin-when-cross-origin\" allowfullscreen><\/iframe><\/div>\n<\/div><\/figure>","protected":false},"excerpt":{"rendered":"<ul>\n<li>Convient pour la finition des rasoirs, des couteaux, des ciseaux, des outils de menuiserie et autres.<\/li>\n<li>Dimensions : 208x77x24 mm<\/li>\n<li>Poids avec support : 1020 g<\/li>\n<li>Duret\u00e9\u00a0:\u00a0Niv 4,5<\/li>\n<li>La surface est lisse et pr\u00eate \u00e0 \u00eatre travaill\u00e9e.<\/li>\n<li>Les lignes sont s\u00e9curis\u00e9es<\/li>\n<li><strong>Usure irr\u00e9guli\u00e8re : coins \u00e0 diff\u00e9rentes hauteurs.<\/strong><\/li>\n<li>Nous recommandons de travailler avec de l'eau chaude, car l'eau froide nuit \u00e0 la rapidit\u00e9 et \u00e0 la r\u00e9activit\u00e9.<\/li>\n<\/ul>","protected":false},"featured_media":1875,"comment_status":"open","ping_status":"closed","template":"","meta":[],"product_brand":[],"product_cat":[22],"product_tag":[141,227],"class_list":{"0":"post-1873","1":"product","2":"type-product","3":"status-publish","4":"has-post-thumbnail","6":"product_cat-jnats","7":"product_tag-kiita","8":"product_tag-shomotoyama-kiita","10":"first","11":"outofstock","12":"sale","13":"shipping-taxable","14":"purchasable","15":"product-type-simple"},"_links":{"self":[{"href":"https:\/\/jnats.eu\/fr\/wp-json\/wp\/v2\/product\/1873","targetHints":{"allow":["GET"]}}],"collection":[{"href":"https:\/\/jnats.eu\/fr\/wp-json\/wp\/v2\/product"}],"about":[{"href":"https:\/\/jnats.eu\/fr\/wp-json\/wp\/v2\/types\/product"}],"replies":[{"embeddable":true,"href":"https:\/\/jnats.eu\/fr\/wp-json\/wp\/v2\/comments?post=1873"}],"wp:featuredmedia":[{"embeddable":true,"href":"https:\/\/jnats.eu\/fr\/wp-json\/wp\/v2\/media\/1875"}],"wp:attachment":[{"href":"https:\/\/jnats.eu\/fr\/wp-json\/wp\/v2\/media?parent=1873"}],"wp:term":[{"taxonomy":"product_brand","embeddable":true,"href":"https:\/\/jnats.eu\/fr\/wp-json\/wp\/v2\/product_brand?post=1873"},{"taxonomy":"product_cat","embeddable":true,"href":"https:\/\/jnats.eu\/fr\/wp-json\/wp\/v2\/product_cat?post=1873"},{"taxonomy":"product_tag","embeddable":true,"href":"https:\/\/jnats.eu\/fr\/wp-json\/wp\/v2\/product_tag?post=1873"}],"curies":[{"name":"wp","href":"https:\/\/api.w.org\/{rel}","templated":true}]}}