{"id":1893,"date":"2024-04-22T09:51:46","date_gmt":"2024-04-22T06:51:46","guid":{"rendered":"http:\/\/jnats.eu\/?post_type=product&#038;p=1893"},"modified":"2024-09-15T12:00:18","modified_gmt":"2024-09-15T09:00:18","slug":"maruoyama-tomae-pierre-de-finition-a-aiguiser-japonaise","status":"publish","type":"product","link":"https:\/\/jnats.eu\/fr\/produit-2\/maruoyama-tomae-pierre-de-finition-a-aiguiser-japonaise\/","title":{"rendered":"Pierre de finition \u00e0 aiguiser japonaise Maruoyama Tomae"},"content":{"rendered":"<p>Malgr\u00e9 sa taille, cette koppa est un bel exemple de pierre de finition \u00e0 aiguiser japonaise de Maruo. Ce n\u2019est ni trop dur, ni trop fin et convient \u00e0 diverses applications. Il terminera l&#039;aff\u00fbtage des couteaux de cuisine et servira de finition aux outils et rasoirs. Cette taille est parfaite pour les rasoirs, mais peut \u00e9galement \u00eatre utilis\u00e9e pour polir les couteaux de cuisine, m\u00eame les plus grands. Pourtant, ce ne serait pas mon premier choix de taille pour les outils ou les couteaux. <\/p>\n\n\n\n<p>Aucune ligne ou inclusion \u00e0 craindre. Cette pierre est scell\u00e9e.<\/p>\n\n\n\n<p><strong>Maruo (\u4e38\u5c3e\u5c71, Maruoyama)<\/strong><br>L&#039;une des rares mines de pierre de finition japonaises encore en activit\u00e9. cette mine occidentale est c\u00e9l\u00e8bre pour sa douce shiro suita. Cette mine est \u00e9galement r\u00e9put\u00e9e pour ses pierres shiki uchigumori (tenjyou suita), ao suita et aisa layer. Autrefois largement disponibles et relativement bon march\u00e9, la demande accrue a d\u00e9pass\u00e9 l&#039;offre, rendant ces pierres plus difficiles \u00e0 trouver et d\u00e9sormais consid\u00e9rablement plus ch\u00e8res qu&#039;elles ne l&#039;\u00e9taient il y a quelques ann\u00e9es. Cependant, compte tenu de tous les avantages, ils sont tout \u00e0 fait abordables.<\/p>","protected":false},"excerpt":{"rendered":"<ul>\n<li>Convient pour la finition des rasoirs, des couteaux, des ciseaux, des outils de menuiserie et autres.<\/li>\n<li>Dimensions : 153x75x21 mm<\/li>\n<li>Poids avec support : 940 g<\/li>\n<li>Duret\u00e9 : Lv 4<\/li>\n<li>La surface est lisse et pr\u00eate \u00e0 travailler<\/li>\n<li>Nous recommandons de travailler avec de l'eau chaude, car l'eau froide nuit \u00e0 la rapidit\u00e9 et \u00e0 la r\u00e9activit\u00e9.<\/li>\n<\/ul>","protected":false},"featured_media":1897,"comment_status":"open","ping_status":"closed","template":"","meta":[],"product_brand":[],"product_cat":[22],"product_tag":[234,233],"class_list":{"0":"post-1893","1":"product","2":"type-product","3":"status-publish","4":"has-post-thumbnail","6":"product_cat-jnats","7":"product_tag-maruo","8":"product_tag-maruoyama","9":"product_shipping_class-iprastas","11":"first","12":"outofstock","13":"shipping-taxable","14":"purchasable","15":"product-type-simple"},"_links":{"self":[{"href":"https:\/\/jnats.eu\/fr\/wp-json\/wp\/v2\/product\/1893","targetHints":{"allow":["GET"]}}],"collection":[{"href":"https:\/\/jnats.eu\/fr\/wp-json\/wp\/v2\/product"}],"about":[{"href":"https:\/\/jnats.eu\/fr\/wp-json\/wp\/v2\/types\/product"}],"replies":[{"embeddable":true,"href":"https:\/\/jnats.eu\/fr\/wp-json\/wp\/v2\/comments?post=1893"}],"wp:featuredmedia":[{"embeddable":true,"href":"https:\/\/jnats.eu\/fr\/wp-json\/wp\/v2\/media\/1897"}],"wp:attachment":[{"href":"https:\/\/jnats.eu\/fr\/wp-json\/wp\/v2\/media?parent=1893"}],"wp:term":[{"taxonomy":"product_brand","embeddable":true,"href":"https:\/\/jnats.eu\/fr\/wp-json\/wp\/v2\/product_brand?post=1893"},{"taxonomy":"product_cat","embeddable":true,"href":"https:\/\/jnats.eu\/fr\/wp-json\/wp\/v2\/product_cat?post=1893"},{"taxonomy":"product_tag","embeddable":true,"href":"https:\/\/jnats.eu\/fr\/wp-json\/wp\/v2\/product_tag?post=1893"}],"curies":[{"name":"wp","href":"https:\/\/api.w.org\/{rel}","templated":true}]}}