{"id":1899,"date":"2024-04-22T10:03:17","date_gmt":"2024-04-22T07:03:17","guid":{"rendered":"http:\/\/jnats.eu\/?post_type=product&#038;p=1899"},"modified":"2026-02-13T11:06:39","modified_gmt":"2026-02-13T09:06:39","slug":"shohonyama-ohira-pierre-naturelle-japonaise-rouge-pour-affutage","status":"publish","type":"product","link":"https:\/\/jnats.eu\/fr\/produit-2\/shohonyama-ohira-pierre-naturelle-japonaise-rouge-pour-affutage\/","title":{"rendered":"Shohonyama Ohira Pierre naturelle japonaise rouge pour aff\u00fbtage"},"content":{"rendered":"<p>Voici Shohonyama Red Ohira Ipponsen de Kyoto. Couteaux de finition et outils de menuiserie. Dans cette mine, l&#039;Ohira Rouge est l&#039;une des meilleures et des plus pr\u00e9cieuses. Ce rouge Ohira, d&#039;un beau d\u00e9grad\u00e9 de rose, montre un visage \u00e9claircissant. Le pouvoir doux et abrasif est assez bon. Le processus d&#039;aff\u00fbtage est tr\u00e8s fluide, la fine suspension se lib\u00e8re assez rapidement, elle est facile \u00e0 aff\u00fbter. La surface est lisse, sans aucune ligne ou inclusion \u00ab toxique \u00bb. <\/p>\n\n\n\n<figure class=\"wp-block-embed is-type-video is-provider-youtube wp-block-embed-youtube wp-embed-aspect-16-9 wp-has-aspect-ratio\"><div class=\"wp-block-embed__wrapper\">\n<div class=\"video-container\"><iframe title=\"XINZUO Knife Review | Vendu sous le nom de Kamazaki en Lituanie | Heimcut en Russie\" width=\"1170\" height=\"658\" src=\"https:\/\/www.youtube.com\/embed\/htGmVVVoAwg?start=184&#038;feature=oembed\" frameborder=\"0\" allow=\"accelerometer; autoplay; clipboard-write; encrypted-media; gyroscope; picture-in-picture; web-share\" referrerpolicy=\"strict-origin-when-cross-origin\" allowfullscreen><\/iframe><\/div>\n<\/div><\/figure>\n\n\n\n<p>Notez que les pierres \u00e0 aiguiser naturelles japonaises peuvent ne pas plaire aux aff\u00fbteurs d\u00e9butants car elles sont plus difficiles \u00e0 utiliser et fonctionnent plus lentement que les pierres artificielles. Ce sont des pierres naturelles donc chacune est diff\u00e9rente donc mes mesures ne sont pas exactes. C&#039;est un investissement \u00e0 vie pour les personnes qui aff\u00fbtent leurs couteaux et leurs outils. <\/p>\n\n\n\n<p>N&#039;h\u00e9sitez pas \u00e0 poser vos questions si vous en avez.<\/p>","protected":false},"excerpt":{"rendered":"<ul>\n<li>Convient pour les couteaux de finition, les ciseaux, les outils de menuiserie et autres.<\/li>\n<li>Dimensions : 206x75x36 mm<\/li>\n<li>Poids avec support : 1880 g<\/li>\n<li>Duret\u00e9 : Lv 4<\/li>\n<li>La surface est lisse et pr\u00eate \u00e0 travailler<\/li>\n<li>Nous recommandons de travailler avec de l&#039;eau ti\u00e8de, car l&#039;eau froide d\u00e9t\u00e9riore la vitesse et la r\u00e9ponse du travail.<\/li>\n<\/ul>","protected":false},"featured_media":1903,"comment_status":"open","ping_status":"closed","template":"","meta":[],"product_brand":[],"product_cat":[22],"product_tag":[47,235],"class_list":{"0":"post-1899","1":"product","2":"type-product","3":"status-publish","4":"has-post-thumbnail","6":"product_cat-jnats","7":"product_tag-ohira","8":"product_tag-shohonyama","9":"product_shipping_class-iprastas","11":"first","12":"instock","13":"shipping-taxable","14":"purchasable","15":"product-type-simple"},"_links":{"self":[{"href":"https:\/\/jnats.eu\/fr\/wp-json\/wp\/v2\/product\/1899","targetHints":{"allow":["GET"]}}],"collection":[{"href":"https:\/\/jnats.eu\/fr\/wp-json\/wp\/v2\/product"}],"about":[{"href":"https:\/\/jnats.eu\/fr\/wp-json\/wp\/v2\/types\/product"}],"replies":[{"embeddable":true,"href":"https:\/\/jnats.eu\/fr\/wp-json\/wp\/v2\/comments?post=1899"}],"wp:featuredmedia":[{"embeddable":true,"href":"https:\/\/jnats.eu\/fr\/wp-json\/wp\/v2\/media\/1903"}],"wp:attachment":[{"href":"https:\/\/jnats.eu\/fr\/wp-json\/wp\/v2\/media?parent=1899"}],"wp:term":[{"taxonomy":"product_brand","embeddable":true,"href":"https:\/\/jnats.eu\/fr\/wp-json\/wp\/v2\/product_brand?post=1899"},{"taxonomy":"product_cat","embeddable":true,"href":"https:\/\/jnats.eu\/fr\/wp-json\/wp\/v2\/product_cat?post=1899"},{"taxonomy":"product_tag","embeddable":true,"href":"https:\/\/jnats.eu\/fr\/wp-json\/wp\/v2\/product_tag?post=1899"}],"curies":[{"name":"wp","href":"https:\/\/api.w.org\/{rel}","templated":true}]}}