{"id":1905,"date":"2024-04-22T10:14:02","date_gmt":"2024-04-22T07:14:02","guid":{"rendered":"http:\/\/jnats.eu\/?post_type=product&#038;p=1905"},"modified":"2024-04-22T10:14:04","modified_gmt":"2024-04-22T07:14:04","slug":"okudo-asagi-pierre-naturelle-japonaise-pour-affutage","status":"publish","type":"product","link":"https:\/\/jnats.eu\/fr\/produit-2\/okudo-asagi-pierre-naturelle-japonaise-pour-affutage\/","title":{"rendered":"Pierre \u00e0 aiguiser naturelle japonaise Okudo Asagi"},"content":{"rendered":"<p>Cette pierre est \u00e9tonnamment flexible et convient \u00e0 la finition de n&#039;importe quel outil. Il aff\u00fbte tr\u00e8s rapidement tous les types d&#039;acier et convient tr\u00e8s bien \u00e0 la finition des rasoirs, des couteaux de cuisine ou des outils. <\/p>\n\n\n\n<p>Joli gris avec des lignes l\u00e9g\u00e8rement plus fonc\u00e9es Asagi d&#039;Okudo. La pierre est coll\u00e9e sur un support en bois. <\/p>\n\n\n\n<p><strong>Okudo (\u5965 \u6bbf)<\/strong><br>Mine orientale, c\u00e9l\u00e8bre pour sa suite et autres pierres de finition. Ils sont g\u00e9n\u00e9ralement tr\u00e8s durs, assez petits et assez rapides. Les pierres Okudo authentiques sont g\u00e9n\u00e9ralement tr\u00e8s ch\u00e8res et rares, et en trouver une avec des sceaux authentiques devient presque impossible.<\/p>","protected":false},"excerpt":{"rendered":"<ul>\n<li>Convient pour la finition des rasoirs, des couteaux, des ciseaux, des outils de menuiserie et autres.<\/li>\n<li>Dimensions : 206x78x35 mm<\/li>\n<li>Poids avec support : 1550 g<\/li>\n<li>Duret\u00e9 : Lv 5<\/li>\n<li>La surface est lisse et pr\u00eate \u00e0 travailler<\/li>\n<li>Nous recommandons de travailler avec de l&#039;eau ti\u00e8de, car l&#039;eau froide d\u00e9t\u00e9riore la vitesse et la r\u00e9ponse du travail.<\/li>\n<\/ul>","protected":false},"featured_media":1912,"comment_status":"open","ping_status":"closed","template":"","meta":[],"product_brand":[],"product_cat":[22],"product_tag":[45,142],"class_list":{"0":"post-1905","1":"product","2":"type-product","3":"status-publish","4":"has-post-thumbnail","6":"product_cat-jnats","7":"product_tag-asagi","8":"product_tag-okudo","9":"product_shipping_class-iprastas","11":"first","12":"instock","13":"shipping-taxable","14":"purchasable","15":"product-type-simple"},"_links":{"self":[{"href":"https:\/\/jnats.eu\/fr\/wp-json\/wp\/v2\/product\/1905","targetHints":{"allow":["GET"]}}],"collection":[{"href":"https:\/\/jnats.eu\/fr\/wp-json\/wp\/v2\/product"}],"about":[{"href":"https:\/\/jnats.eu\/fr\/wp-json\/wp\/v2\/types\/product"}],"replies":[{"embeddable":true,"href":"https:\/\/jnats.eu\/fr\/wp-json\/wp\/v2\/comments?post=1905"}],"wp:featuredmedia":[{"embeddable":true,"href":"https:\/\/jnats.eu\/fr\/wp-json\/wp\/v2\/media\/1912"}],"wp:attachment":[{"href":"https:\/\/jnats.eu\/fr\/wp-json\/wp\/v2\/media?parent=1905"}],"wp:term":[{"taxonomy":"product_brand","embeddable":true,"href":"https:\/\/jnats.eu\/fr\/wp-json\/wp\/v2\/product_brand?post=1905"},{"taxonomy":"product_cat","embeddable":true,"href":"https:\/\/jnats.eu\/fr\/wp-json\/wp\/v2\/product_cat?post=1905"},{"taxonomy":"product_tag","embeddable":true,"href":"https:\/\/jnats.eu\/fr\/wp-json\/wp\/v2\/product_tag?post=1905"}],"curies":[{"name":"wp","href":"https:\/\/api.w.org\/{rel}","templated":true}]}}