{"id":1913,"date":"2024-04-22T10:25:49","date_gmt":"2024-04-22T07:25:49","guid":{"rendered":"http:\/\/jnats.eu\/?post_type=product&#038;p=1913"},"modified":"2024-05-15T14:29:24","modified_gmt":"2024-05-15T11:29:24","slug":"okudo-honsu-hanashi-jisu-suita","status":"publish","type":"product","link":"https:\/\/jnats.eu\/fr\/produit-2\/okudo-honsu-hanashi-jisu-suita\/","title":{"rendered":"Okudo Honsu Hanashi Jisu Suita"},"content":{"rendered":"<p>Cette pierre est dure et fine mais offre une excellente sensation et vitesse d\u2019aff\u00fbtage. Il ne d\u00e9gage pas de boue, je conseille donc un nagur ou une plaque diamant\u00e9e pour acc\u00e9l\u00e9rer le polissage des couteaux. Un r\u00e9sidu noir s\u2019accumulera rapidement lorsque vous travaillerez votre lame sur cette pierre. <\/p>\n\n\n\n<p>Cette pierre fonctionne \u00e9galement bien avec les outils de menuiserie tels que les ciseaux et les rabots.<\/p>\n\n\n\n<p><strong>Okudo (\u5965 \u6bbf)<\/strong><br>Mine orientale, c\u00e9l\u00e8bre pour sa suite. Ces pierres sont souvent appel\u00e9es le \u00ab roi des costumes \u00bb et sont peut-\u00eatre les plus recherch\u00e9es de ce type. Ils sont g\u00e9n\u00e9ralement tr\u00e8s durs, assez petits et rapides. Les pierres Okudo authentiques sont g\u00e9n\u00e9ralement tr\u00e8s ch\u00e8res et rarement disponibles.<\/p>","protected":false},"excerpt":{"rendered":"<ul>\n<li>Convient pour les couteaux de finition, les ciseaux, les outils de menuiserie et autres.<\/li>\n<li>Dimensions : 207x78x15 mm<\/li>\n<li>Poids : 660g<\/li>\n<li>Duret\u00e9\u00a0:\u00a0Niv 4,5<\/li>\n<li>les lignes sont s\u00fbres<\/li>\n<li>La surface est lisse et pr\u00eate \u00e0 travailler<\/li>\n<li>Nous recommandons de travailler avec de l&#039;eau ti\u00e8de, car l&#039;eau froide d\u00e9t\u00e9riore la vitesse et la r\u00e9ponse du travail.<\/li>\n<\/ul>","protected":false},"featured_media":1916,"comment_status":"open","ping_status":"closed","template":"","meta":[],"product_brand":[],"product_cat":[22],"product_tag":[142,50],"class_list":{"0":"post-1913","1":"product","2":"type-product","3":"status-publish","4":"has-post-thumbnail","6":"product_cat-jnats","7":"product_tag-okudo","8":"product_tag-suita","9":"product_shipping_class-iprastas","11":"first","12":"outofstock","13":"shipping-taxable","14":"purchasable","15":"product-type-simple"},"_links":{"self":[{"href":"https:\/\/jnats.eu\/fr\/wp-json\/wp\/v2\/product\/1913","targetHints":{"allow":["GET"]}}],"collection":[{"href":"https:\/\/jnats.eu\/fr\/wp-json\/wp\/v2\/product"}],"about":[{"href":"https:\/\/jnats.eu\/fr\/wp-json\/wp\/v2\/types\/product"}],"replies":[{"embeddable":true,"href":"https:\/\/jnats.eu\/fr\/wp-json\/wp\/v2\/comments?post=1913"}],"wp:featuredmedia":[{"embeddable":true,"href":"https:\/\/jnats.eu\/fr\/wp-json\/wp\/v2\/media\/1916"}],"wp:attachment":[{"href":"https:\/\/jnats.eu\/fr\/wp-json\/wp\/v2\/media?parent=1913"}],"wp:term":[{"taxonomy":"product_brand","embeddable":true,"href":"https:\/\/jnats.eu\/fr\/wp-json\/wp\/v2\/product_brand?post=1913"},{"taxonomy":"product_cat","embeddable":true,"href":"https:\/\/jnats.eu\/fr\/wp-json\/wp\/v2\/product_cat?post=1913"},{"taxonomy":"product_tag","embeddable":true,"href":"https:\/\/jnats.eu\/fr\/wp-json\/wp\/v2\/product_tag?post=1913"}],"curies":[{"name":"wp","href":"https:\/\/api.w.org\/{rel}","templated":true}]}}