{"id":1919,"date":"2024-04-22T10:35:33","date_gmt":"2024-04-22T07:35:33","guid":{"rendered":"http:\/\/jnats.eu\/?post_type=product&#038;p=1919"},"modified":"2025-01-21T18:15:52","modified_gmt":"2025-01-21T16:15:52","slug":"nakayama-tomae-iromono-pierre-naturelle-japonaise-pour-laffutage","status":"publish","type":"product","link":"https:\/\/jnats.eu\/fr\/produit-2\/nakayama-tomae-iromono-pierre-naturelle-japonaise-pour-laffutage\/","title":{"rendered":"Pierre \u00e0 aiguiser naturelle japonaise Nakayama Tomae Iromono"},"content":{"rendered":"<p>Ce magnifique iromono Nakayama est une pierre naturelle japonaise dure et excellente pour la finition de tout aff\u00fbtage d&#039;outils. Il est pr\u00e9f\u00e9rable pour ceux qui ont plus d\u2019exp\u00e9rience, mais peut \u00eatre associ\u00e9 \u00e0 un nagura pour une exp\u00e9rience plus conviviale. La texture est tr\u00e8s fine (10k+) et le vernis a tendance \u00e0 se refl\u00e9ter. <\/p>\n\n\n\n<p><strong>Nakayama (\u4e2d\u5c71)<\/strong><\/p>\n\n\n\n<p>Cette mine de l&#039;Est est c\u00e9l\u00e8bre pour ses pierres de finition awasedo et est peut-\u00eatre la plus recherch\u00e9e parmi les professionnels et les amateurs d&#039;aff\u00fbtage. Compar\u00e9es aux pierres de duret\u00e9 et de finesse similaires provenant d&#039;autres mines, les pierres Nakayama sont connues pour une sensation d&#039;aff\u00fbtage plus agr\u00e9able et une vitesse de travail \u00e9lev\u00e9e. Les pierres multicouches (Hondomae, Shikitomae) et autres sont particuli\u00e8rement appr\u00e9ci\u00e9es. <\/p>","protected":false},"excerpt":{"rendered":"<ul>\n<li>Convient pour la finition des rasoirs, des couteaux, des ciseaux, des outils de menuiserie et autres.<\/li>\n<li>Dimensions : 141x90x32 mm<\/li>\n<li>Poids : 900g<\/li>\n<li>Duret\u00e9 : Lv 4.7<\/li>\n<li>La surface est lisse et pr\u00eate \u00e0 travailler<\/li>\n<li>Nous recommandons de travailler avec de l&#039;eau ti\u00e8de, car l&#039;eau froide d\u00e9t\u00e9riore la vitesse et la r\u00e9ponse du travail.<\/li>\n<\/ul>","protected":false},"featured_media":1921,"comment_status":"open","ping_status":"closed","template":"","meta":[],"product_brand":[],"product_cat":[22],"product_tag":[41,49,67],"class_list":{"0":"post-1919","1":"product","2":"type-product","3":"status-publish","4":"has-post-thumbnail","6":"product_cat-jnats","7":"product_tag-iromono","8":"product_tag-nakayama","9":"product_tag-tomae","10":"product_shipping_class-iprastas","12":"first","13":"outofstock","14":"shipping-taxable","15":"purchasable","16":"product-type-simple"},"_links":{"self":[{"href":"https:\/\/jnats.eu\/fr\/wp-json\/wp\/v2\/product\/1919","targetHints":{"allow":["GET"]}}],"collection":[{"href":"https:\/\/jnats.eu\/fr\/wp-json\/wp\/v2\/product"}],"about":[{"href":"https:\/\/jnats.eu\/fr\/wp-json\/wp\/v2\/types\/product"}],"replies":[{"embeddable":true,"href":"https:\/\/jnats.eu\/fr\/wp-json\/wp\/v2\/comments?post=1919"}],"wp:featuredmedia":[{"embeddable":true,"href":"https:\/\/jnats.eu\/fr\/wp-json\/wp\/v2\/media\/1921"}],"wp:attachment":[{"href":"https:\/\/jnats.eu\/fr\/wp-json\/wp\/v2\/media?parent=1919"}],"wp:term":[{"taxonomy":"product_brand","embeddable":true,"href":"https:\/\/jnats.eu\/fr\/wp-json\/wp\/v2\/product_brand?post=1919"},{"taxonomy":"product_cat","embeddable":true,"href":"https:\/\/jnats.eu\/fr\/wp-json\/wp\/v2\/product_cat?post=1919"},{"taxonomy":"product_tag","embeddable":true,"href":"https:\/\/jnats.eu\/fr\/wp-json\/wp\/v2\/product_tag?post=1919"}],"curies":[{"name":"wp","href":"https:\/\/api.w.org\/{rel}","templated":true}]}}