{"id":192,"date":"2024-02-25T13:37:39","date_gmt":"2024-02-25T11:37:39","guid":{"rendered":"http:\/\/jnats.eu\/?post_type=product&#038;p=192"},"modified":"2024-07-20T04:48:16","modified_gmt":"2024-07-20T01:48:16","slug":"shobudani-karasu-suite-hybrid","status":"publish","type":"product","link":"https:\/\/jnats.eu\/fr\/produit-2\/shobudani-karasu-suite-hybrid\/","title":{"rendered":"Pierre \u00e0 aiguiser naturelle japonaise Shobudani Karasu Suita Hybrid"},"content":{"rendered":"<p>Une \u0153uvre unique de la nature : le Shobudani Karasu Suite Hybrid fascine par sa structure homog\u00e8ne avec des \"corbeaux\" et des \"fleurs de lotus\". Le c\u00f4t\u00e9 karasu est parfait pour la finition des lames de rasoir. Il est bien s\u00fbr facile \u00e0 manipuler avec des couteaux et d'autres outils. La face suita est l\u00e9g\u00e8rement plus rugueuse. Une pierre similaire de forme r\u00e9guli\u00e8re co\u00fbterait plusieurs milliers d'euros.<\/p>\n\n\n\n<p><\/p>\n\n\n\n<ul class=\"wp-block-list\">\n<li><strong>Duret\u00e9 : Lv 4.8<\/strong><\/li>\n\n\n\n<li><strong>Dimensions (approx.) : 180x100x40 mm<\/strong><\/li>\n\n\n\n<li><strong>Poids (avec support) : 1540 g.<\/strong><\/li>\n\n\n\n<li><strong>Cool<strong>travail rapide<\/strong> une pierre \u00e0 la structure homog\u00e8ne. Les lignes sont totalement s\u00fbres et ne se sentent pas du tout lors de l'aff\u00fbtage. Parfait pour la finition des rasoirs, des couteaux, des outils de menuiserie et autres.&nbsp;<\/strong><\/li>\n<\/ul>\n\n\n\n<p>Les pierres naturelles japonaises ne se salissent pas pendant le travail, ne cr\u00e9ent pas de blocage, la lame dure plus longtemps, mais le tranchant maximum est l\u00e9g\u00e8rement inf\u00e9rieur aux pierres artificielles.<\/p>\n\n\n\n<figure class=\"wp-block-embed is-type-video is-provider-youtube wp-block-embed-youtube wp-embed-aspect-16-9 wp-has-aspect-ratio\"><div class=\"wp-block-embed__wrapper\">\n<div class=\"video-container\"><iframe title=\"Couteau \u00e0 aiguiser avec pierres \u00e0 aiguiser naturelles japonaises : Shobudani Suita-Karasu, Ohira, Nakayama Maruka\" width=\"1170\" height=\"658\" src=\"https:\/\/www.youtube.com\/embed\/SqtxWfIvc8M?feature=oembed\" frameborder=\"0\" allow=\"accelerometer; autoplay; clipboard-write; encrypted-media; gyroscope; picture-in-picture; web-share\" referrerpolicy=\"strict-origin-when-cross-origin\" allowfullscreen><\/iframe><\/div>\n<\/div><\/figure>","protected":false},"excerpt":{"rendered":"<p><!-- wp:list --><\/p>\n<ul><!-- wp:list-item --><\/p>\n<li><strong>Duret\u00e9 : Lv 4.8<\/strong><\/li>\n<p><!-- \/wp:list-item --><\/p>\n<p><!-- wp:list-item --><\/p>\n<li><strong>Dimensions (approx.) : 180x100x40 mm<\/strong><\/li>\n<p><!-- \/wp:list-item --><\/p>\n<p><!-- wp:list-item --><\/p>\n<li><strong>Poids (avec support) : 1540 g.<\/strong><\/li>\n<p><!-- \/wp:list-item --><\/p>\n<p><!-- wp:list-item --><\/p>\n<li><strong>Une pierre dure, rapide \u00e0 travailler et \u00e0 la structure homog\u00e8ne. Les lignes sont totalement s\u00fbres et ne se sentent pas du tout lors de l'aiguisage. Id\u00e9ale pour la finition des rasoirs, des couteaux, des outils de menuiserie et autres.\u00a0<\/strong><\/li>\n<p><!-- \/wp:list-item --><\/ul>\n<p><!-- \/wp:list --><\/p>","protected":false},"featured_media":1179,"comment_status":"open","ping_status":"closed","template":"","meta":[],"product_brand":[],"product_cat":[22],"product_tag":[57,44,56,50],"class_list":{"0":"post-192","1":"product","2":"type-product","3":"status-publish","4":"has-post-thumbnail","6":"product_cat-jnats","7":"product_tag-karasu","8":"product_tag-shobudani","9":"product_tag-shobudani-karasu-suita","10":"product_tag-suita","11":"product_shipping_class-iprastas","13":"first","14":"outofstock","15":"sale","16":"shipping-taxable","17":"purchasable","18":"product-type-simple"},"_links":{"self":[{"href":"https:\/\/jnats.eu\/fr\/wp-json\/wp\/v2\/product\/192","targetHints":{"allow":["GET"]}}],"collection":[{"href":"https:\/\/jnats.eu\/fr\/wp-json\/wp\/v2\/product"}],"about":[{"href":"https:\/\/jnats.eu\/fr\/wp-json\/wp\/v2\/types\/product"}],"replies":[{"embeddable":true,"href":"https:\/\/jnats.eu\/fr\/wp-json\/wp\/v2\/comments?post=192"}],"wp:featuredmedia":[{"embeddable":true,"href":"https:\/\/jnats.eu\/fr\/wp-json\/wp\/v2\/media\/1179"}],"wp:attachment":[{"href":"https:\/\/jnats.eu\/fr\/wp-json\/wp\/v2\/media?parent=192"}],"wp:term":[{"taxonomy":"product_brand","embeddable":true,"href":"https:\/\/jnats.eu\/fr\/wp-json\/wp\/v2\/product_brand?post=192"},{"taxonomy":"product_cat","embeddable":true,"href":"https:\/\/jnats.eu\/fr\/wp-json\/wp\/v2\/product_cat?post=192"},{"taxonomy":"product_tag","embeddable":true,"href":"https:\/\/jnats.eu\/fr\/wp-json\/wp\/v2\/product_tag?post=192"}],"curies":[{"name":"wp","href":"https:\/\/api.w.org\/{rel}","templated":true}]}}