{"id":1945,"date":"2024-04-23T10:06:17","date_gmt":"2024-04-23T07:06:17","guid":{"rendered":"http:\/\/jnats.eu\/?post_type=product&#038;p=1945"},"modified":"2024-06-29T15:55:34","modified_gmt":"2024-06-29T12:55:34","slug":"suite-okudo-tenjyou","status":"publish","type":"product","link":"https:\/\/jnats.eu\/fr\/produit-2\/suite-okudo-tenjyou\/","title":{"rendered":"Suite Okudo Tenjyou"},"content":{"rendered":"<p>Cette pierre est dure et fine mais offre une excellente sensation et vitesse d\u2019aff\u00fbtage. Il ne formera pas de p\u00e2te, nous vous recommandons donc d&#039;utiliser du nagura pour acc\u00e9l\u00e9rer le polissage des couteaux. \u00c0 l\u2019inverse, les d\u00e9chets de m\u00e9tal noir s\u2019accumuleront rapidement lorsque vous travaillerez la lame sur la pierre. Avec la patience et la technique appropri\u00e9es, les pierres laissent un kasumi brillant et raffin\u00e9 \u00e0 la fois sur le stratifi\u00e9 souple et sur l&#039;acier \u00e0 noyau dur. <\/p>\n\n\n\n<p>La lame est peu agressive, mais elle convient parfaitement aux couteaux de cuisine. Cette pierre fonctionne \u00e9galement bien avec les outils de menuiserie, par ex. pour les ciseaux et les rabots et constitue une excellente pr\u00e9paration de pr\u00e9-finition au rasoir. Pour les rasoirs, les outils et le polissage, nous vous d\u00e9conseillons d&#039;utiliser une plaque diamant\u00e9e, car j&#039;ai remarqu\u00e9 que la suspension est in\u00e9gale et pas aussi fine que je le souhaiterais. <\/p>\n\n\n\n<p>Une petite pierre fera parfaitement l\u2019affaire et co\u00fbtera nettement moins cher qu\u2019une pierre de taille r\u00e9elle de qualit\u00e9 similaire. Actuellement, la pierre est jaune et blanche. Plus profond\u00e9ment sur les c\u00f4t\u00e9s, on voit peu <em>AVEC<\/em> (trous) et pas de lignes toxiques. Il existe \u00e9galement un motif rare de renge et de namazu.<\/p>\n\n\n\n<p><strong>Okudo (\u5965 \u6bbf)<\/strong><br>Mine orientale, c\u00e9l\u00e8bre pour sa suite. Ces pierres sont souvent appel\u00e9es le \u00ab roi des costumes \u00bb et sont peut-\u00eatre les plus recherch\u00e9es parmi leurs \u00ab coll\u00e8gues \u00bb. Ils sont g\u00e9n\u00e9ralement tr\u00e8s durs, assez petits et rapides. Les pierres Okudo authentiques sont g\u00e9n\u00e9ralement tr\u00e8s ch\u00e8res et rarement disponibles.<\/p>\n\n\n\n<figure class=\"wp-block-embed is-type-video is-provider-youtube wp-block-embed-youtube wp-embed-aspect-16-9 wp-has-aspect-ratio\"><div class=\"wp-block-embed__wrapper\">\n<div class=\"video-container\"><iframe title=\"Costume Okudo Tenjyou, Costume Okudo Black Lotus Shiro, Costume Ohira Renge, Costume Atago Shiro\" width=\"1170\" height=\"658\" src=\"https:\/\/www.youtube.com\/embed\/rH67SY_9N9o?start=526&#038;feature=oembed\" frameborder=\"0\" allow=\"accelerometer; autoplay; clipboard-write; encrypted-media; gyroscope; picture-in-picture; web-share\" referrerpolicy=\"strict-origin-when-cross-origin\" allowfullscreen><\/iframe><\/div>\n<\/div><\/figure>","protected":false},"excerpt":{"rendered":"<ul>\n<li>Convient pour les couteaux de finition, les ciseaux, les outils de menuiserie et autres.<\/li>\n<li>Dimensions : 155x63x16 mm<\/li>\n<li>Poids : 740 g<\/li>\n<li>Duret\u00e9 : Lv 4.8<\/li>\n<li>Les lignes sont s\u00e9curis\u00e9es<\/li>\n<li>La surface est lisse et pr\u00eate \u00e0 travailler<\/li>\n<li>Nous recommandons de travailler avec de l&#039;eau ti\u00e8de, car l&#039;eau froide d\u00e9t\u00e9riore la vitesse et la r\u00e9ponse du travail.<\/li>\n<\/ul>","protected":false},"featured_media":1950,"comment_status":"open","ping_status":"closed","template":"","meta":[],"product_brand":[],"product_cat":[22],"product_tag":[142,50,239],"class_list":{"0":"post-1945","1":"product","2":"type-product","3":"status-publish","4":"has-post-thumbnail","6":"product_cat-jnats","7":"product_tag-okudo","8":"product_tag-suita","9":"product_tag-tenjyou","10":"product_shipping_class-iprastas","12":"first","13":"outofstock","14":"sale","15":"shipping-taxable","16":"purchasable","17":"product-type-simple"},"_links":{"self":[{"href":"https:\/\/jnats.eu\/fr\/wp-json\/wp\/v2\/product\/1945","targetHints":{"allow":["GET"]}}],"collection":[{"href":"https:\/\/jnats.eu\/fr\/wp-json\/wp\/v2\/product"}],"about":[{"href":"https:\/\/jnats.eu\/fr\/wp-json\/wp\/v2\/types\/product"}],"replies":[{"embeddable":true,"href":"https:\/\/jnats.eu\/fr\/wp-json\/wp\/v2\/comments?post=1945"}],"wp:featuredmedia":[{"embeddable":true,"href":"https:\/\/jnats.eu\/fr\/wp-json\/wp\/v2\/media\/1950"}],"wp:attachment":[{"href":"https:\/\/jnats.eu\/fr\/wp-json\/wp\/v2\/media?parent=1945"}],"wp:term":[{"taxonomy":"product_brand","embeddable":true,"href":"https:\/\/jnats.eu\/fr\/wp-json\/wp\/v2\/product_brand?post=1945"},{"taxonomy":"product_cat","embeddable":true,"href":"https:\/\/jnats.eu\/fr\/wp-json\/wp\/v2\/product_cat?post=1945"},{"taxonomy":"product_tag","embeddable":true,"href":"https:\/\/jnats.eu\/fr\/wp-json\/wp\/v2\/product_tag?post=1945"}],"curies":[{"name":"wp","href":"https:\/\/api.w.org\/{rel}","templated":true}]}}