{"id":1952,"date":"2024-04-23T10:23:13","date_gmt":"2024-04-23T07:23:13","guid":{"rendered":"http:\/\/jnats.eu\/?post_type=product&#038;p=1952"},"modified":"2024-12-24T12:06:35","modified_gmt":"2024-12-24T10:06:35","slug":"costume-shiro-lotus-noir-okudo","status":"publish","type":"product","link":"https:\/\/jnats.eu\/fr\/produit-2\/costume-shiro-lotus-noir-okudo\/","title":{"rendered":"Costume Shiro Lotus noir d&#039;Okudo"},"content":{"rendered":"<p>Cette pierre est dure et assez fine, mais a une excellente r\u00e9ponse et vitesse d\u2019aff\u00fbtage. Il ne d\u00e9tache pratiquement pas sa suspension, mais m\u00eame sans elle, la vitesse de travail est \u00e9lev\u00e9e. Le polissage peut \u00eatre acc\u00e9l\u00e9r\u00e9 \u00e0 l&#039;aide d&#039;une plaque nagura ou diamant\u00e9e. Cela ne sera pas vraiment n\u00e9cessaire lors de l&#039;aff\u00fbtage, car la zone de contact de l&#039;acier sera beaucoup plus petite. Avec la patience et la technique appropri\u00e9es, les pierres laissent un kasumi brillant et raffin\u00e9 \u00e0 la fois sur le stratifi\u00e9 souple et sur l&#039;acier \u00e0 noyau dur.<\/p>\n\n\n\n<p>La lame est assez agressive et convient parfaitement aux couteaux de cuisine. Cette pierre fonctionne \u00e9galement bien avec les outils de menuiserie, par ex. ciseaux et rabots. Pour les rasoirs, les outils et le polissage, nous vous d\u00e9conseillons d&#039;utiliser une plaque diamant\u00e9e, car j&#039;ai remarqu\u00e9 que la suspension est in\u00e9gale et pas aussi fine que je le souhaiterais.<\/p>\n\n\n\n<p>Les dimensions de la pierre vous permettront de r\u00e9aliser tous les travaux confortablement. La pierre est de couleur blanche avec des points noirs &quot;Fleurs de Lotus&quot; r\u00e9partis sur toute la surface et l&#039;\u00e9paisseur. Plus profond\u00e9ment sur les c\u00f4t\u00e9s, il y en a quelques petits qui sont \u00e0 peine visibles\u00a0<em>AVEC<\/em>\u00a0(trous), gr\u00e2ce auxquels les pierres \u00e0 aiguiser Suita acqui\u00e8rent une vitesse de travail encore plus \u00e9lev\u00e9e. Il n\u2019y a cependant absolument aucune ligne toxique <strong>des groupes de points noirs peuvent constituer un obstacle dans certains cas. Par exemple frapper avec la courbe de la lame peut l\u2019endommager\u00a0!<\/strong><\/p>\n\n\n\n<p>Les deux parties sont pr\u00eates \u00e0 travailler. L&#039;un est plus grossier - pour la phase d&#039;aff\u00fbtage initiale, l&#039;autre - fin, pour la finition.<\/p>\n\n\n\n<p><strong>Okudo (\u5965 \u6bbf)<\/strong><br>Mine orientale, c\u00e9l\u00e8bre pour sa suite. Ces pierres sont souvent appel\u00e9es le \u00ab roi des costumes \u00bb et sont peut-\u00eatre les plus recherch\u00e9es parmi leurs \u00ab coll\u00e8gues \u00bb. Ils sont g\u00e9n\u00e9ralement tr\u00e8s durs, assez petits et rapides. Les pierres Okudo authentiques sont g\u00e9n\u00e9ralement tr\u00e8s ch\u00e8res et rares.<\/p>\n\n\n\n<figure class=\"wp-block-embed is-type-video is-provider-youtube wp-block-embed-youtube wp-embed-aspect-16-9 wp-has-aspect-ratio\"><div class=\"wp-block-embed__wrapper\">\n<div class=\"video-container\"><iframe title=\"Costume Okudo Tenjyou, Costume Okudo Black Lotus Shiro, Costume Ohira Renge, Costume Atago Shiro\" width=\"1170\" height=\"658\" src=\"https:\/\/www.youtube.com\/embed\/rH67SY_9N9o?start=218&#038;feature=oembed\" frameborder=\"0\" allow=\"accelerometer; autoplay; clipboard-write; encrypted-media; gyroscope; picture-in-picture; web-share\" referrerpolicy=\"strict-origin-when-cross-origin\" allowfullscreen><\/iframe><\/div>\n<\/div><\/figure>","protected":false},"excerpt":{"rendered":"<ul>\n<li>Convient pour la finition des couteaux, ciseaux, outils de menuiserie et autres. Pour les rasoirs - une pr\u00e9finition.<\/li>\n<li>Dimensions : 200x132x20 mm<\/li>\n<li>Poids : 1300g<\/li>\n<li>Duret\u00e9 : Lv 5<\/li>\n<li>Les deux parties sont pr\u00eates \u00e0 travailler<\/li>\n<li><strong>Les accumulations de points noirs peuvent \u00eatre g\u00eanantes dans certains cas. Par exemple frapper avec la courbe de la lame peut l\u2019endommager\u00a0! Il y en a 2 d&#039;un c\u00f4t\u00e9 et plus de l&#039;autre.<\/strong><\/li>\n<\/ul>","protected":false},"featured_media":1954,"comment_status":"open","ping_status":"closed","template":"","meta":[],"product_brand":[],"product_cat":[22],"product_tag":[240,142,87,50],"class_list":{"0":"post-1952","1":"product","2":"type-product","3":"status-publish","4":"has-post-thumbnail","6":"product_cat-jnats","7":"product_tag-black-lotus","8":"product_tag-okudo","9":"product_tag-shiro","10":"product_tag-suita","11":"product_shipping_class-iprastas","13":"first","14":"outofstock","15":"sale","16":"shipping-taxable","17":"purchasable","18":"product-type-simple"},"_links":{"self":[{"href":"https:\/\/jnats.eu\/fr\/wp-json\/wp\/v2\/product\/1952","targetHints":{"allow":["GET"]}}],"collection":[{"href":"https:\/\/jnats.eu\/fr\/wp-json\/wp\/v2\/product"}],"about":[{"href":"https:\/\/jnats.eu\/fr\/wp-json\/wp\/v2\/types\/product"}],"replies":[{"embeddable":true,"href":"https:\/\/jnats.eu\/fr\/wp-json\/wp\/v2\/comments?post=1952"}],"wp:featuredmedia":[{"embeddable":true,"href":"https:\/\/jnats.eu\/fr\/wp-json\/wp\/v2\/media\/1954"}],"wp:attachment":[{"href":"https:\/\/jnats.eu\/fr\/wp-json\/wp\/v2\/media?parent=1952"}],"wp:term":[{"taxonomy":"product_brand","embeddable":true,"href":"https:\/\/jnats.eu\/fr\/wp-json\/wp\/v2\/product_brand?post=1952"},{"taxonomy":"product_cat","embeddable":true,"href":"https:\/\/jnats.eu\/fr\/wp-json\/wp\/v2\/product_cat?post=1952"},{"taxonomy":"product_tag","embeddable":true,"href":"https:\/\/jnats.eu\/fr\/wp-json\/wp\/v2\/product_tag?post=1952"}],"curies":[{"name":"wp","href":"https:\/\/api.w.org\/{rel}","templated":true}]}}