{"id":1969,"date":"2024-04-23T10:39:40","date_gmt":"2024-04-23T07:39:40","guid":{"rendered":"http:\/\/jnats.eu\/?post_type=product&#038;p=1969"},"modified":"2024-11-28T00:01:11","modified_gmt":"2024-11-27T22:01:11","slug":"ohira-renge-suita-kopa","status":"publish","type":"product","link":"https:\/\/jnats.eu\/fr\/produit-2\/ohira-renge-suita-kopa\/","title":{"rendered":"Ohira Renge Suite Koppa"},"content":{"rendered":"<p>Un superbe costume Ohira Renge polyvalent pour une vari\u00e9t\u00e9 de t\u00e2ches. La r\u00e9ponse est tr\u00e8s douce, les lignes ne posent pas de probl\u00e8me \u00e0 ce stade, mais il vaut mieux \u00e9viter les taches brunes visibles car elles peuvent endommager la lame, le prix est donc consid\u00e9rablement r\u00e9duit. La finition Kasumi est brillante et raffin\u00e9e, faisant ressortir les d\u00e9tails du mat\u00e9riau de la lame et laissant une surface \u00ab sans rayures \u00bb dans toutes les conditions de lumi\u00e8re, sauf les plus dures. C&#039;est une excellente pierre adapt\u00e9e \u00e0 une vari\u00e9t\u00e9 de t\u00e2ches : aff\u00fbtage final des couteaux de cuisine, polissage kasumi, outils, ciseaux. C&#039;est Ohira Suita qui a aid\u00e9 la mine \u00e0 acqu\u00e9rir une r\u00e9putation aussi exceptionnelle.<\/p>\n\n\n\n<p>Ce costume shiro blanc est d\u00e9cor\u00e9 de &quot;fleurs de lotus&quot; rouges \u00e9galement connues sous le nom de motif renge. C&#039;est une forme et une taille d\u00e9centes, et les lignes ne posent pas de probl\u00e8me d&#039;aff\u00fbtage. Le fond de la pierre est rempli de polym\u00e8re.<\/p>\n\n\n\n<p><strong>Ohira (\u5927\u5e73, Oohira, Ohirayama)<\/strong><br>Mine occidentale, r\u00e9put\u00e9e pour la qualit\u00e9 de l&#039;Uchigumori et du Suita. Bien que la mine soit encore exploit\u00e9e occasionnellement, les uchigumori et Ohira suita exportables sont de plus en plus difficiles \u00e0 trouver. De nombreux mineurs seraient pr\u00e9occup\u00e9s par l\u2019approvisionnement \u00e0 long terme en pierres uchigumori de qualit\u00e9. En raison de la qualit\u00e9 sup\u00e9rieure de l&#039;Ohira suita et de l&#039;uchigumori, il n&#039;est pas rare que des pierres provenant d&#039;autres mines soient estampill\u00e9es ou vendues sous le nom d&#039;Ohira.<\/p>\n\n\n\n<figure class=\"wp-block-embed is-type-video is-provider-youtube wp-block-embed-youtube wp-embed-aspect-16-9 wp-has-aspect-ratio\"><div class=\"wp-block-embed__wrapper\">\n<div class=\"video-container\"><iframe title=\"Kasumi termine sur Jnats : Ohira, Nisshoyama Naikumo Suita, Shobudani Karasu\" width=\"1170\" height=\"658\" src=\"https:\/\/www.youtube.com\/embed\/EufKzrz4gFs?start=147&#038;feature=oembed\" frameborder=\"0\" allow=\"accelerometer; autoplay; clipboard-write; encrypted-media; gyroscope; picture-in-picture; web-share\" referrerpolicy=\"strict-origin-when-cross-origin\" allowfullscreen><\/iframe><\/div>\n<\/div><\/figure>","protected":false},"excerpt":{"rendered":"<ul>\n<li>Convient pour la finition des couteaux, ciseaux, menuiserie et autres outils. Kasumi \u00e9galement pour la finition.<\/li>\n<li>Dimensions : 180x120x28 mm<\/li>\n<li>Poids : 1390 g<\/li>\n<li>Duret\u00e9 : Lv 4<\/li>\n<li>Les lignes sont s\u00e9curis\u00e9es, <span style=\"color: #993300;\"><strong>taches &quot;toxiques&quot;<\/strong><\/span><\/li>\n<li>Nous recommandons de travailler avec de l&#039;eau ti\u00e8de, car l&#039;eau froide d\u00e9t\u00e9riore la vitesse et la r\u00e9ponse du travail.<\/li>\n<\/ul>","protected":false},"featured_media":1971,"comment_status":"open","ping_status":"closed","template":"","meta":[],"product_brand":[],"product_cat":[22],"product_tag":[241,47,86,50],"class_list":{"0":"post-1969","1":"product","2":"type-product","3":"status-publish","4":"has-post-thumbnail","6":"product_cat-jnats","7":"product_tag-kopa","8":"product_tag-ohira","9":"product_tag-renge","10":"product_tag-suita","11":"product_shipping_class-iprastas","13":"first","14":"outofstock","15":"sale","16":"shipping-taxable","17":"purchasable","18":"product-type-simple"},"_links":{"self":[{"href":"https:\/\/jnats.eu\/fr\/wp-json\/wp\/v2\/product\/1969","targetHints":{"allow":["GET"]}}],"collection":[{"href":"https:\/\/jnats.eu\/fr\/wp-json\/wp\/v2\/product"}],"about":[{"href":"https:\/\/jnats.eu\/fr\/wp-json\/wp\/v2\/types\/product"}],"replies":[{"embeddable":true,"href":"https:\/\/jnats.eu\/fr\/wp-json\/wp\/v2\/comments?post=1969"}],"wp:featuredmedia":[{"embeddable":true,"href":"https:\/\/jnats.eu\/fr\/wp-json\/wp\/v2\/media\/1971"}],"wp:attachment":[{"href":"https:\/\/jnats.eu\/fr\/wp-json\/wp\/v2\/media?parent=1969"}],"wp:term":[{"taxonomy":"product_brand","embeddable":true,"href":"https:\/\/jnats.eu\/fr\/wp-json\/wp\/v2\/product_brand?post=1969"},{"taxonomy":"product_cat","embeddable":true,"href":"https:\/\/jnats.eu\/fr\/wp-json\/wp\/v2\/product_cat?post=1969"},{"taxonomy":"product_tag","embeddable":true,"href":"https:\/\/jnats.eu\/fr\/wp-json\/wp\/v2\/product_tag?post=1969"}],"curies":[{"name":"wp","href":"https:\/\/api.w.org\/{rel}","templated":true}]}}