{"id":1976,"date":"2024-04-23T10:52:41","date_gmt":"2024-04-23T07:52:41","guid":{"rendered":"http:\/\/jnats.eu\/?post_type=product&#038;p=1976"},"modified":"2024-04-26T10:14:33","modified_gmt":"2024-04-26T07:14:33","slug":"suite-atago-shiro","status":"publish","type":"product","link":"https:\/\/jnats.eu\/fr\/produit-2\/suite-atago-shiro\/","title":{"rendered":"Suite Atago Shiro"},"content":{"rendered":"<p>Un costume tr\u00e8s rare que je n&#039;ai vu que quelques fois dans le commerce. Cette pierre est moyennement dure et fine avec une sensation et une vitesse d&#039;aff\u00fbtage moyennes. Il ne formera pas de p\u00e2te, nous vous recommandons donc d&#039;utiliser du nagura pour acc\u00e9l\u00e9rer le polissage des couteaux. \u00c0 l\u2019inverse, les d\u00e9chets de m\u00e9tal noir s\u2019accumuleront rapidement lorsque vous travaillerez la lame sur la pierre. Avec la patience et la technique appropri\u00e9es, les pierres laissent un kasumi brillant et raffin\u00e9 \u00e0 la fois sur le stratifi\u00e9 souple et sur l&#039;acier \u00e0 noyau dur.<\/p>\n\n\n\n<p>La lame est peu agressive, mais elle convient parfaitement aux couteaux de cuisine. Cette pierre fonctionne \u00e9galement bien avec les outils de menuiserie, par ex. pour les ciseaux et les rabots et constitue une excellente pr\u00e9paration de pr\u00e9-finition au rasoir. <\/p>\n\n\n\n<p>La pierre \u00e0 aiguiser Atago Shiro Suita fera parfaitement tout le travail. La pierre est de couleur grise avec des taches ros\u00e9es et des lignes jaun\u00e2tres en namaz, qui peuvent ressembler \u00e0 des \u00e9gratignures \u00e0 premi\u00e8re vue. Pas de lignes toxiques.<\/p>\n\n\n\n<p><strong>Atagoyama<\/strong><br>Cette mine produisait des pierres de Chu-ishi naori, g\u00e9n\u00e9ralement grosses et propres. Le mont Atago est souvent consid\u00e9r\u00e9 comme le centre de la zone mini\u00e8re de pierre \u00e0 aiguiser de Kyoto.<\/p>\n\n\n\n<figure class=\"wp-block-embed is-type-video is-provider-youtube wp-block-embed-youtube wp-embed-aspect-16-9 wp-has-aspect-ratio\"><div class=\"wp-block-embed__wrapper\">\n<div class=\"video-container\"><iframe title=\"Costume Okudo Tenjyou, Costume Okudo Black Lotus Shiro, Costume Ohira Renge, Costume Atago Shiro\" width=\"1170\" height=\"658\" src=\"https:\/\/www.youtube.com\/embed\/rH67SY_9N9o?start=549&#038;feature=oembed\" frameborder=\"0\" allow=\"accelerometer; autoplay; clipboard-write; encrypted-media; gyroscope; picture-in-picture; web-share\" referrerpolicy=\"strict-origin-when-cross-origin\" allowfullscreen><\/iframe><\/div>\n<\/div><\/figure>","protected":false},"excerpt":{"rendered":"<ul>\n<li>Convient pour la finition des couteaux, ciseaux, outils de menuiserie et autres. Pour les rasoirs - une pr\u00e9finition.<\/li>\n<li>Dimensions : 204x75x33 mm<\/li>\n<li>Poids avec support : 1780 g<\/li>\n<li>Duret\u00e9 : Lv 4<\/li>\n<li>Les lignes sont s\u00e9curis\u00e9es<\/li>\n<li>La surface est lisse et pr\u00eate \u00e0 travailler<\/li>\n<li>Nous recommandons de travailler avec de l&#039;eau ti\u00e8de, car l&#039;eau froide d\u00e9t\u00e9riore la vitesse et la r\u00e9ponse du travail.<\/li>\n<\/ul>","protected":false},"featured_media":1980,"comment_status":"open","ping_status":"closed","template":"","meta":[],"product_brand":[],"product_cat":[22],"product_tag":[242,87,50],"class_list":{"0":"post-1976","1":"product","2":"type-product","3":"status-publish","4":"has-post-thumbnail","6":"product_cat-jnats","7":"product_tag-atago","8":"product_tag-shiro","9":"product_tag-suita","10":"product_shipping_class-iprastas","12":"first","13":"instock","14":"sale","15":"shipping-taxable","16":"purchasable","17":"product-type-simple"},"_links":{"self":[{"href":"https:\/\/jnats.eu\/fr\/wp-json\/wp\/v2\/product\/1976","targetHints":{"allow":["GET"]}}],"collection":[{"href":"https:\/\/jnats.eu\/fr\/wp-json\/wp\/v2\/product"}],"about":[{"href":"https:\/\/jnats.eu\/fr\/wp-json\/wp\/v2\/types\/product"}],"replies":[{"embeddable":true,"href":"https:\/\/jnats.eu\/fr\/wp-json\/wp\/v2\/comments?post=1976"}],"wp:featuredmedia":[{"embeddable":true,"href":"https:\/\/jnats.eu\/fr\/wp-json\/wp\/v2\/media\/1980"}],"wp:attachment":[{"href":"https:\/\/jnats.eu\/fr\/wp-json\/wp\/v2\/media?parent=1976"}],"wp:term":[{"taxonomy":"product_brand","embeddable":true,"href":"https:\/\/jnats.eu\/fr\/wp-json\/wp\/v2\/product_brand?post=1976"},{"taxonomy":"product_cat","embeddable":true,"href":"https:\/\/jnats.eu\/fr\/wp-json\/wp\/v2\/product_cat?post=1976"},{"taxonomy":"product_tag","embeddable":true,"href":"https:\/\/jnats.eu\/fr\/wp-json\/wp\/v2\/product_tag?post=1976"}],"curies":[{"name":"wp","href":"https:\/\/api.w.org\/{rel}","templated":true}]}}