{"id":1982,"date":"2024-04-23T11:05:48","date_gmt":"2024-04-23T08:05:48","guid":{"rendered":"http:\/\/jnats.eu\/?post_type=product&#038;p=1982"},"modified":"2024-12-15T22:12:52","modified_gmt":"2024-12-15T20:12:52","slug":"suite-de-lotus-rouge-rishonzan-shiro","status":"publish","type":"product","link":"https:\/\/jnats.eu\/fr\/produit-2\/suite-de-lotus-rouge-rishonzan-shiro\/","title":{"rendered":"Nisshoyama Rishonzan Shiro Costume Lotus Rouge"},"content":{"rendered":"<p>Tr\u00e8s rare suite de lotus rouge Nisshoyama Rishonzan Shiro. Cette pierre est moyennement dure et fine avec une sensation et une vitesse d&#039;aff\u00fbtage moyennes. Il est difficile de lib\u00e9rer sa propre suspension, c&#039;est pourquoi nous recommandons d&#039;utiliser du nagura pour acc\u00e9l\u00e9rer le polissage des couteaux. \u00c0 l\u2019inverse, les d\u00e9chets de m\u00e9tal noir s\u2019accumuleront rapidement lorsque vous aff\u00fbterez votre lame sur de la pierre. Avec la patience et la technique appropri\u00e9es, les pierres laissent un kasumi brillant et raffin\u00e9 \u00e0 la fois sur le stratifi\u00e9 souple et sur l&#039;acier \u00e0 noyau dur.<\/p>\n\n\n\n<p>La lame est assez agressive et convient parfaitement aux couteaux de cuisine. Cette pierre fonctionne \u00e9galement bien avec les outils de menuiserie, par ex. ciseaux et rabots. Les rasoirs ne fonctionneront pas \u00e0 cause des trous relativement grands sur la surface, appel\u00e9s au Japon <em>avec<\/em>. \u00c0 cause de ce dernier, il est \u00e9galement pr\u00e9f\u00e9rable de ne pas utiliser beaucoup de force lors de l\u2019aff\u00fbtage.<\/p>\n\n\n\n<p>Le fond n&#039;est pas lisse, il serait donc pr\u00e9f\u00e9rable de coller la pierre sur le bois ou de la lisser.<\/p>\n\n\n\n<figure class=\"wp-block-embed is-type-video is-provider-youtube wp-block-embed-youtube wp-embed-aspect-16-9 wp-has-aspect-ratio\"><div class=\"wp-block-embed__wrapper\">\n<div class=\"video-container\"><iframe title=\"Kasumi termine sur Jnats : Ohira, Nisshoyama Naikumo Suita, Shobudani Karasu\" width=\"1170\" height=\"658\" src=\"https:\/\/www.youtube.com\/embed\/EufKzrz4gFs?start=437&feature=oembed\" frameborder=\"0\" allow=\"accelerometer; autoplay; clipboard-write; encrypted-media; gyroscope; picture-in-picture; web-share\" referrerpolicy=\"strict-origin-when-cross-origin\" allowfullscreen><\/iframe><\/div>\n<\/div><\/figure>","protected":false},"excerpt":{"rendered":"<ul>\n<li>Convient pour les couteaux de finition, les ciseaux, les outils de menuiserie et autres.<\/li>\n<li>Dimensions : 150x90x30 mm<\/li>\n<li>Poids : 960g<\/li>\n<li>Duret\u00e9 : Lv 4<\/li>\n<li>Les lignes sont s\u00e9curis\u00e9es<\/li>\n<li>La surface est lisse et pr\u00eate \u00e0 travailler<\/li>\n<li>Nous recommandons de travailler avec de l&#039;eau ti\u00e8de, car l&#039;eau froide d\u00e9t\u00e9riore la vitesse et la r\u00e9ponse du travail.<\/li>\n<\/ul>","protected":false},"featured_media":1985,"comment_status":"open","ping_status":"closed","template":"","meta":[],"product_brand":[],"product_cat":[22],"product_tag":[179,244,243,87,50],"class_list":{"0":"post-1982","1":"product","2":"type-product","3":"status-publish","4":"has-post-thumbnail","6":"product_cat-jnats","7":"product_tag-nisshoyama","8":"product_tag-red-lotus","9":"product_tag-rishonzan","10":"product_tag-shiro","11":"product_tag-suita","12":"product_shipping_class-iprastas","14":"first","15":"outofstock","16":"sale","17":"shipping-taxable","18":"purchasable","19":"product-type-simple"},"_links":{"self":[{"href":"https:\/\/jnats.eu\/fr\/wp-json\/wp\/v2\/product\/1982","targetHints":{"allow":["GET"]}}],"collection":[{"href":"https:\/\/jnats.eu\/fr\/wp-json\/wp\/v2\/product"}],"about":[{"href":"https:\/\/jnats.eu\/fr\/wp-json\/wp\/v2\/types\/product"}],"replies":[{"embeddable":true,"href":"https:\/\/jnats.eu\/fr\/wp-json\/wp\/v2\/comments?post=1982"}],"wp:featuredmedia":[{"embeddable":true,"href":"https:\/\/jnats.eu\/fr\/wp-json\/wp\/v2\/media\/1985"}],"wp:attachment":[{"href":"https:\/\/jnats.eu\/fr\/wp-json\/wp\/v2\/media?parent=1982"}],"wp:term":[{"taxonomy":"product_brand","embeddable":true,"href":"https:\/\/jnats.eu\/fr\/wp-json\/wp\/v2\/product_brand?post=1982"},{"taxonomy":"product_cat","embeddable":true,"href":"https:\/\/jnats.eu\/fr\/wp-json\/wp\/v2\/product_cat?post=1982"},{"taxonomy":"product_tag","embeddable":true,"href":"https:\/\/jnats.eu\/fr\/wp-json\/wp\/v2\/product_tag?post=1982"}],"curies":[{"name":"wp","href":"https:\/\/api.w.org\/{rel}","templated":true}]}}