{"id":1993,"date":"2024-04-24T09:50:15","date_gmt":"2024-04-24T06:50:15","guid":{"rendered":"http:\/\/jnats.eu\/?post_type=product&#038;p=1993"},"modified":"2025-10-08T12:28:10","modified_gmt":"2025-10-08T09:28:10","slug":"atago-shiro-suita-naturalus-japoniskas-akmuo-galandinimui","status":"publish","type":"product","link":"https:\/\/jnats.eu\/fr\/produit-2\/atago-shiro-suita-naturalus-japoniskas-akmuo-galandinimui\/","title":{"rendered":"Atago Suita Pierre \u00e0 aiguiser japonaise naturelle"},"content":{"rendered":"<p>Une Suita tr\u00e8s rare, que je n'ai vue que quelques fois dans le commerce. Cette pierre est moyennement dure et fine, avec une r\u00e9ponse et une vitesse d'aiguisage moyennes. Elle ne forme pas de boue, c'est pourquoi nous recommandons l'utilisation d'une nagura pour acc\u00e9l\u00e9rer le polissage des couteaux. Au contraire, les d\u00e9chets de m\u00e9tal noir s'accumulent rapidement lorsque vous travaillez la lame sur la pierre. Avec un peu de patience et une bonne technique, les pierres laisseront un kasumi brillant et raffin\u00e9 sur les lamin\u00e9s tendres et les aciers durs.<\/p>\n\n\n\n<p>La lame est peu agressive, mais elle convient parfaitement aux couteaux de cuisine. Cette pierre fonctionne \u00e9galement bien avec les outils de menuiserie, par ex. pour les ciseaux, les rabots et constitue une excellente pr\u00e9paration de pr\u00e9-finition au rasoir.<\/p>\n\n\n\n<p>La pierre \u00e0 aiguiser Atago Shiro Suita fera parfaitement tout le travail. La pierre est de couleur grise avec des taches roses et jaun\u00e2tres en namaz. Pas de lignes toxiques.<\/p>\n\n\n\n<p><strong>Atagoyama<\/strong><br>Cette mine produisait des pierres de Chu-ishi naori, g\u00e9n\u00e9ralement grosses et propres. Le mont Atago est souvent consid\u00e9r\u00e9 comme le centre de la zone mini\u00e8re de pierre \u00e0 aiguiser de Kyoto.<\/p>","protected":false},"excerpt":{"rendered":"<ul>\n<li>Convient pour la finition des couteaux, ciseaux, menuiserie et autres outils. Pour les rasoirs - pr\u00e9finition.<\/li>\n<li>Dimensions : 209x77x20 mm<\/li>\n<li>Poids : 780g<\/li>\n<li>Duret\u00e9 : Lv 3.7<\/li>\n<li>Les lignes sont s\u00e9curis\u00e9es<\/li>\n<li>La surface est lisse et pr\u00eate \u00e0 travailler<\/li>\n<li>Nous recommandons de travailler avec de l&#039;eau ti\u00e8de, car l&#039;eau froide d\u00e9t\u00e9riore la vitesse et la r\u00e9ponse du travail.<\/li>\n<\/ul>","protected":false},"featured_media":2106,"comment_status":"open","ping_status":"closed","template":"","meta":[],"product_brand":[],"product_cat":[22],"product_tag":[242,245,87,50],"class_list":{"0":"post-1993","1":"product","2":"type-product","3":"status-publish","4":"has-post-thumbnail","6":"product_cat-jnats","7":"product_tag-atago","8":"product_tag-naturalus-japoniskas-akmuo-galandinimui","9":"product_tag-shiro","10":"product_tag-suita","11":"product_shipping_class-iprastas","13":"first","14":"outofstock","15":"sale","16":"shipping-taxable","17":"purchasable","18":"product-type-simple"},"_links":{"self":[{"href":"https:\/\/jnats.eu\/fr\/wp-json\/wp\/v2\/product\/1993","targetHints":{"allow":["GET"]}}],"collection":[{"href":"https:\/\/jnats.eu\/fr\/wp-json\/wp\/v2\/product"}],"about":[{"href":"https:\/\/jnats.eu\/fr\/wp-json\/wp\/v2\/types\/product"}],"replies":[{"embeddable":true,"href":"https:\/\/jnats.eu\/fr\/wp-json\/wp\/v2\/comments?post=1993"}],"wp:featuredmedia":[{"embeddable":true,"href":"https:\/\/jnats.eu\/fr\/wp-json\/wp\/v2\/media\/2106"}],"wp:attachment":[{"href":"https:\/\/jnats.eu\/fr\/wp-json\/wp\/v2\/media?parent=1993"}],"wp:term":[{"taxonomy":"product_brand","embeddable":true,"href":"https:\/\/jnats.eu\/fr\/wp-json\/wp\/v2\/product_brand?post=1993"},{"taxonomy":"product_cat","embeddable":true,"href":"https:\/\/jnats.eu\/fr\/wp-json\/wp\/v2\/product_cat?post=1993"},{"taxonomy":"product_tag","embeddable":true,"href":"https:\/\/jnats.eu\/fr\/wp-json\/wp\/v2\/product_tag?post=1993"}],"curies":[{"name":"wp","href":"https:\/\/api.w.org\/{rel}","templated":true}]}}