{"id":200,"date":"2024-02-25T13:49:31","date_gmt":"2024-02-25T11:49:31","guid":{"rendered":"http:\/\/jnats.eu\/?post_type=product&#038;p=200"},"modified":"2024-07-03T10:06:44","modified_gmt":"2024-07-03T07:06:44","slug":"pierre-verte-de-nakayama-pour-rasoirs","status":"publish","type":"product","link":"https:\/\/jnats.eu\/fr\/produit-2\/pierre-verte-de-nakayama-pour-rasoirs\/","title":{"rendered":"Pierre \u00e0 rasoir verte Nakayama Honzan"},"content":{"rendered":"<p>La pierre verte Nakayama est parfaite pour la finition des rasoirs. Bien s\u00fbr, il s\u2019adaptera facilement aux couteaux et autres outils. Une pierre naturelle homog\u00e8ne de premi\u00e8re qualit\u00e9 qui m\u00e9riterait certainement le label Maruka si elle \u00e9tait dans la bonne forme. Tout est parfait ici : structure, rapidit\u00e9 de travail, finesse, r\u00e9ponse, etc. Ce type de pierre est l&#039;un des plus appr\u00e9ci\u00e9s non seulement au Japon, mais aussi par les ma\u00eetres du monde entier, c&#039;est pourquoi il co\u00fbte des milliers d&#039;euros. C\u2019est un investissement pour toute votre vie et pour les g\u00e9n\u00e9rations \u00e0 venir, car la pierre s\u2019usera tr\u00e8s lentement.<\/p>\n\n\n\n<p>La pierre meuli\u00e8re de Nakayama est la plus belle pierre extraite dans la pr\u00e9fecture de Kyoto il y a pr\u00e8s de 900 ans. La mine a ferm\u00e9 il y a plus de 30 ans. La mine \u00e9tait tr\u00e8s importante en tant que mine militaire, car les pierres qui y \u00e9taient extraites servaient \u00e0 aiguiser les \u00e9p\u00e9es, et elle a donc \u00e9t\u00e9 longtemps gard\u00e9e par l'empereur du Japon ou le gouvernement japonais. Pendant longtemps, seule la famille Honma pouvait exploiter la mine. Le Nakayama Maruka est une pierre de finition tr\u00e8s recherch\u00e9e, m\u00eame au Japon, car la mine a \u00e9t\u00e9 ferm\u00e9e et il est de plus en plus difficile d'en trouver. Elle est id\u00e9ale pour l'aff\u00fbtage des rasoirs, des couteaux ou d'autres outils n\u00e9cessitant une finition tr\u00e8s d\u00e9licate.<\/p>\n\n\n\n<ul class=\"wp-block-list\">\n<li><strong>Duret\u00e9 : Lv <\/strong>5+<\/li>\n\n\n\n<li><strong>Dimensions (approx.) : 190x120x20 mm<\/strong><\/li>\n\n\n\n<li><strong>Poids (avec support) : 1310 g.<\/strong><\/li>\n\n\n\n<li><strong>Pierre dure, rapide et de structure homog\u00e8ne. Id\u00e9ale pour la finition des rasoirs, couteaux, outils de menuiserie et autres.&nbsp;<\/strong><\/li>\n<\/ul>","protected":false},"excerpt":{"rendered":"<p><!-- wp:list --><\/p>\n<ul><!-- wp:list-item --><\/p>\n<li><strong>Duret\u00e9 : Lv 5+<\/strong><\/li>\n<p><!-- \/wp:list-item --><\/p>\n<p><!-- wp:list-item --><\/p>\n<li><strong>Dimensions (approx.) : 190x120x20 mm<\/strong><\/li>\n<p><!-- \/wp:list-item --><\/p>\n<p><!-- wp:list-item --><\/p>\n<li><strong>Poids (avec support) : 1310 g.<\/strong><\/li>\n<p><!-- \/wp:list-item --><\/p>\n<p><!-- wp:list-item --><\/p>\n<li><strong>Pierre dure, rapide et de structure homog\u00e8ne. Id\u00e9ale pour la finition des rasoirs, couteaux, outils de menuiserie et autres.\u00a0<\/strong><\/li>\n<p><!-- \/wp:list-item --><\/ul>\n<p><!-- \/wp:list --><\/p>","protected":false},"featured_media":1210,"comment_status":"open","ping_status":"closed","template":"","meta":[],"product_brand":[],"product_cat":[22],"product_tag":[58,49],"class_list":{"0":"post-200","1":"product","2":"type-product","3":"status-publish","4":"has-post-thumbnail","6":"product_cat-jnats","7":"product_tag-maruka","8":"product_tag-nakayama","9":"product_shipping_class-iprastas","11":"first","12":"outofstock","13":"sale","14":"shipping-taxable","15":"purchasable","16":"product-type-simple"},"_links":{"self":[{"href":"https:\/\/jnats.eu\/fr\/wp-json\/wp\/v2\/product\/200","targetHints":{"allow":["GET"]}}],"collection":[{"href":"https:\/\/jnats.eu\/fr\/wp-json\/wp\/v2\/product"}],"about":[{"href":"https:\/\/jnats.eu\/fr\/wp-json\/wp\/v2\/types\/product"}],"replies":[{"embeddable":true,"href":"https:\/\/jnats.eu\/fr\/wp-json\/wp\/v2\/comments?post=200"}],"wp:featuredmedia":[{"embeddable":true,"href":"https:\/\/jnats.eu\/fr\/wp-json\/wp\/v2\/media\/1210"}],"wp:attachment":[{"href":"https:\/\/jnats.eu\/fr\/wp-json\/wp\/v2\/media?parent=200"}],"wp:term":[{"taxonomy":"product_brand","embeddable":true,"href":"https:\/\/jnats.eu\/fr\/wp-json\/wp\/v2\/product_brand?post=200"},{"taxonomy":"product_cat","embeddable":true,"href":"https:\/\/jnats.eu\/fr\/wp-json\/wp\/v2\/product_cat?post=200"},{"taxonomy":"product_tag","embeddable":true,"href":"https:\/\/jnats.eu\/fr\/wp-json\/wp\/v2\/product_tag?post=200"}],"curies":[{"name":"wp","href":"https:\/\/api.w.org\/{rel}","templated":true}]}}