{"id":2002,"date":"2024-04-24T09:58:10","date_gmt":"2024-04-24T06:58:10","guid":{"rendered":"http:\/\/jnats.eu\/?post_type=product&#038;p=2002"},"modified":"2025-10-15T11:10:06","modified_gmt":"2025-10-15T08:10:06","slug":"suite-yamashiro-honba-umeghata","status":"publish","type":"product","link":"https:\/\/jnats.eu\/fr\/produit-2\/suite-yamashiro-honba-umeghata\/","title":{"rendered":"Suite Yamashiro Honba Umegahata"},"content":{"rendered":"<p>Cette pierre est d&#039;une duret\u00e9 moyenne sup\u00e9rieure et fine, avec une bonne r\u00e9ponse et une bonne vitesse d&#039;aff\u00fbtage. Il ne formera pas sa propre suspension, nous recommandons donc d&#039;utiliser du nagura pour acc\u00e9l\u00e9rer le polissage des couteaux. \u00c0 l\u2019inverse, les d\u00e9chets de m\u00e9tal noir s\u2019accumuleront rapidement lorsque vous aff\u00fbterez votre lame sur de la pierre. Avec la patience et la technique appropri\u00e9es, les pierres laissent un kasumi brillant et raffin\u00e9 \u00e0 la fois sur le stratifi\u00e9 souple et sur l&#039;acier \u00e0 noyau dur.<\/p>\n\n\n\n<p>La lame est agressive et parfaite pour les couteaux de cuisine. Cette pierre fonctionne \u00e9galement bien avec les outils de menuiserie, par ex. pour les ciseaux et les rabots et constitue une excellente pr\u00e9paration de pr\u00e9-finition au rasoir.<\/p>\n\n\n\n<p>La pierre de finition japonaise Yamashiro Honba Umegahata Suita fera parfaitement l'affaire. Pas de lignes toxiques.<\/p>\n\n\n\n<figure class=\"wp-block-embed is-type-video is-provider-youtube wp-block-embed-youtube wp-embed-aspect-16-9 wp-has-aspect-ratio\"><div class=\"wp-block-embed__wrapper\">\n<div class=\"video-container\"><iframe title=\"Yamashiro Honba Umegahata Suita vs Couteau de chef Apex Ultra 66 HRC\" width=\"1170\" height=\"658\" src=\"https:\/\/www.youtube.com\/embed\/OKUOUb-1hes?feature=oembed\" frameborder=\"0\" allow=\"accelerometer; autoplay; clipboard-write; encrypted-media; gyroscope; picture-in-picture; web-share\" referrerpolicy=\"strict-origin-when-cross-origin\" allowfullscreen><\/iframe><\/div>\n<\/div><\/figure>","protected":false},"excerpt":{"rendered":"<ul>\n<li>Convient pour les couteaux de finition, les ciseaux, les outils de menuiserie et autres.\u00a0<\/li>\n<li>Dimensions : 201x77x43mm<\/li>\n<li>Poids : 1620 g<\/li>\n<li>Duret\u00e9\u00a0:\u00a0Niv 4,5<\/li>\n<li>Les lignes sont s\u00e9curis\u00e9es<\/li>\n<li>La surface est lisse et pr\u00eate \u00e0 \u00eatre travaill\u00e9e. L&#039;autre face est \u00e9galement plate et peut facilement \u00eatre finie par repassage.<\/li>\n<li>Nous recommandons de travailler avec de l&#039;eau ti\u00e8de, car l&#039;eau froide d\u00e9t\u00e9riore la vitesse et la r\u00e9ponse du travail.<\/li>\n<\/ul>","protected":false},"featured_media":2004,"comment_status":"open","ping_status":"closed","template":"","meta":[],"product_brand":[],"product_cat":[22],"product_tag":[246,50,68,247],"class_list":{"0":"post-2002","1":"product","2":"type-product","3":"status-publish","4":"has-post-thumbnail","6":"product_cat-jnats","7":"product_tag-honba","8":"product_tag-suita","9":"product_tag-umegahata","10":"product_tag-yamashiro","11":"product_shipping_class-iprastas","13":"first","14":"outofstock","15":"sale","16":"shipping-taxable","17":"purchasable","18":"product-type-simple"},"_links":{"self":[{"href":"https:\/\/jnats.eu\/fr\/wp-json\/wp\/v2\/product\/2002","targetHints":{"allow":["GET"]}}],"collection":[{"href":"https:\/\/jnats.eu\/fr\/wp-json\/wp\/v2\/product"}],"about":[{"href":"https:\/\/jnats.eu\/fr\/wp-json\/wp\/v2\/types\/product"}],"replies":[{"embeddable":true,"href":"https:\/\/jnats.eu\/fr\/wp-json\/wp\/v2\/comments?post=2002"}],"wp:featuredmedia":[{"embeddable":true,"href":"https:\/\/jnats.eu\/fr\/wp-json\/wp\/v2\/media\/2004"}],"wp:attachment":[{"href":"https:\/\/jnats.eu\/fr\/wp-json\/wp\/v2\/media?parent=2002"}],"wp:term":[{"taxonomy":"product_brand","embeddable":true,"href":"https:\/\/jnats.eu\/fr\/wp-json\/wp\/v2\/product_brand?post=2002"},{"taxonomy":"product_cat","embeddable":true,"href":"https:\/\/jnats.eu\/fr\/wp-json\/wp\/v2\/product_cat?post=2002"},{"taxonomy":"product_tag","embeddable":true,"href":"https:\/\/jnats.eu\/fr\/wp-json\/wp\/v2\/product_tag?post=2002"}],"curies":[{"name":"wp","href":"https:\/\/api.w.org\/{rel}","templated":true}]}}