{"id":2008,"date":"2024-04-24T10:08:32","date_gmt":"2024-04-24T07:08:32","guid":{"rendered":"http:\/\/jnats.eu\/?post_type=product&#038;p=2008"},"modified":"2024-06-30T20:00:20","modified_gmt":"2024-06-30T17:00:20","slug":"shohonyama-aiiwatani-kiita-nashiji-tomae-koppa","status":"publish","type":"product","link":"https:\/\/jnats.eu\/fr\/produit-2\/shohonyama-aiiwatani-kiita-nashiji-tomae-koppa\/","title":{"rendered":"Shohonyama Aiiwatani Kiita Nashiji Tomae Koppa"},"content":{"rendered":"<p>Bien que la surface soit suffisamment grande pour \u00eatre fonctionnelle pour de petits travaux d&#039;aff\u00fbtage, la forme de cette pierre la rend mieux adapt\u00e9e comme tomo-nagura luxueux pour les pierres \u00e0 aiguiser plus grandes. La pierre est tr\u00e8s fine et pas trop dure, ce qui en fait un donneur de suspension id\u00e9al pour les pierres Awasedo extra fines et dures.<\/p>\n\n\n\n<p>La pierre pr\u00e9sente des couleurs kiita et asagi avec une couche nashiji. La face arri\u00e8re est in\u00e9gale.<\/p>\n\n\n\n<p><strong>Aiiwatani (\u76f8\u5ca9\u8c37, \u76f8\u5ca9\u8c37\u7523, \u5ca9\u8c37, Iwatani, Iwadani, Ai Iwatani, Aiwadani)<\/strong><br>Cette mine prolifique de l\u2019Est produisait des pierres r\u00e9put\u00e9es dures et fines. Ils sont souvent vendus comme une alternative moins ch\u00e8re au Nakayama awasedo, tr\u00e8s dur, utilis\u00e9 pour finir les rasoirs et les outils de menuiserie.<\/p>","protected":false},"excerpt":{"rendered":"<ul>\n<li>Convient pour la finition des rasoirs, des couteaux, des ciseaux, des outils de menuiserie et autres.<\/li>\n<li>Dimensions : 135x102x20 mm<\/li>\n<li>Poids : 700g<\/li>\n<li>Duret\u00e9 : Lv 4<\/li>\n<li>La surface est lisse et pr\u00eate \u00e0 travailler<\/li>\n<li>Nous recommandons de travailler avec de l&#039;eau ti\u00e8de, car l&#039;eau froide d\u00e9t\u00e9riore la vitesse et la r\u00e9ponse du travail.<\/li>\n<\/ul>","protected":false},"featured_media":2010,"comment_status":"open","ping_status":"closed","template":"","meta":[],"product_brand":[],"product_cat":[22],"product_tag":[65,248,67],"class_list":{"0":"post-2008","1":"product","2":"type-product","3":"status-publish","4":"has-post-thumbnail","6":"product_cat-jnats","7":"product_tag-aiwatani","8":"product_tag-shohonyma","9":"product_tag-tomae","10":"product_shipping_class-iprastas","12":"first","13":"outofstock","14":"shipping-taxable","15":"purchasable","16":"product-type-simple"},"_links":{"self":[{"href":"https:\/\/jnats.eu\/fr\/wp-json\/wp\/v2\/product\/2008","targetHints":{"allow":["GET"]}}],"collection":[{"href":"https:\/\/jnats.eu\/fr\/wp-json\/wp\/v2\/product"}],"about":[{"href":"https:\/\/jnats.eu\/fr\/wp-json\/wp\/v2\/types\/product"}],"replies":[{"embeddable":true,"href":"https:\/\/jnats.eu\/fr\/wp-json\/wp\/v2\/comments?post=2008"}],"wp:featuredmedia":[{"embeddable":true,"href":"https:\/\/jnats.eu\/fr\/wp-json\/wp\/v2\/media\/2010"}],"wp:attachment":[{"href":"https:\/\/jnats.eu\/fr\/wp-json\/wp\/v2\/media?parent=2008"}],"wp:term":[{"taxonomy":"product_brand","embeddable":true,"href":"https:\/\/jnats.eu\/fr\/wp-json\/wp\/v2\/product_brand?post=2008"},{"taxonomy":"product_cat","embeddable":true,"href":"https:\/\/jnats.eu\/fr\/wp-json\/wp\/v2\/product_cat?post=2008"},{"taxonomy":"product_tag","embeddable":true,"href":"https:\/\/jnats.eu\/fr\/wp-json\/wp\/v2\/product_tag?post=2008"}],"curies":[{"name":"wp","href":"https:\/\/api.w.org\/{rel}","templated":true}]}}