{"id":2019,"date":"2024-04-24T10:18:37","date_gmt":"2024-04-24T07:18:37","guid":{"rendered":"http:\/\/jnats.eu\/?post_type=product&#038;p=2019"},"modified":"2024-05-18T10:58:21","modified_gmt":"2024-05-18T07:58:21","slug":"ouchi-aisa-awasedo-naturalus-japoniskas-akmuo-galandinimui","status":"publish","type":"product","link":"https:\/\/jnats.eu\/fr\/produit-2\/ouchi-aisa-awasedo-naturalus-japoniskas-akmuo-galandinimui\/","title":{"rendered":"Ouchi Aisa Awasedo Pierre \u00e0 aiguiser japonaise naturelle"},"content":{"rendered":"<p>Pierre douce et moyenne vitesse pour la finition de l&#039;aff\u00fbtage.<\/p>","protected":false},"excerpt":{"rendered":"<ul>\n<li>Convient pour la finition des rasoirs, des couteaux, des ciseaux, des outils de menuiserie et autres.<\/li>\n<li>Dimensions : 190x70x15 mm<\/li>\n<li>Poids : 519 g<\/li>\n<li>Duret\u00e9 : Lv 4<\/li>\n<li>Les lignes sont s\u00e9curis\u00e9es<\/li>\n<li>La surface est lisse et pr\u00eate \u00e0 travailler<\/li>\n<li>Nous recommandons de travailler avec de l&#039;eau ti\u00e8de, car l&#039;eau froide d\u00e9t\u00e9riore la vitesse et la r\u00e9ponse du travail.<\/li>\n<\/ul>","protected":false},"featured_media":2023,"comment_status":"open","ping_status":"closed","template":"","meta":[],"product_brand":[],"product_cat":[22],"product_tag":[250,40,251],"class_list":{"0":"post-2019","1":"product","2":"type-product","3":"status-publish","4":"has-post-thumbnail","6":"product_cat-jnats","7":"product_tag-aisa","8":"product_tag-awasedo","9":"product_tag-ouchi","10":"product_shipping_class-iprastas","12":"first","13":"outofstock","14":"shipping-taxable","15":"purchasable","16":"product-type-simple"},"_links":{"self":[{"href":"https:\/\/jnats.eu\/fr\/wp-json\/wp\/v2\/product\/2019","targetHints":{"allow":["GET"]}}],"collection":[{"href":"https:\/\/jnats.eu\/fr\/wp-json\/wp\/v2\/product"}],"about":[{"href":"https:\/\/jnats.eu\/fr\/wp-json\/wp\/v2\/types\/product"}],"replies":[{"embeddable":true,"href":"https:\/\/jnats.eu\/fr\/wp-json\/wp\/v2\/comments?post=2019"}],"wp:featuredmedia":[{"embeddable":true,"href":"https:\/\/jnats.eu\/fr\/wp-json\/wp\/v2\/media\/2023"}],"wp:attachment":[{"href":"https:\/\/jnats.eu\/fr\/wp-json\/wp\/v2\/media?parent=2019"}],"wp:term":[{"taxonomy":"product_brand","embeddable":true,"href":"https:\/\/jnats.eu\/fr\/wp-json\/wp\/v2\/product_brand?post=2019"},{"taxonomy":"product_cat","embeddable":true,"href":"https:\/\/jnats.eu\/fr\/wp-json\/wp\/v2\/product_cat?post=2019"},{"taxonomy":"product_tag","embeddable":true,"href":"https:\/\/jnats.eu\/fr\/wp-json\/wp\/v2\/product_tag?post=2019"}],"curies":[{"name":"wp","href":"https:\/\/api.w.org\/{rel}","templated":true}]}}