{"id":2033,"date":"2024-04-24T10:37:39","date_gmt":"2024-04-24T07:37:39","guid":{"rendered":"http:\/\/jnats.eu\/?post_type=product&#038;p=2033"},"modified":"2024-12-05T07:22:36","modified_gmt":"2024-12-05T05:22:36","slug":"ohira-renge-suita-2","status":"publish","type":"product","link":"https:\/\/jnats.eu\/fr\/produit-2\/ohira-renge-suita-2\/","title":{"rendered":"Suite Ohira Renge"},"content":{"rendered":"<p>Un superbe costume Ohira Renge polyvalent pour une vari\u00e9t\u00e9 de t\u00e2ches. La r\u00e9ponse est tr\u00e8s fluide, les lignes ne posent pas de probl\u00e8me pour le moment. La finition Kasumi est brillante et raffin\u00e9e, faisant ressortir les d\u00e9tails du mat\u00e9riau de la lame et laissant une surface \u00ab sans rayures \u00bb dans toutes les conditions de lumi\u00e8re, sauf les plus dures. C&#039;est une excellente pierre adapt\u00e9e \u00e0 une vari\u00e9t\u00e9 de t\u00e2ches : aff\u00fbtage final des couteaux de cuisine, polissage kasumi, outils, ciseaux. C&#039;est Ohira Suita qui a aid\u00e9 la mine \u00e0 acqu\u00e9rir une r\u00e9putation aussi exceptionnelle.<\/p>\n\n\n\n<p>Cette Ohira Shiro Suita blanche est d\u00e9cor\u00e9e de \u201efleurs de lotus\u201d rouges, \u00e9galement connues sous le nom de motif renge. La pierre a une bonne forme et une bonne taille, et les lignes sont faciles \u00e0 aiguiser. Les deux faces sont pr\u00eates \u00e0 \u00eatre travaill\u00e9es.<\/p>\n\n\n\n<figure class=\"wp-block-embed is-type-video is-provider-youtube wp-block-embed-youtube wp-embed-aspect-16-9 wp-has-aspect-ratio\"><div class=\"wp-block-embed__wrapper\">\n<div class=\"video-container\"><iframe title=\"Aoto, Aizu, Ohira Suite, Ozuku - Aff\u00fbtage du rasoir Le Moulin\" width=\"1170\" height=\"658\" src=\"https:\/\/www.youtube.com\/embed\/5Q8Nm6aKSYc?start=612&feature=oembed\" frameborder=\"0\" allow=\"accelerometer; autoplay; clipboard-write; encrypted-media; gyroscope; picture-in-picture; web-share\" referrerpolicy=\"strict-origin-when-cross-origin\" allowfullscreen><\/iframe><\/div>\n<\/div><\/figure>\n\n\n\n<p><strong>Ohira (\u5927\u5e73, Oohira, Ohirayama)<\/strong><br>Mine occidentale, r\u00e9put\u00e9e pour la qualit\u00e9 de l&#039;Uchigumori et du Suita. Bien que la mine soit encore exploit\u00e9e occasionnellement, les uchigumori et Ohira suita exportables sont de plus en plus difficiles \u00e0 trouver. De nombreux mineurs seraient pr\u00e9occup\u00e9s par l\u2019approvisionnement \u00e0 long terme en pierres uchigumori de qualit\u00e9. En raison de la qualit\u00e9 sup\u00e9rieure de l&#039;Ohira suita et de l&#039;uchigumori, il n&#039;est pas rare que des pierres provenant d&#039;autres mines soient estampill\u00e9es ou vendues sous le nom d&#039;Ohira.<\/p>","protected":false},"excerpt":{"rendered":"<ul>\n<li>Convient pour la finition des couteaux, ciseaux, menuiserie et autres outils. Kasumi \u00e9galement pour la finition.<\/li>\n<li>Dimensions : 207x76x22 mm<\/li>\n<li>Poids : 707 g<\/li>\n<li>Duret\u00e9 : Lv 4<\/li>\n<li>Les lignes sont s\u00e9curis\u00e9es<\/li>\n<li>Les deux parties sont pr\u00eates \u00e0 travailler.<\/li>\n<li>Nous recommandons de travailler avec de l&#039;eau ti\u00e8de, car l&#039;eau froide d\u00e9t\u00e9riore la vitesse et la r\u00e9ponse du travail.<\/li>\n<\/ul>","protected":false},"featured_media":2036,"comment_status":"open","ping_status":"closed","template":"","meta":[],"product_brand":[],"product_cat":[22],"product_tag":[47,86,50],"class_list":{"0":"post-2033","1":"product","2":"type-product","3":"status-publish","4":"has-post-thumbnail","6":"product_cat-jnats","7":"product_tag-ohira","8":"product_tag-renge","9":"product_tag-suita","10":"product_shipping_class-iprastas","12":"first","13":"outofstock","14":"sale","15":"shipping-taxable","16":"purchasable","17":"product-type-simple"},"_links":{"self":[{"href":"https:\/\/jnats.eu\/fr\/wp-json\/wp\/v2\/product\/2033","targetHints":{"allow":["GET"]}}],"collection":[{"href":"https:\/\/jnats.eu\/fr\/wp-json\/wp\/v2\/product"}],"about":[{"href":"https:\/\/jnats.eu\/fr\/wp-json\/wp\/v2\/types\/product"}],"replies":[{"embeddable":true,"href":"https:\/\/jnats.eu\/fr\/wp-json\/wp\/v2\/comments?post=2033"}],"wp:featuredmedia":[{"embeddable":true,"href":"https:\/\/jnats.eu\/fr\/wp-json\/wp\/v2\/media\/2036"}],"wp:attachment":[{"href":"https:\/\/jnats.eu\/fr\/wp-json\/wp\/v2\/media?parent=2033"}],"wp:term":[{"taxonomy":"product_brand","embeddable":true,"href":"https:\/\/jnats.eu\/fr\/wp-json\/wp\/v2\/product_brand?post=2033"},{"taxonomy":"product_cat","embeddable":true,"href":"https:\/\/jnats.eu\/fr\/wp-json\/wp\/v2\/product_cat?post=2033"},{"taxonomy":"product_tag","embeddable":true,"href":"https:\/\/jnats.eu\/fr\/wp-json\/wp\/v2\/product_tag?post=2033"}],"curies":[{"name":"wp","href":"https:\/\/api.w.org\/{rel}","templated":true}]}}