{"id":2052,"date":"2024-04-24T11:11:56","date_gmt":"2024-04-24T08:11:56","guid":{"rendered":"http:\/\/jnats.eu\/?post_type=product&#038;p=2052"},"modified":"2024-10-20T14:58:20","modified_gmt":"2024-10-20T11:58:20","slug":"ohira-renge-costume-shiro-2","status":"publish","type":"product","link":"https:\/\/jnats.eu\/fr\/produit-2\/ohira-renge-costume-shiro-2\/","title":{"rendered":"Costume Ohira Renge Shiro"},"content":{"rendered":"<p>Un superbe costume Ohira Renge polyvalent pour une vari\u00e9t\u00e9 de t\u00e2ches. La r\u00e9ponse est tr\u00e8s fluide et les lignes ne posent aucun probl\u00e8me. La finition Kasumi est brillante et raffin\u00e9e, faisant ressortir les d\u00e9tails du mat\u00e9riau de la lame et laissant une surface \u00ab sans rayures \u00bb sous toutes les lumi\u00e8res, sauf la plus brillante. C&#039;est une excellente pierre adapt\u00e9e \u00e0 une vari\u00e9t\u00e9 de t\u00e2ches : aff\u00fbtage final des couteaux de cuisine, polissage kasumi, outils, ciseaux. C&#039;est Ohira Suita qui a aid\u00e9 la mine \u00e0 acqu\u00e9rir une r\u00e9putation aussi exceptionnelle.<\/p>\n\n\n\n<p>Ce costume shiro blanc est d\u00e9cor\u00e9 de &quot;fleurs de lotus&quot; rouges \u00e9galement connues sous le nom de motif renge. Il a une forme et une taille superbes, et les lignes ne posent aucun probl\u00e8me d&#039;aff\u00fbtage.<\/p>\n\n\n\n<p><strong>Ohira (\u5927\u5e73, Oohira, Ohirayama)<\/strong><br>Mine occidentale, r\u00e9put\u00e9e pour la qualit\u00e9 de l&#039;Uchigumori et du Suita. Bien que la mine soit encore exploit\u00e9e occasionnellement, les uchigumori et Ohira suita exportables sont de plus en plus difficiles \u00e0 trouver. En raison de la qualit\u00e9 sup\u00e9rieure de l&#039;Ohira suita et de l&#039;uchigumori, il n&#039;est pas rare que des pierres provenant d&#039;autres mines soient estampill\u00e9es ou vendues sous le nom d&#039;Ohira.<\/p>","protected":false},"excerpt":{"rendered":"<ul>\n<li>Convient pour la finition des couteaux, ciseaux, menuiserie et autres outils. Kasumi \u00e9galement pour la finition.<\/li>\n<li>Dimensions : 204x76x34 mm<\/li>\n<li>Poids : 1300g<\/li>\n<li>Duret\u00e9 : Lv 4<\/li>\n<li>Les lignes sont s\u00e9curis\u00e9es<\/li>\n<li>Nous recommandons de travailler avec de l&#039;eau ti\u00e8de, car l&#039;eau froide d\u00e9t\u00e9riore la vitesse et la r\u00e9ponse du travail.<\/li>\n<\/ul>","protected":false},"featured_media":2110,"comment_status":"open","ping_status":"closed","template":"","meta":[],"product_brand":[],"product_cat":[22],"product_tag":[47,86,87,50],"class_list":{"0":"post-2052","1":"product","2":"type-product","3":"status-publish","4":"has-post-thumbnail","6":"product_cat-jnats","7":"product_tag-ohira","8":"product_tag-renge","9":"product_tag-shiro","10":"product_tag-suita","11":"product_shipping_class-iprastas","13":"first","14":"outofstock","15":"shipping-taxable","16":"purchasable","17":"product-type-simple"},"_links":{"self":[{"href":"https:\/\/jnats.eu\/fr\/wp-json\/wp\/v2\/product\/2052","targetHints":{"allow":["GET"]}}],"collection":[{"href":"https:\/\/jnats.eu\/fr\/wp-json\/wp\/v2\/product"}],"about":[{"href":"https:\/\/jnats.eu\/fr\/wp-json\/wp\/v2\/types\/product"}],"replies":[{"embeddable":true,"href":"https:\/\/jnats.eu\/fr\/wp-json\/wp\/v2\/comments?post=2052"}],"wp:featuredmedia":[{"embeddable":true,"href":"https:\/\/jnats.eu\/fr\/wp-json\/wp\/v2\/media\/2110"}],"wp:attachment":[{"href":"https:\/\/jnats.eu\/fr\/wp-json\/wp\/v2\/media?parent=2052"}],"wp:term":[{"taxonomy":"product_brand","embeddable":true,"href":"https:\/\/jnats.eu\/fr\/wp-json\/wp\/v2\/product_brand?post=2052"},{"taxonomy":"product_cat","embeddable":true,"href":"https:\/\/jnats.eu\/fr\/wp-json\/wp\/v2\/product_cat?post=2052"},{"taxonomy":"product_tag","embeddable":true,"href":"https:\/\/jnats.eu\/fr\/wp-json\/wp\/v2\/product_tag?post=2052"}],"curies":[{"name":"wp","href":"https:\/\/api.w.org\/{rel}","templated":true}]}}