{"id":2059,"date":"2024-04-24T11:22:04","date_gmt":"2024-04-24T08:22:04","guid":{"rendered":"http:\/\/jnats.eu\/?post_type=product&#038;p=2059"},"modified":"2025-10-22T15:09:21","modified_gmt":"2025-10-22T12:09:21","slug":"shiro-suita-renge-miyadaiku","status":"publish","type":"product","link":"https:\/\/jnats.eu\/fr\/produit-2\/shiro-suita-renge-miyadaiku\/","title":{"rendered":"Shiro Suita Renge Miyadaiku"},"content":{"rendered":"<p>La suite la plus propre que j&#039;ai jamais vue ! Les pierres \u00e0 aiguiser et \u00e0 polir japonaises de cette taille, de forme id\u00e9ale et de qualit\u00e9 de ce type sont rares, et totalement exemptes de lignes sont pratiquement rares. La pierre est rapide, donne une bonne r\u00e9ponse et des r\u00e9sultats exceptionnels. Les Suita de haute qualit\u00e9 deviennent de plus en plus rares sur le march\u00e9 et cette pierre est un parfait exemple de la fa\u00e7on dont ces pierres \u00e0 aiguiser et \u00e0 polir ont acquis leur grande r\u00e9putation. Ce sp\u00e9cimen est assez finement structur\u00e9. Que votre objectif principal soit l&#039;aff\u00fbtage des lames ou le polissage kasumi, le Suita Renge Miyadaiku ne vous d\u00e9cevra pas.<\/p>\n\n\n\n<p>Base blanche avec petit &quot;lotus&quot; noir et bords jaunes. <\/p>","protected":false},"excerpt":{"rendered":"<ul>\n<li>Convient pour la finition des couteaux, ciseaux, menuiserie et autres outils. Kasumi \u00e9galement pour la finition.<\/li>\n<li>Dimensions : 213x63x35 mm<\/li>\n<li>Poids avec support : 1340 g<\/li>\n<li>Duret\u00e9 : Lv 4<\/li>\n<li>Nous recommandons de travailler avec de l&#039;eau ti\u00e8de, car l&#039;eau froide d\u00e9t\u00e9riore la vitesse et la r\u00e9ponse du travail.<\/li>\n<\/ul>","protected":false},"featured_media":2063,"comment_status":"open","ping_status":"closed","template":"","meta":[],"product_brand":[],"product_cat":[22],"product_tag":[256,86,87,50],"class_list":{"0":"post-2059","1":"product","2":"type-product","3":"status-publish","4":"has-post-thumbnail","6":"product_cat-jnats","7":"product_tag-miyadaiku","8":"product_tag-renge","9":"product_tag-shiro","10":"product_tag-suita","11":"product_shipping_class-iprastas","13":"first","14":"instock","15":"sale","16":"shipping-taxable","17":"purchasable","18":"product-type-simple"},"_links":{"self":[{"href":"https:\/\/jnats.eu\/fr\/wp-json\/wp\/v2\/product\/2059","targetHints":{"allow":["GET"]}}],"collection":[{"href":"https:\/\/jnats.eu\/fr\/wp-json\/wp\/v2\/product"}],"about":[{"href":"https:\/\/jnats.eu\/fr\/wp-json\/wp\/v2\/types\/product"}],"replies":[{"embeddable":true,"href":"https:\/\/jnats.eu\/fr\/wp-json\/wp\/v2\/comments?post=2059"}],"wp:featuredmedia":[{"embeddable":true,"href":"https:\/\/jnats.eu\/fr\/wp-json\/wp\/v2\/media\/2063"}],"wp:attachment":[{"href":"https:\/\/jnats.eu\/fr\/wp-json\/wp\/v2\/media?parent=2059"}],"wp:term":[{"taxonomy":"product_brand","embeddable":true,"href":"https:\/\/jnats.eu\/fr\/wp-json\/wp\/v2\/product_brand?post=2059"},{"taxonomy":"product_cat","embeddable":true,"href":"https:\/\/jnats.eu\/fr\/wp-json\/wp\/v2\/product_cat?post=2059"},{"taxonomy":"product_tag","embeddable":true,"href":"https:\/\/jnats.eu\/fr\/wp-json\/wp\/v2\/product_tag?post=2059"}],"curies":[{"name":"wp","href":"https:\/\/api.w.org\/{rel}","templated":true}]}}