{"id":2065,"date":"2024-04-24T11:31:35","date_gmt":"2024-04-24T08:31:35","guid":{"rendered":"http:\/\/jnats.eu\/?post_type=product&#038;p=2065"},"modified":"2024-11-09T14:30:29","modified_gmt":"2024-11-09T12:30:29","slug":"shohonyama-shobudani-tomae-doux","status":"publish","type":"product","link":"https:\/\/jnats.eu\/fr\/produit-2\/shohonyama-shobudani-tomae-doux\/","title":{"rendered":"Shohonyama Shobudani Tomae souple"},"content":{"rendered":"<p>Ici Shohonyama Shobudani Tomae de Kyoto. Convient pour la finition des couteaux et des outils. Ce Tomae est extrait d&#039;une couche douce, permettant un aff\u00fbtage rapide et doux de la lame. Fort pouvoir abrasif, suspension fine et riche se lib\u00e9rant facilement.<\/p>\n\n\n\n<p><strong>Shobu (\u83d6\u84b2\u8c37, Shobudani, Shoubu)<\/strong><br>Mine de l&#039;Est, r\u00e9put\u00e9e pour son costume. Bien que cette mine ne soit pas aussi r\u00e9put\u00e9e qu&#039;Ohira ou Nakayama en Occident, les pierres de cette mine sont g\u00e9n\u00e9ralement de tr\u00e8s haute qualit\u00e9. Les prix de gros du Shoubu suita sont parmi les pierres \u00e0 aiguiser japonaises qui augmentent le plus rapidement.<\/p>","protected":false},"excerpt":{"rendered":"<ul>\n<li>Convient pour les couteaux de finition, les ciseaux, les outils de menuiserie et autres.<\/li>\n<li>Dimensions: 191x70x29mm<\/li>\n<li>Poids : 850g<\/li>\n<li>Duret\u00e9 : Lv 3.5<\/li>\n<li>Nous recommandons de travailler avec de l&#039;eau ti\u00e8de, car l&#039;eau froide d\u00e9t\u00e9riore la vitesse et la r\u00e9ponse du travail.<\/li>\n<\/ul>","protected":false},"featured_media":2071,"comment_status":"open","ping_status":"closed","template":"","meta":[],"product_brand":[],"product_cat":[22],"product_tag":[219,44,235,258],"class_list":{"0":"post-2065","1":"product","2":"type-product","3":"status-publish","4":"has-post-thumbnail","6":"product_cat-jnats","7":"product_tag-shobu","8":"product_tag-shobudani","9":"product_tag-shohonyama","10":"product_tag-soft-tomae","11":"product_shipping_class-iprastas","13":"first","14":"outofstock","15":"sale","16":"shipping-taxable","17":"purchasable","18":"product-type-simple"},"_links":{"self":[{"href":"https:\/\/jnats.eu\/fr\/wp-json\/wp\/v2\/product\/2065","targetHints":{"allow":["GET"]}}],"collection":[{"href":"https:\/\/jnats.eu\/fr\/wp-json\/wp\/v2\/product"}],"about":[{"href":"https:\/\/jnats.eu\/fr\/wp-json\/wp\/v2\/types\/product"}],"replies":[{"embeddable":true,"href":"https:\/\/jnats.eu\/fr\/wp-json\/wp\/v2\/comments?post=2065"}],"wp:featuredmedia":[{"embeddable":true,"href":"https:\/\/jnats.eu\/fr\/wp-json\/wp\/v2\/media\/2071"}],"wp:attachment":[{"href":"https:\/\/jnats.eu\/fr\/wp-json\/wp\/v2\/media?parent=2065"}],"wp:term":[{"taxonomy":"product_brand","embeddable":true,"href":"https:\/\/jnats.eu\/fr\/wp-json\/wp\/v2\/product_brand?post=2065"},{"taxonomy":"product_cat","embeddable":true,"href":"https:\/\/jnats.eu\/fr\/wp-json\/wp\/v2\/product_cat?post=2065"},{"taxonomy":"product_tag","embeddable":true,"href":"https:\/\/jnats.eu\/fr\/wp-json\/wp\/v2\/product_tag?post=2065"}],"curies":[{"name":"wp","href":"https:\/\/api.w.org\/{rel}","templated":true}]}}