{"id":2133,"date":"2024-04-27T15:11:40","date_gmt":"2024-04-27T12:11:40","guid":{"rendered":"http:\/\/jnats.eu\/?post_type=product&#038;p=2133"},"modified":"2025-01-11T21:46:17","modified_gmt":"2025-01-11T19:46:17","slug":"nakayama-maruka-pierre-naturelle-japonaise-a-8-couches-pour-laffutage","status":"publish","type":"product","link":"https:\/\/jnats.eu\/fr\/produit-2\/nakayama-maruka-pierre-naturelle-japonaise-a-8-couches-pour-laffutage\/","title":{"rendered":"Nakayama Maruka pierre \u00e0 aiguiser naturelle japonaise 8 couches"},"content":{"rendered":"<p>Les pierres \u00e0 aiguiser Nakayama \u00e0 huit couches ont quasiment disparu du march\u00e9 car ce sont des produits haut de gamme. C&#039;est une pierre parfaite \u00e0 tous \u00e9gards : sa finesse, son onctuosit\u00e9, sa rapidit\u00e9 de travail et sa r\u00e9ponse. Au Japon, des sp\u00e9cimens de 2,9 kg ont \u00e9t\u00e9 aper\u00e7us au prix de 10 000 euros.<br>C&#039;est une meule parfaite et est appel\u00e9e \u00ab sans plafond \u00bb au Japon. Cela signifie que le prix indiqu\u00e9 de la pierre n&#039;a pas d&#039;importance, quel que soit le prix propos\u00e9 par le vendeur. <\/p>\n\n\n\n<p>Cependant, puisqu\u2019il s\u2019agit d\u2019une entreprise, il existe un prix \u00e9quitable dans l\u2019industrie. Dans l&#039;aff\u00fbtage naturel japonais normal, ce sont les pierres \u00e0 aiguiser les plus ch\u00e8res.<\/p>\n\n\n\n<p>Cette pierre poss\u00e8de une forme parfaite pour les rasoirs et une \u00e9paisseur qui durera plusieurs si\u00e8cles. Le sceau reste en bas.<\/p>\n\n\n\n<p>La pierre de Nakayama est c\u00e9l\u00e8bre pour la marque Kato Mutsuyama Maruka avec la lettre \u00ab ka \u00bb et le sceau Seihonzan \u32d5\u6b63\u672c\u5c71. Kato Mutsuyama fut le premier \u00e0 sculpter un tel sceau. Les dimensions non standards, les pierres de grande taille ou les pierres brutes ne portaient pas \u00e0 l&#039;origine la marque de Maruka. Cependant, il existe \u00e9galement des produits de qualit\u00e9 et des pierres \u00e0 aiguiser non standard qui ont ensuite \u00e9t\u00e9 marqu\u00e9es du tampon Maruka lors du traitement final au d\u00e9tail, ainsi que des pierres taill\u00e9es par le vendeur \u00e0 partir de pierres brutes sans le tampon \u32d5\u6b63\u672c\u5c71. De plus, les meules Nakayama vendues avant la p\u00e9riode d&#039;estampillage ne portent pas le cachet Maruka. <\/p>\n\n\n\n<p>Dans tous les cas, s&#039;il s&#039;agit de la pierre de Kato Mutsuyama provenant de cette mine, ce sera la m\u00eame pierre de Nakayama, qu&#039;elle porte ou non la marque Maruka. Le cachet \u32d5\u6b63\u672c\u5c71 lui-m\u00eame peut \u00eatre pr\u00e9sent ou non selon le canal de distribution et ne garantit pas la qualit\u00e9. Non seulement Nakayama, mais aussi d&#039;autres meules naturelles, chacune est diff\u00e9rente et il n&#039;y en a pas deux identiques. De plus, de nombreuses ann\u00e9es se sont \u00e9coul\u00e9es depuis la fermeture de la mine, de sorte qu&#039;il y a de moins en moins de bons sp\u00e9cimens sur le march\u00e9 chaque ann\u00e9e.<\/p>\n\n\n\n<p>En raison de leur raret\u00e9 et de la puissance de la marque, il existe de nombreuses contrefa\u00e7ons, nous vous recommandons donc de ne pas trop faire confiance au sceau Maruka et d&#039;\u00e9valuer la pierre de vos propres yeux.&nbsp;<\/p>\n\n\n\n<p>La mine Kato est situ\u00e9e dans les montagnes Nakayama, o\u00f9 \u00e9taient extraites les pierres \u00e0 aiguiser, et s&#039;appelait ainsi parce qu&#039;elle appartenait \u00e0 M. Kato. Hatanaka Whetstone est un magasin de pierre \u00e9tabli de longue date \u00e0 Kyoto. Apr\u00e8s la guerre, les ventes de meules Nakayama extraites de Kato Utsuyama \u00e9taient g\u00e9r\u00e9es par un groupe de cinq personnes d&#039;un important magasin de pierre de Kyoto. Parmi eux, Hatanaka Toishi aurait \u00e9t\u00e9 pendant un certain temps celui auquel les propri\u00e9taires de montagne avaient le plus confiance. en 1952 Hatanaka Toishi a enregistr\u00e9 la marque Junshin Honzan (\u7d14\u7a7a\u6b63\u672c\u5c71) pour se distinguer des autres d\u00e9taillants. Apr\u00e8s 1980 les droits sur la mine Nakayama ont \u00e9t\u00e9 achet\u00e9s par Hatanaka Whetstone et sont devenus propri\u00e9taires de la marque Maruka. Parall\u00e8lement, les pierres de cette mine \u00e9taient \u00e9galement distribu\u00e9es par d&#039;autres d\u00e9taillants.<\/p>\n\n\n\n<p><strong>Nakayama (\u4e2d\u5c71)<\/strong><\/p>\n\n\n\n<p>Cette mine de l&#039;Est est c\u00e9l\u00e8bre pour ses pierres de finition awasedo et est peut-\u00eatre la plus recherch\u00e9e parmi les professionnels et les amateurs d&#039;aff\u00fbtage. Compar\u00e9es aux pierres de duret\u00e9 et de finesse similaires provenant d&#039;autres mines, les pierres Nakayama sont connues pour une sensation d&#039;aff\u00fbtage plus agr\u00e9able et une vitesse de travail \u00e9lev\u00e9e. Les pierres multicouches (Hondomae, Shikitomae) et Kiita sont particuli\u00e8rement appr\u00e9ci\u00e9es.<\/p>","protected":false},"excerpt":{"rendered":"<ul>\n<li>Id\u00e9al pour la finition des rasoirs, couteaux, ciseaux, menuiserie et autres outils.<\/li>\n<li>Dimensions : 143x79x23 mm<\/li>\n<li>Poids : 645 g<\/li>\n<li>Duret\u00e9 : Lv 5<\/li>\n<li>La surface est lisse et pr\u00eate \u00e0 travailler<\/li>\n<li><span style=\"color: #ff0000;\"><strong>Si vous proposez votre propre prix, veillez \u00e0 saisir correctement votre adresse \u00e9lectronique. Sinon, vous ne recevrez pas de r\u00e9ponse !<\/strong><\/span><\/li>\n<\/ul>","protected":false},"featured_media":2141,"comment_status":"open","ping_status":"closed","template":"","meta":[],"product_brand":[],"product_cat":[22],"product_tag":[58,49],"class_list":{"0":"post-2133","1":"product","2":"type-product","3":"status-publish","4":"has-post-thumbnail","6":"product_cat-jnats","7":"product_tag-maruka","8":"product_tag-nakayama","9":"product_shipping_class-iprastas","11":"first","12":"outofstock","13":"sale","14":"shipping-taxable","15":"purchasable","16":"product-type-simple"},"_links":{"self":[{"href":"https:\/\/jnats.eu\/fr\/wp-json\/wp\/v2\/product\/2133","targetHints":{"allow":["GET"]}}],"collection":[{"href":"https:\/\/jnats.eu\/fr\/wp-json\/wp\/v2\/product"}],"about":[{"href":"https:\/\/jnats.eu\/fr\/wp-json\/wp\/v2\/types\/product"}],"replies":[{"embeddable":true,"href":"https:\/\/jnats.eu\/fr\/wp-json\/wp\/v2\/comments?post=2133"}],"wp:featuredmedia":[{"embeddable":true,"href":"https:\/\/jnats.eu\/fr\/wp-json\/wp\/v2\/media\/2141"}],"wp:attachment":[{"href":"https:\/\/jnats.eu\/fr\/wp-json\/wp\/v2\/media?parent=2133"}],"wp:term":[{"taxonomy":"product_brand","embeddable":true,"href":"https:\/\/jnats.eu\/fr\/wp-json\/wp\/v2\/product_brand?post=2133"},{"taxonomy":"product_cat","embeddable":true,"href":"https:\/\/jnats.eu\/fr\/wp-json\/wp\/v2\/product_cat?post=2133"},{"taxonomy":"product_tag","embeddable":true,"href":"https:\/\/jnats.eu\/fr\/wp-json\/wp\/v2\/product_tag?post=2133"}],"curies":[{"name":"wp","href":"https:\/\/api.w.org\/{rel}","templated":true}]}}