{"id":2142,"date":"2024-04-27T15:16:58","date_gmt":"2024-04-27T12:16:58","guid":{"rendered":"http:\/\/jnats.eu\/?post_type=product&#038;p=2142"},"modified":"2024-06-26T14:57:42","modified_gmt":"2024-06-26T11:57:42","slug":"nakayama-nashiji-pierre-naturelle-japonaise-a-8-couches-pour-laffutage","status":"publish","type":"product","link":"https:\/\/jnats.eu\/fr\/produit-2\/nakayama-nashiji-pierre-naturelle-japonaise-a-8-couches-pour-laffutage\/","title":{"rendered":"Nakayama Nashiji pierre \u00e0 aiguiser naturelle japonaise 8 couches"},"content":{"rendered":"<p>Les pierres \u00e0 aiguiser Nakayama \u00e0 huit couches ont quasiment disparu du march\u00e9 car ce sont des produits haut de gamme. C&#039;est une pierre parfaite \u00e0 tous \u00e9gards : sa finesse, son onctuosit\u00e9, sa rapidit\u00e9 de travail et sa r\u00e9ponse. Au Japon, des sp\u00e9cimens de 2,9 kg ont \u00e9t\u00e9 aper\u00e7us au prix de 10 000 euros.<\/p>\n\n\n\n<p>C&#039;est une meule parfaite et est appel\u00e9e \u00ab sans plafond \u00bb au Japon. Cela signifie que le prix indiqu\u00e9 de la pierre n&#039;a pas d&#039;importance, quel que soit le prix propos\u00e9 par le vendeur.<\/p>\n\n\n\n<p>Cependant, puisqu\u2019il s\u2019agit d\u2019une entreprise, il existe un prix \u00e9quitable dans l\u2019industrie. Dans l&#039;aff\u00fbtage naturel japonais normal, ce sont les pierres \u00e0 aiguiser les plus ch\u00e8res.<\/p>\n\n\n\n<p>Cette pierre poss\u00e8de une forme et une \u00e9paisseur parfaites qui dureront toute une vie. <\/p>\n\n\n\n<p><strong>Nakayama (\u4e2d\u5c71)<\/strong><\/p>\n\n\n\n<p>Cette mine de l&#039;Est est c\u00e9l\u00e8bre pour ses pierres de finition awasedo et est peut-\u00eatre la plus recherch\u00e9e parmi les professionnels et les amateurs d&#039;aff\u00fbtage. Compar\u00e9es aux pierres de duret\u00e9 et de finesse similaires provenant d&#039;autres mines, les pierres Nakayama sont connues pour une sensation d&#039;aff\u00fbtage plus agr\u00e9able et une vitesse de travail \u00e9lev\u00e9e. Les pierres multicouches (Hondomae, Shikitomae) et Kiita sont particuli\u00e8rement appr\u00e9ci\u00e9es.<\/p>","protected":false},"excerpt":{"rendered":"<ul>\n<li>Id\u00e9al pour la finition des rasoirs, couteaux, ciseaux, menuiserie et autres outils.<\/li>\n<li>Dimensions : 135x80x16 mm<\/li>\n<li>Poids : 400g<\/li>\n<li>Duret\u00e9\u00a0:\u00a0Niv 4,5<\/li>\n<li>La surface est lisse et pr\u00eate \u00e0 travailler<\/li>\n<\/ul>","protected":false},"featured_media":2143,"comment_status":"open","ping_status":"closed","template":"","meta":[],"product_brand":[],"product_cat":[22],"product_tag":[260,259,49,48],"class_list":{"0":"post-2142","1":"product","2":"type-product","3":"status-publish","4":"has-post-thumbnail","6":"product_cat-jnats","7":"product_tag-8-sluoksniu","8":"product_tag-japoniskas-naturalus-akmuo-galandimui","9":"product_tag-nakayama","10":"product_tag-nashiji","11":"product_shipping_class-iprastas","13":"first","14":"outofstock","15":"sale","16":"shipping-taxable","17":"purchasable","18":"product-type-simple"},"_links":{"self":[{"href":"https:\/\/jnats.eu\/fr\/wp-json\/wp\/v2\/product\/2142","targetHints":{"allow":["GET"]}}],"collection":[{"href":"https:\/\/jnats.eu\/fr\/wp-json\/wp\/v2\/product"}],"about":[{"href":"https:\/\/jnats.eu\/fr\/wp-json\/wp\/v2\/types\/product"}],"replies":[{"embeddable":true,"href":"https:\/\/jnats.eu\/fr\/wp-json\/wp\/v2\/comments?post=2142"}],"wp:featuredmedia":[{"embeddable":true,"href":"https:\/\/jnats.eu\/fr\/wp-json\/wp\/v2\/media\/2143"}],"wp:attachment":[{"href":"https:\/\/jnats.eu\/fr\/wp-json\/wp\/v2\/media?parent=2142"}],"wp:term":[{"taxonomy":"product_brand","embeddable":true,"href":"https:\/\/jnats.eu\/fr\/wp-json\/wp\/v2\/product_brand?post=2142"},{"taxonomy":"product_cat","embeddable":true,"href":"https:\/\/jnats.eu\/fr\/wp-json\/wp\/v2\/product_cat?post=2142"},{"taxonomy":"product_tag","embeddable":true,"href":"https:\/\/jnats.eu\/fr\/wp-json\/wp\/v2\/product_tag?post=2142"}],"curies":[{"name":"wp","href":"https:\/\/api.w.org\/{rel}","templated":true}]}}