{"id":2149,"date":"2024-04-27T15:27:49","date_gmt":"2024-04-27T12:27:49","guid":{"rendered":"http:\/\/jnats.eu\/?post_type=product&#038;p=2149"},"modified":"2024-10-24T15:59:35","modified_gmt":"2024-10-24T12:59:35","slug":"nakayama-mitsu-asagi","status":"publish","type":"product","link":"https:\/\/jnats.eu\/fr\/produit-2\/nakayama-mitsu-asagi\/","title":{"rendered":"Nakayama Mitsu Asagi"},"content":{"rendered":"<p>Cet asagi Nakayama est la finition d&#039;aff\u00fbtage de r\u00eave pour les rasoirs, les outils et les couteaux, adapt\u00e9e au polissage et au raffinement des lames de tr\u00e8s haute qualit\u00e9. La pierre est tr\u00e8s dure mais facile \u00e0 manipuler, surtout lorsqu&#039;elle est utilis\u00e9e avec une suspension lat\u00e9rale ou Nagura. Le polissage est tr\u00e8s net et d\u00e9taill\u00e9, mais le contraste est conserv\u00e9. <\/p>\n\n\n\n<p>Cet asagi gris clair pr\u00e9sente un motif sumingashi (encre sur eau) assez pro\u00e9minent sur toute la pierre. Aucune inclusion n&#039;est visible et les lignes sont s\u00e9curis\u00e9es. La pierre est beaucoup plus lourde que ce \u00e0 quoi on pourrait s\u2019attendre compte tenu de sa taille, ce qui signifie qu\u2019elle a une structure tr\u00e8s dense et s\u2019usera tr\u00e8s lentement.<\/p>","protected":false},"excerpt":{"rendered":"<ul>\n<li>Id\u00e9al pour la finition des rasoirs, couteaux, ciseaux, menuiserie et autres outils.<\/li>\n<li>Dimensions : 180x66x42 mm<\/li>\n<li>Poids : 1420 g<\/li>\n<li>Duret\u00e9 : Lv 5+<\/li>\n<li>Les lignes sont s\u00e9curis\u00e9es<\/li>\n<li>La surface est lisse et pr\u00eate \u00e0 travailler<\/li>\n<\/ul>","protected":false},"featured_media":2152,"comment_status":"open","ping_status":"closed","template":"","meta":[],"product_brand":[],"product_cat":[22],"product_tag":[45,261,49],"class_list":{"0":"post-2149","1":"product","2":"type-product","3":"status-publish","4":"has-post-thumbnail","6":"product_cat-jnats","7":"product_tag-asagi","8":"product_tag-mitsu","9":"product_tag-nakayama","10":"product_shipping_class-iprastas","12":"first","13":"outofstock","14":"sale","15":"shipping-taxable","16":"purchasable","17":"product-type-simple"},"_links":{"self":[{"href":"https:\/\/jnats.eu\/fr\/wp-json\/wp\/v2\/product\/2149","targetHints":{"allow":["GET"]}}],"collection":[{"href":"https:\/\/jnats.eu\/fr\/wp-json\/wp\/v2\/product"}],"about":[{"href":"https:\/\/jnats.eu\/fr\/wp-json\/wp\/v2\/types\/product"}],"replies":[{"embeddable":true,"href":"https:\/\/jnats.eu\/fr\/wp-json\/wp\/v2\/comments?post=2149"}],"wp:featuredmedia":[{"embeddable":true,"href":"https:\/\/jnats.eu\/fr\/wp-json\/wp\/v2\/media\/2152"}],"wp:attachment":[{"href":"https:\/\/jnats.eu\/fr\/wp-json\/wp\/v2\/media?parent=2149"}],"wp:term":[{"taxonomy":"product_brand","embeddable":true,"href":"https:\/\/jnats.eu\/fr\/wp-json\/wp\/v2\/product_brand?post=2149"},{"taxonomy":"product_cat","embeddable":true,"href":"https:\/\/jnats.eu\/fr\/wp-json\/wp\/v2\/product_cat?post=2149"},{"taxonomy":"product_tag","embeddable":true,"href":"https:\/\/jnats.eu\/fr\/wp-json\/wp\/v2\/product_tag?post=2149"}],"curies":[{"name":"wp","href":"https:\/\/api.w.org\/{rel}","templated":true}]}}