{"id":2169,"date":"2024-04-27T15:49:23","date_gmt":"2024-04-27T12:49:23","guid":{"rendered":"http:\/\/jnats.eu\/?post_type=product&#038;p=2169"},"modified":"2024-05-13T10:16:41","modified_gmt":"2024-05-13T07:16:41","slug":"nakayama-iromono","status":"publish","type":"product","link":"https:\/\/jnats.eu\/fr\/produit-2\/nakayama-iromono\/","title":{"rendered":"Nakayama Iromono"},"content":{"rendered":"<p>Une pierre \u00e0 aiguiser Nakayama Iromono douce et facile \u00e0 travailler. C&#039;est assez bon pour finir un rasoir, mais assez facile \u00e0 utiliser pour qu&#039;il soit \u00e9galement bon pour les couteaux. Il est possible de se passer d&#039;un fond ou d&#039;une plaque diamant\u00e9e, car la pierre lib\u00e9rera tr\u00e8s abondamment sa suspension et les d\u00e9chets du m\u00e9tal poli seront bient\u00f4t visibles. De par sa taille, il est parfait pour aff\u00fbter les rasoirs, surtout si vous aimez un rasage doux et s\u00fbr. Il peut \u00e9galement \u00eatre utilis\u00e9 comme donneur de suspension sur roche dure.<\/p>\n\n\n\n<figure class=\"wp-block-embed is-type-video is-provider-youtube wp-block-embed-youtube wp-embed-aspect-16-9 wp-has-aspect-ratio\"><div class=\"wp-block-embed__wrapper\">\n<div class=\"video-container\"><iframe title=\"Nakayama Awasedo Doux\" width=\"1170\" height=\"658\" src=\"https:\/\/www.youtube.com\/embed\/-lrea77d1LM?start=187&#038;feature=oembed\" frameborder=\"0\" allow=\"accelerometer; autoplay; clipboard-write; encrypted-media; gyroscope; picture-in-picture; web-share\" referrerpolicy=\"strict-origin-when-cross-origin\" allowfullscreen><\/iframe><\/div>\n<\/div><\/figure>\n\n\n\n<p><strong>Nakayama (\u4e2d\u5c71)<\/strong><\/p>\n\n\n\n<p>Cette mine de l&#039;Est est c\u00e9l\u00e8bre pour ses pierres de finition awasedo et est peut-\u00eatre la plus recherch\u00e9e parmi les professionnels et les amateurs d&#039;aff\u00fbtage. Compar\u00e9es aux pierres de duret\u00e9 et de finesse similaires provenant d&#039;autres mines, les pierres Nakayama sont connues pour une sensation d&#039;aff\u00fbtage plus agr\u00e9able et une vitesse de travail \u00e9lev\u00e9e. Les pierres multicouches (Hondomae, Shikitomae) et Kiita sont particuli\u00e8rement appr\u00e9ci\u00e9es.<\/p>","protected":false},"excerpt":{"rendered":"<ul>\n<li>Convient pour la finition des rasoirs, couteaux, ciseaux, menuiserie et autres outils. Il peut \u00e9galement \u00eatre utilis\u00e9 comme donneur de suspension sur roche dure.<\/li>\n<li>Dimensions : 159x54x18 mm<\/li>\n<li>Poids : 260g<\/li>\n<li>Duret\u00e9 : Lv 3<\/li>\n<li>La surface est lisse et pr\u00eate \u00e0 \u00eatre travaill\u00e9e. <strong>Il y a un petit trou sur le bord.<\/strong><\/li>\n<\/ul>","protected":false},"featured_media":2174,"comment_status":"open","ping_status":"closed","template":"","meta":[],"product_brand":[],"product_cat":[22],"product_tag":[41,49,262],"class_list":{"0":"post-2169","1":"product","2":"type-product","3":"status-publish","4":"has-post-thumbnail","6":"product_cat-jnats","7":"product_tag-iromono","8":"product_tag-nakayama","9":"product_tag-nakayama-kiita-iromono","10":"product_shipping_class-iprastas","12":"first","13":"outofstock","14":"shipping-taxable","15":"purchasable","16":"product-type-simple"},"_links":{"self":[{"href":"https:\/\/jnats.eu\/fr\/wp-json\/wp\/v2\/product\/2169","targetHints":{"allow":["GET"]}}],"collection":[{"href":"https:\/\/jnats.eu\/fr\/wp-json\/wp\/v2\/product"}],"about":[{"href":"https:\/\/jnats.eu\/fr\/wp-json\/wp\/v2\/types\/product"}],"replies":[{"embeddable":true,"href":"https:\/\/jnats.eu\/fr\/wp-json\/wp\/v2\/comments?post=2169"}],"wp:featuredmedia":[{"embeddable":true,"href":"https:\/\/jnats.eu\/fr\/wp-json\/wp\/v2\/media\/2174"}],"wp:attachment":[{"href":"https:\/\/jnats.eu\/fr\/wp-json\/wp\/v2\/media?parent=2169"}],"wp:term":[{"taxonomy":"product_brand","embeddable":true,"href":"https:\/\/jnats.eu\/fr\/wp-json\/wp\/v2\/product_brand?post=2169"},{"taxonomy":"product_cat","embeddable":true,"href":"https:\/\/jnats.eu\/fr\/wp-json\/wp\/v2\/product_cat?post=2169"},{"taxonomy":"product_tag","embeddable":true,"href":"https:\/\/jnats.eu\/fr\/wp-json\/wp\/v2\/product_tag?post=2169"}],"curies":[{"name":"wp","href":"https:\/\/api.w.org\/{rel}","templated":true}]}}