{"id":2185,"date":"2024-04-28T11:00:34","date_gmt":"2024-04-28T08:00:34","guid":{"rendered":"http:\/\/jnats.eu\/?post_type=product&#038;p=2185"},"modified":"2024-10-04T17:53:37","modified_gmt":"2024-10-04T14:53:37","slug":"nakayama-asagi-nashiji","status":"publish","type":"product","link":"https:\/\/jnats.eu\/fr\/produit-2\/nakayama-asagi-nashiji\/","title":{"rendered":"Nakayama Asagi Nashiji"},"content":{"rendered":"<p>Pierre de finition japonaise \u00e0 aiguiser naturelle Nakayama Asagi Nashiji. Une pierre assez dure et fine que nous recommandons comme pierre \u00e0 aiguiser finale en fin d&#039;aff\u00fbtage des couteaux ou autres outils. Id\u00e9al \u00e9galement pour finir les rasoirs si vous n&#039;utilisez pas trop de force. <\/p>\n\n\n\n<p>C&#039;est une pierre lourde de forme r\u00e9guli\u00e8re qui fait tr\u00e8s bien le travail !<\/p>\n\n\n\n<p>Cet asagi gris pr\u00e9sente un motif de points nashiji saisissant sur toute la pierre. Aucune ligne ou inclusion visible. Le fond de la pierre peut \u00e9galement \u00eatre facilement pr\u00e9par\u00e9 pour le travail.<\/p>\n\n\n\n<p><strong>Nakayama (\u4e2d\u5c71)<\/strong><\/p>\n\n\n\n<p>Cette mine orientale est c\u00e9l\u00e8bre pour ses pierres de finition \u00e0 aiguiser awasedo. Une pierre multicouche de couleur diff\u00e9rente est particuli\u00e8rement appr\u00e9ci\u00e9e par les menuisiers et les taille-rasoirs. Compar\u00e9es aux pierres de duret\u00e9 et de finesse similaires provenant d&#039;autres mines, les pierres Nakayama sont connues pour une sensation d&#039;aff\u00fbtage plus agr\u00e9able.<\/p>","protected":false},"excerpt":{"rendered":"<ul>\n<li>Convient pour la finition des rasoirs, des couteaux, des ciseaux, des outils de menuiserie et autres.<\/li>\n<li>Dimensions : 205x75x29 mm<\/li>\n<li>Poids : 1340g<\/li>\n<li>Duret\u00e9 : Lv 5<\/li>\n<li>La surface est lisse et pr\u00eate \u00e0 \u00eatre travaill\u00e9e.<\/li>\n<li>Nous recommandons de travailler avec de l'eau chaude, car l'eau froide nuit \u00e0 la rapidit\u00e9 et \u00e0 la r\u00e9activit\u00e9.<\/li>\n<\/ul>","protected":false},"featured_media":2190,"comment_status":"open","ping_status":"closed","template":"","meta":[],"product_brand":[],"product_cat":[22],"product_tag":[45,49,263],"class_list":{"0":"post-2185","1":"product","2":"type-product","3":"status-publish","4":"has-post-thumbnail","6":"product_cat-jnats","7":"product_tag-asagi","8":"product_tag-nakayama","9":"product_tag-nakayama-asagi","10":"product_shipping_class-iprastas","12":"first","13":"outofstock","14":"shipping-taxable","15":"purchasable","16":"product-type-simple"},"_links":{"self":[{"href":"https:\/\/jnats.eu\/fr\/wp-json\/wp\/v2\/product\/2185","targetHints":{"allow":["GET"]}}],"collection":[{"href":"https:\/\/jnats.eu\/fr\/wp-json\/wp\/v2\/product"}],"about":[{"href":"https:\/\/jnats.eu\/fr\/wp-json\/wp\/v2\/types\/product"}],"replies":[{"embeddable":true,"href":"https:\/\/jnats.eu\/fr\/wp-json\/wp\/v2\/comments?post=2185"}],"wp:featuredmedia":[{"embeddable":true,"href":"https:\/\/jnats.eu\/fr\/wp-json\/wp\/v2\/media\/2190"}],"wp:attachment":[{"href":"https:\/\/jnats.eu\/fr\/wp-json\/wp\/v2\/media?parent=2185"}],"wp:term":[{"taxonomy":"product_brand","embeddable":true,"href":"https:\/\/jnats.eu\/fr\/wp-json\/wp\/v2\/product_brand?post=2185"},{"taxonomy":"product_cat","embeddable":true,"href":"https:\/\/jnats.eu\/fr\/wp-json\/wp\/v2\/product_cat?post=2185"},{"taxonomy":"product_tag","embeddable":true,"href":"https:\/\/jnats.eu\/fr\/wp-json\/wp\/v2\/product_tag?post=2185"}],"curies":[{"name":"wp","href":"https:\/\/api.w.org\/{rel}","templated":true}]}}