{"id":2193,"date":"2024-04-28T11:08:31","date_gmt":"2024-04-28T08:08:31","guid":{"rendered":"http:\/\/jnats.eu\/?post_type=product&#038;p=2193"},"modified":"2025-04-22T15:40:08","modified_gmt":"2025-04-22T12:40:08","slug":"nakayama-mizu-asagi-karasu","status":"publish","type":"product","link":"https:\/\/jnats.eu\/fr\/produit-2\/nakayama-mizu-asagi-karasu\/","title":{"rendered":"Nakayama Mizu Asagi Karasu"},"content":{"rendered":"<p>Pierre de finition japonaise \u00e0 aiguiser naturelle Nakayama Mizu Asagi Karasu. Une pierre tr\u00e8s dure et au grain extr\u00eamement fin que nous recommandons comme pierre \u00e0 aiguiser finale \u00e0 la fin du processus d&#039;aff\u00fbtage des rasoirs, couteaux ou autres outils. Id\u00e9al comme base pour les naguras.<\/p>\n\n\n\n<p>C&#039;est une pierre lourde de forme r\u00e9guli\u00e8re qui fait tr\u00e8s bien le travail ! L&#039;\u00e9paisseur est faible, mais elle suffira pour plusieurs g\u00e9n\u00e9rations, car ces pierres dures s&#039;usent tr\u00e8s lentement.<\/p>\n\n\n\n<p>Cet asagi gris pr\u00e9sente un l\u00e9ger motif de Mizu et Karasu sur toute la pierre. Aucune ligne ou inclusion visible. <\/p>\n\n\n\n<p><strong>Nakayama (\u4e2d\u5c71)<\/strong><\/p>\n\n\n\n<p>Cette mine orientale est c\u00e9l\u00e8bre pour ses pierres de finition \u00e0 aiguiser awasedo. Une pierre multicouche de couleur diff\u00e9rente est particuli\u00e8rement appr\u00e9ci\u00e9e par les menuisiers et les taille-rasoirs. Compar\u00e9es aux pierres de duret\u00e9 et de finesse similaires provenant d&#039;autres mines, les pierres Nakayama sont connues pour une sensation d&#039;aff\u00fbtage plus agr\u00e9able.<\/p>","protected":false},"excerpt":{"rendered":"<ul>\n<li>Convient pour la finition des rasoirs, des couteaux, des ciseaux, des outils de menuiserie et autres.<\/li>\n<li>Dimensions : 197x71x16 mm<\/li>\n<li>Poids avec support : 860 g<\/li>\n<li>Duret\u00e9 : Lv 5+<\/li>\n<li>La surface est lisse et pr\u00eate \u00e0 \u00eatre travaill\u00e9e.<\/li>\n<li>Nous recommandons de travailler avec de l'eau chaude, car l'eau froide nuit \u00e0 la rapidit\u00e9 et \u00e0 la r\u00e9activit\u00e9.<\/li>\n<\/ul>","protected":false},"featured_media":2199,"comment_status":"open","ping_status":"closed","template":"","meta":[],"product_brand":[],"product_cat":[],"product_tag":[45,57,154,49],"class_list":{"0":"post-2193","1":"product","2":"type-product","3":"status-publish","4":"has-post-thumbnail","6":"product_tag-asagi","7":"product_tag-karasu","8":"product_tag-mizu","9":"product_tag-nakayama","10":"product_shipping_class-iprastas","12":"first","13":"outofstock","14":"shipping-taxable","15":"purchasable","16":"product-type-simple"},"_links":{"self":[{"href":"https:\/\/jnats.eu\/fr\/wp-json\/wp\/v2\/product\/2193","targetHints":{"allow":["GET"]}}],"collection":[{"href":"https:\/\/jnats.eu\/fr\/wp-json\/wp\/v2\/product"}],"about":[{"href":"https:\/\/jnats.eu\/fr\/wp-json\/wp\/v2\/types\/product"}],"replies":[{"embeddable":true,"href":"https:\/\/jnats.eu\/fr\/wp-json\/wp\/v2\/comments?post=2193"}],"wp:featuredmedia":[{"embeddable":true,"href":"https:\/\/jnats.eu\/fr\/wp-json\/wp\/v2\/media\/2199"}],"wp:attachment":[{"href":"https:\/\/jnats.eu\/fr\/wp-json\/wp\/v2\/media?parent=2193"}],"wp:term":[{"taxonomy":"product_brand","embeddable":true,"href":"https:\/\/jnats.eu\/fr\/wp-json\/wp\/v2\/product_brand?post=2193"},{"taxonomy":"product_cat","embeddable":true,"href":"https:\/\/jnats.eu\/fr\/wp-json\/wp\/v2\/product_cat?post=2193"},{"taxonomy":"product_tag","embeddable":true,"href":"https:\/\/jnats.eu\/fr\/wp-json\/wp\/v2\/product_tag?post=2193"}],"curies":[{"name":"wp","href":"https:\/\/api.w.org\/{rel}","templated":true}]}}