{"id":2200,"date":"2024-04-28T11:27:29","date_gmt":"2024-04-28T08:27:29","guid":{"rendered":"http:\/\/jnats.eu\/?post_type=product&#038;p=2200"},"modified":"2024-12-11T00:47:56","modified_gmt":"2024-12-10T22:47:56","slug":"nakayama-tomae-awasedo","status":"publish","type":"product","link":"https:\/\/jnats.eu\/fr\/produit-2\/nakayama-tomae-awasedo\/","title":{"rendered":"Nakayama Tomae Awasedo"},"content":{"rendered":"<p>Pierre de finition japonaise \u00e0 aiguiser naturelle Nakayama Tomae Awasedo. C&#039;est une pierre de duret\u00e9 moyenne et d&#039;un excellent pouvoir broyant. Nous le recommandons pour la finition des couteaux ou la pr\u00e9finition des rasoirs. Id\u00e9al \u00e9galement pour finir les rasoirs si vous n&#039;utilisez pas trop de force.<\/p>\n\n\n\n<p>Il s\u2019agit d\u2019une \u00e9norme pierre de forme r\u00e9guli\u00e8re qui fait tr\u00e8s bien le travail\u00a0!<\/p>\n\n\n\n<p>Cette pierre grise pr\u00e9sente un motif de roses et de verts fluides. Aucune ligne ou inclusion visible.<\/p>\n\n\n\n<p><strong>Nakayama (\u4e2d\u5c71)<\/strong><\/p>\n\n\n\n<p>Cette mine de l&#039;Est est c\u00e9l\u00e8bre pour ses pierres de finition awasedo et est peut-\u00eatre la plus recherch\u00e9e parmi les professionnels et les amateurs d&#039;aff\u00fbtage. Compar\u00e9es aux pierres de duret\u00e9 et de finesse similaires provenant d&#039;autres mines, les pierres Nakayama sont connues pour leur r\u00e9ponse d&#039;aff\u00fbtage plus agr\u00e9able et leur vitesse de travail \u00e9lev\u00e9e. Les pierres multicouches (Hondomae, Shikitomae) et Kiita sont particuli\u00e8rement appr\u00e9ci\u00e9es.<\/p>","protected":false},"excerpt":{"rendered":"<ul>\n<li>Convient pour la finition des rasoirs, des couteaux, des ciseaux, des outils de menuiserie et autres.<\/li>\n<li>Dimensions : 205x72x45mm<\/li>\n<li>Poids : 2110 g<\/li>\n<li>Duret\u00e9 : Lv 4<\/li>\n<li>La surface est lisse et pr\u00eate \u00e0 \u00eatre travaill\u00e9e.<\/li>\n<li>Nous recommandons de travailler avec de l'eau chaude, car l'eau froide nuit \u00e0 la rapidit\u00e9 et \u00e0 la r\u00e9activit\u00e9.<\/li>\n<\/ul>","protected":false},"featured_media":2206,"comment_status":"open","ping_status":"closed","template":"","meta":[],"product_brand":[],"product_cat":[22],"product_tag":[40,49,67],"class_list":{"0":"post-2200","1":"product","2":"type-product","3":"status-publish","4":"has-post-thumbnail","6":"product_cat-jnats","7":"product_tag-awasedo","8":"product_tag-nakayama","9":"product_tag-tomae","10":"product_shipping_class-iprastas","12":"first","13":"outofstock","14":"sale","15":"shipping-taxable","16":"purchasable","17":"product-type-simple"},"_links":{"self":[{"href":"https:\/\/jnats.eu\/fr\/wp-json\/wp\/v2\/product\/2200","targetHints":{"allow":["GET"]}}],"collection":[{"href":"https:\/\/jnats.eu\/fr\/wp-json\/wp\/v2\/product"}],"about":[{"href":"https:\/\/jnats.eu\/fr\/wp-json\/wp\/v2\/types\/product"}],"replies":[{"embeddable":true,"href":"https:\/\/jnats.eu\/fr\/wp-json\/wp\/v2\/comments?post=2200"}],"wp:featuredmedia":[{"embeddable":true,"href":"https:\/\/jnats.eu\/fr\/wp-json\/wp\/v2\/media\/2206"}],"wp:attachment":[{"href":"https:\/\/jnats.eu\/fr\/wp-json\/wp\/v2\/media?parent=2200"}],"wp:term":[{"taxonomy":"product_brand","embeddable":true,"href":"https:\/\/jnats.eu\/fr\/wp-json\/wp\/v2\/product_brand?post=2200"},{"taxonomy":"product_cat","embeddable":true,"href":"https:\/\/jnats.eu\/fr\/wp-json\/wp\/v2\/product_cat?post=2200"},{"taxonomy":"product_tag","embeddable":true,"href":"https:\/\/jnats.eu\/fr\/wp-json\/wp\/v2\/product_tag?post=2200"}],"curies":[{"name":"wp","href":"https:\/\/api.w.org\/{rel}","templated":true}]}}