{"id":2207,"date":"2024-04-28T11:27:14","date_gmt":"2024-04-28T08:27:14","guid":{"rendered":"http:\/\/jnats.eu\/?post_type=product&#038;p=2207"},"modified":"2024-05-16T10:41:28","modified_gmt":"2024-05-16T07:41:28","slug":"nakayama-tomae-japoniskas-naturalus-galandinimo-uzbaigimo-akmuo","status":"publish","type":"product","link":"https:\/\/jnats.eu\/fr\/produit-2\/nakayama-tomae-japoniskas-naturalus-galandinimo-uzbaigimo-akmuo\/","title":{"rendered":"Nakayama Tomae pierre de finition naturelle japonaise \u00e0 aiguiser"},"content":{"rendered":"<p>Pierre de finition japonaise \u00e0 aiguiser naturelle Nakayama Tomae. Il est assez dur et poss\u00e8de une excellente vitesse d\u2019aff\u00fbtage. Nous le recommandons pour la finition des couteaux et des rasoirs. Bien entendu, cela fonctionnera \u00e9galement avec d\u2019autres outils.<\/p>\n\n\n\n<p>Il s\u2019agit d\u2019une \u00e9norme pierre de forme r\u00e9guli\u00e8re qui fait tr\u00e8s bien le travail\u00a0! Aucune ligne ou inclusion \u00ab toxique \u00bb n\u2019est visible.<\/p>","protected":false},"excerpt":{"rendered":"<ul>\n<li>Convient pour la finition des rasoirs, couteaux, menuiserie et autres outils.<\/li>\n<li>Dimensions : 207x75x40 mm<\/li>\n<li>Poids : 1510 g<\/li>\n<li>Duret\u00e9 : Lv 4.7<\/li>\n<li>La surface est lisse et pr\u00eate \u00e0 \u00eatre travaill\u00e9e.<\/li>\n<li>Nous recommandons de travailler avec de l'eau chaude, car l'eau froide nuit \u00e0 la rapidit\u00e9 et \u00e0 la r\u00e9activit\u00e9.<\/li>\n<\/ul>","protected":false},"featured_media":2208,"comment_status":"open","ping_status":"closed","template":"","meta":[],"product_brand":[],"product_cat":[22],"product_tag":[49,67],"class_list":{"0":"post-2207","1":"product","2":"type-product","3":"status-publish","4":"has-post-thumbnail","6":"product_cat-jnats","7":"product_tag-nakayama","8":"product_tag-tomae","9":"product_shipping_class-iprastas","11":"first","12":"instock","13":"sale","14":"shipping-taxable","15":"purchasable","16":"product-type-simple"},"_links":{"self":[{"href":"https:\/\/jnats.eu\/fr\/wp-json\/wp\/v2\/product\/2207","targetHints":{"allow":["GET"]}}],"collection":[{"href":"https:\/\/jnats.eu\/fr\/wp-json\/wp\/v2\/product"}],"about":[{"href":"https:\/\/jnats.eu\/fr\/wp-json\/wp\/v2\/types\/product"}],"replies":[{"embeddable":true,"href":"https:\/\/jnats.eu\/fr\/wp-json\/wp\/v2\/comments?post=2207"}],"wp:featuredmedia":[{"embeddable":true,"href":"https:\/\/jnats.eu\/fr\/wp-json\/wp\/v2\/media\/2208"}],"wp:attachment":[{"href":"https:\/\/jnats.eu\/fr\/wp-json\/wp\/v2\/media?parent=2207"}],"wp:term":[{"taxonomy":"product_brand","embeddable":true,"href":"https:\/\/jnats.eu\/fr\/wp-json\/wp\/v2\/product_brand?post=2207"},{"taxonomy":"product_cat","embeddable":true,"href":"https:\/\/jnats.eu\/fr\/wp-json\/wp\/v2\/product_cat?post=2207"},{"taxonomy":"product_tag","embeddable":true,"href":"https:\/\/jnats.eu\/fr\/wp-json\/wp\/v2\/product_tag?post=2207"}],"curies":[{"name":"wp","href":"https:\/\/api.w.org\/{rel}","templated":true}]}}