{"id":2214,"date":"2024-04-28T11:43:55","date_gmt":"2024-04-28T08:43:55","guid":{"rendered":"http:\/\/jnats.eu\/?post_type=product&#038;p=2214"},"modified":"2024-10-20T15:02:22","modified_gmt":"2024-10-20T12:02:22","slug":"nakayama-tomae-kita","status":"publish","type":"product","link":"https:\/\/jnats.eu\/fr\/produit-2\/nakayama-tomae-kita\/","title":{"rendered":"Nakayama Tomae Kiita"},"content":{"rendered":"<p>Nakayama Kiita m\u00e9rite sa r\u00e9putation de meilleure pierre de finition \u00e0 aiguiser que l&#039;on puisse acheter. Ils sont g\u00e9n\u00e9ralement petits, propres, rapides et parfaits pour tout, de l&#039;aff\u00fbtage des rasoirs au polissage des couteaux de cuisine.<\/p>\n\n\n\n<p>Belle et authentique pierre kiita de la mine Nakayama. Exploit\u00e9 dans les ann\u00e9es 1950. Cette pierre est de couleur jaune vif, d\u00e9cor\u00e9e de points nashiji clairsem\u00e9s et de quelques lignes numazu s\u00fbres.<\/p>\n\n\n\n<p>La sensation de l&#039;aff\u00fbtage est divine, avec une base solide et pourtant une r\u00e9ponse ultra douce. L&#039;\u00e9clat noir ressort instantan\u00e9ment et la pierre coupe simplement l&#039;acier tout en conservant une merveilleuse sensation tactile. Sa suspension ne lib\u00e8re pas grand chose, mais cela ne l&#039;emp\u00eache pas de fonctionner rapidement.<\/p>\n\n\n\n<p>Kasumi a une finition trouble, avec un contraste \u00e9lev\u00e9 entre le hagane et le jigane, ce qui est moins courant dans les pierres Nakayama plus dures. Lors du travail, la pierre d\u00e9gage une odeur forte et particuli\u00e8re.<\/p>\n\n\n\n<p><strong>Un plan horizontal montre une fissure ou une roche meuble autour de la pierre enti\u00e8re \u00e0 peu pr\u00e8s \u00e0 mi-chemin.<\/strong>. Par cons\u00e9quent, vos petits-enfants devront peut-\u00eatre retirer plusieurs calculs d&#039;environ un demi-centim\u00e8tre. Il y a aussi une petite chance que la pierre se fende \u00e0 cet endroit. Pour la r\u00e9duire, les c\u00f4t\u00e9s de la pierre peuvent \u00eatre recouverts de vernis, emp\u00eachant ainsi l&#039;eau de p\u00e9n\u00e9trer dans la fissure.<\/p>\n\n\n\n<p><strong>Nakayama (\u4e2d\u5c71)<\/strong><\/p>\n\n\n\n<p>Cette mine de l&#039;Est est c\u00e9l\u00e8bre pour ses pierres de finition awasedo et est peut-\u00eatre la plus recherch\u00e9e parmi les professionnels et les amateurs d&#039;aff\u00fbtage. Compar\u00e9es aux pierres de duret\u00e9 et de finesse similaires provenant d&#039;autres mines, les pierres Nakayama sont connues pour leur r\u00e9ponse d&#039;aff\u00fbtage plus agr\u00e9able et leur vitesse de travail \u00e9lev\u00e9e. Les pierres multicouches (Hondomae, Shikitomae) et Kiita sont particuli\u00e8rement appr\u00e9ci\u00e9es.<\/p>\n\n\n\n<figure class=\"wp-block-embed is-type-video is-provider-youtube wp-block-embed-youtube wp-embed-aspect-16-9 wp-has-aspect-ratio\"><div class=\"wp-block-embed__wrapper\">\n<div class=\"video-container\"><iframe title=\"Nakayama Tomae Kiita, Ohira Naikumo Suita\" width=\"1170\" height=\"658\" src=\"https:\/\/www.youtube.com\/embed\/VZSDGTWTt3c?start=260&#038;feature=oembed\" frameborder=\"0\" allow=\"accelerometer; autoplay; clipboard-write; encrypted-media; gyroscope; picture-in-picture; web-share\" referrerpolicy=\"strict-origin-when-cross-origin\" allowfullscreen><\/iframe><\/div>\n<\/div><\/figure>","protected":false},"excerpt":{"rendered":"<ul>\n<li>Convient pour la finition des rasoirs, des couteaux, des ciseaux, des outils de menuiserie et autres.\u00a0<\/li>\n<li>Dimensions : 205x75x35mm<\/li>\n<li>Poids : 1290g<\/li>\n<li>Duret\u00e9 : Lv 4.8<\/li>\n<li>La surface est lisse et pr\u00eate \u00e0 \u00eatre travaill\u00e9e.<\/li>\n<li>Nous recommandons de travailler avec de l'eau chaude, car l'eau froide nuit \u00e0 la rapidit\u00e9 et \u00e0 la r\u00e9activit\u00e9.<\/li>\n<\/ul>","protected":false},"featured_media":2224,"comment_status":"open","ping_status":"closed","template":"","meta":[],"product_brand":[],"product_cat":[22],"product_tag":[141,49,67],"class_list":{"0":"post-2214","1":"product","2":"type-product","3":"status-publish","4":"has-post-thumbnail","6":"product_cat-jnats","7":"product_tag-kiita","8":"product_tag-nakayama","9":"product_tag-tomae","10":"product_shipping_class-iprastas","12":"first","13":"outofstock","14":"shipping-taxable","15":"purchasable","16":"product-type-simple"},"_links":{"self":[{"href":"https:\/\/jnats.eu\/fr\/wp-json\/wp\/v2\/product\/2214","targetHints":{"allow":["GET"]}}],"collection":[{"href":"https:\/\/jnats.eu\/fr\/wp-json\/wp\/v2\/product"}],"about":[{"href":"https:\/\/jnats.eu\/fr\/wp-json\/wp\/v2\/types\/product"}],"replies":[{"embeddable":true,"href":"https:\/\/jnats.eu\/fr\/wp-json\/wp\/v2\/comments?post=2214"}],"wp:featuredmedia":[{"embeddable":true,"href":"https:\/\/jnats.eu\/fr\/wp-json\/wp\/v2\/media\/2224"}],"wp:attachment":[{"href":"https:\/\/jnats.eu\/fr\/wp-json\/wp\/v2\/media?parent=2214"}],"wp:term":[{"taxonomy":"product_brand","embeddable":true,"href":"https:\/\/jnats.eu\/fr\/wp-json\/wp\/v2\/product_brand?post=2214"},{"taxonomy":"product_cat","embeddable":true,"href":"https:\/\/jnats.eu\/fr\/wp-json\/wp\/v2\/product_cat?post=2214"},{"taxonomy":"product_tag","embeddable":true,"href":"https:\/\/jnats.eu\/fr\/wp-json\/wp\/v2\/product_tag?post=2214"}],"curies":[{"name":"wp","href":"https:\/\/api.w.org\/{rel}","templated":true}]}}