{"id":2232,"date":"2024-04-29T11:03:13","date_gmt":"2024-04-29T08:03:13","guid":{"rendered":"http:\/\/jnats.eu\/?post_type=product&#038;p=2232"},"modified":"2024-08-18T23:33:42","modified_gmt":"2024-08-18T20:33:42","slug":"nakayama-iromono-2","status":"publish","type":"product","link":"https:\/\/jnats.eu\/fr\/produit-2\/nakayama-iromono-2\/","title":{"rendered":"Nakayama Iromono"},"content":{"rendered":"<p>Une pierre \u00e0 aiguiser Nakayama Kiita r\u00e9sistante et facile \u00e0 travailler. Il est tr\u00e8s fin et donnera une finition d\u00e9cente \u00e0 un rasoir, mais il est suffisamment facile \u00e0 utiliser pour convenir \u00e9galement aux couteaux. Il est possible de se passer d&#039;un fond ou d&#039;une plaque diamant\u00e9e, car la pierre lib\u00e9rera suffisamment de sa propre suspension et les d\u00e9chets du m\u00e9tal poli seront bient\u00f4t visibles. De par sa taille, il est parfait pour aff\u00fbter les rasoirs, surtout si vous aimez un rasage doux et s\u00fbr. Il peut \u00e9galement \u00eatre utilis\u00e9 comme donneur de suspension sur roche dure.<\/p>\n\n\n\n<p><strong>Nakayama (\u4e2d\u5c71)<\/strong><\/p>\n\n\n\n<p>Cette mine de l&#039;Est est c\u00e9l\u00e8bre pour ses pierres de finition awasedo et est peut-\u00eatre la plus recherch\u00e9e parmi les professionnels et les amateurs d&#039;aff\u00fbtage. Compar\u00e9es aux pierres de duret\u00e9 et de finesse similaires provenant d&#039;autres mines, les pierres Nakayama sont connues pour une sensation d&#039;aff\u00fbtage plus agr\u00e9able et une vitesse de travail \u00e9lev\u00e9e. Les pierres multicouches (Hondomae, Shikitomae) et Kiita sont particuli\u00e8rement appr\u00e9ci\u00e9es.<\/p>","protected":false},"excerpt":{"rendered":"<ul>\n<li>Convient pour la finition des rasoirs, couteaux, ciseaux, menuiserie et autres outils. Il peut \u00e9galement \u00eatre utilis\u00e9 comme donneur de suspension sur roche dure.<\/li>\n<li>Dimensions : 149x79x23 mm<\/li>\n<li>Poids : 610 g<\/li>\n<li>Duret\u00e9 : Lv 3.5<\/li>\n<li>La surface est lisse et pr\u00eate \u00e0 travailler<\/li>\n<\/ul>","protected":false},"featured_media":2239,"comment_status":"open","ping_status":"closed","template":"","meta":[],"product_brand":[],"product_cat":[22],"product_tag":[41,49],"class_list":{"0":"post-2232","1":"product","2":"type-product","3":"status-publish","4":"has-post-thumbnail","6":"product_cat-jnats","7":"product_tag-iromono","8":"product_tag-nakayama","9":"product_shipping_class-iprastas","11":"first","12":"outofstock","13":"sale","14":"shipping-taxable","15":"purchasable","16":"product-type-simple"},"_links":{"self":[{"href":"https:\/\/jnats.eu\/fr\/wp-json\/wp\/v2\/product\/2232","targetHints":{"allow":["GET"]}}],"collection":[{"href":"https:\/\/jnats.eu\/fr\/wp-json\/wp\/v2\/product"}],"about":[{"href":"https:\/\/jnats.eu\/fr\/wp-json\/wp\/v2\/types\/product"}],"replies":[{"embeddable":true,"href":"https:\/\/jnats.eu\/fr\/wp-json\/wp\/v2\/comments?post=2232"}],"wp:featuredmedia":[{"embeddable":true,"href":"https:\/\/jnats.eu\/fr\/wp-json\/wp\/v2\/media\/2239"}],"wp:attachment":[{"href":"https:\/\/jnats.eu\/fr\/wp-json\/wp\/v2\/media?parent=2232"}],"wp:term":[{"taxonomy":"product_brand","embeddable":true,"href":"https:\/\/jnats.eu\/fr\/wp-json\/wp\/v2\/product_brand?post=2232"},{"taxonomy":"product_cat","embeddable":true,"href":"https:\/\/jnats.eu\/fr\/wp-json\/wp\/v2\/product_cat?post=2232"},{"taxonomy":"product_tag","embeddable":true,"href":"https:\/\/jnats.eu\/fr\/wp-json\/wp\/v2\/product_tag?post=2232"}],"curies":[{"name":"wp","href":"https:\/\/api.w.org\/{rel}","templated":true}]}}