{"id":2240,"date":"2024-04-29T11:23:44","date_gmt":"2024-04-29T08:23:44","guid":{"rendered":"http:\/\/jnats.eu\/?post_type=product&#038;p=2240"},"modified":"2024-09-22T15:26:07","modified_gmt":"2024-09-22T12:26:07","slug":"pierre-a-aiguiser-nakayama-homdomae-de-lancienne-couche","status":"publish","type":"product","link":"https:\/\/jnats.eu\/fr\/produit-2\/pierre-a-aiguiser-nakayama-homdomae-de-lancienne-couche\/","title":{"rendered":"Pierre \u00e0 aiguiser Nakayama Hondomae provenant d&#039;une couche ancienne"},"content":{"rendered":"<p>Les Nakayama Hondomae ont \u00e9t\u00e9 exploit\u00e9s dans la pr\u00e9fecture d&#039;Umegahata. Cette pierre a \u00e9t\u00e9 creus\u00e9e par M. Honda il y a 300 ans. La couche Hondomae a \u00e9t\u00e9 compl\u00e8tement \u00e9puis\u00e9e il y a 100 ans, suivie par de nombreuses autres. en 1971 la soci\u00e9t\u00e9 Hatanaka Toishi a achet\u00e9 les droits d&#039;exploitation de la mine Nakayama et a commenc\u00e9 \u00e0 l&#039;exploiter. Si le puits va sur les c\u00f4t\u00e9s, vous pouvez y aller presque ind\u00e9finiment, mais s&#039;il m\u00e8ne vers le haut, vous devrez t\u00f4t ou tard vous arr\u00eater \u00e0 cause du risque d&#039;effondrement. La mine Nakayama Kato-san a donc d\u00fb \u00eatre ferm\u00e9e en 1967. Une bonne pierre \u00e0 ajouter \u00e0 la collection, car elles ont presque disparu du march\u00e9.<\/p>\n\n\n\n<p>Dans d&#039;autres parties de cette montagne, on trouve \u00e9galement aujourd&#039;hui des pierres \u00e0 aiguiser de bonne qualit\u00e9, mais leur qualit\u00e9 est nettement inf\u00e9rieure \u00e0 celles d&#039;\u00e9poque. <\/p>\n\n\n\n<p>Une pierre \u00e0 aiguiser japonaise Nakayama Homdomae de duret\u00e9 moyenne, facile \u00e0 travailler. C&#039;est assez fin pour finir correctement un rasoir, mais assez facile \u00e0 utiliser pour qu&#039;il soit \u00e9galement bon pour les couteaux. Il est possible de se passer d&#039;un fond ou d&#039;une plaque diamant\u00e9e, car la pierre lib\u00e9rera suffisamment de sa propre suspension et les d\u00e9chets du m\u00e9tal poli seront bient\u00f4t visibles. De par sa taille, il est parfait pour aff\u00fbter les rasoirs, surtout si vous aimez un rasage doux et s\u00fbr. Il peut \u00e9galement \u00eatre utilis\u00e9 comme donneur de suspension sur roche dure.   <\/p>","protected":false},"excerpt":{"rendered":"<ul>\n<li>Convient pour la finition des rasoirs, des couteaux, des ciseaux, des outils de menuiserie et autres.<\/li>\n<li>Dimensions : 140x79x22 mm<\/li>\n<li>Poids : 620g<\/li>\n<li>Duret\u00e9 : Lv 4<\/li>\n<li>La surface est lisse et pr\u00eate \u00e0 travailler<\/li>\n<\/ul>","protected":false},"featured_media":2244,"comment_status":"open","ping_status":"closed","template":"","meta":[],"product_brand":[],"product_cat":[22],"product_tag":[139,49],"class_list":{"0":"post-2240","1":"product","2":"type-product","3":"status-publish","4":"has-post-thumbnail","6":"product_cat-jnats","7":"product_tag-homdomae","8":"product_tag-nakayama","9":"product_shipping_class-iprastas","11":"first","12":"outofstock","13":"sale","14":"shipping-taxable","15":"purchasable","16":"product-type-simple"},"_links":{"self":[{"href":"https:\/\/jnats.eu\/fr\/wp-json\/wp\/v2\/product\/2240","targetHints":{"allow":["GET"]}}],"collection":[{"href":"https:\/\/jnats.eu\/fr\/wp-json\/wp\/v2\/product"}],"about":[{"href":"https:\/\/jnats.eu\/fr\/wp-json\/wp\/v2\/types\/product"}],"replies":[{"embeddable":true,"href":"https:\/\/jnats.eu\/fr\/wp-json\/wp\/v2\/comments?post=2240"}],"wp:featuredmedia":[{"embeddable":true,"href":"https:\/\/jnats.eu\/fr\/wp-json\/wp\/v2\/media\/2244"}],"wp:attachment":[{"href":"https:\/\/jnats.eu\/fr\/wp-json\/wp\/v2\/media?parent=2240"}],"wp:term":[{"taxonomy":"product_brand","embeddable":true,"href":"https:\/\/jnats.eu\/fr\/wp-json\/wp\/v2\/product_brand?post=2240"},{"taxonomy":"product_cat","embeddable":true,"href":"https:\/\/jnats.eu\/fr\/wp-json\/wp\/v2\/product_cat?post=2240"},{"taxonomy":"product_tag","embeddable":true,"href":"https:\/\/jnats.eu\/fr\/wp-json\/wp\/v2\/product_tag?post=2240"}],"curies":[{"name":"wp","href":"https:\/\/api.w.org\/{rel}","templated":true}]}}