{"id":2246,"date":"2024-04-29T11:35:34","date_gmt":"2024-04-29T08:35:34","guid":{"rendered":"http:\/\/jnats.eu\/?post_type=product&#038;p=2246"},"modified":"2024-09-21T11:33:09","modified_gmt":"2024-09-21T08:33:09","slug":"nakayama-maruka-8-couches-hondomae-shikitomae","status":"publish","type":"product","link":"https:\/\/jnats.eu\/fr\/produit-2\/nakayama-maruka-8-couches-hondomae-shikitomae\/","title":{"rendered":"Nakayama Maruka Hondomae Shikitomae 8 couches"},"content":{"rendered":"<p>Les pierres \u00e0 aiguiser Nakayama \u00e0 huit couches ont quasiment disparu du march\u00e9 car ce sont des produits haut de gamme. C&#039;est une pierre parfaite \u00e0 tous \u00e9gards : sa finesse, son onctuosit\u00e9, sa rapidit\u00e9 de travail et sa r\u00e9ponse. Au Japon, des sp\u00e9cimens de 2,9 kg ont \u00e9t\u00e9 aper\u00e7us au prix de 10 000 euros.<\/p>\n\n\n\n<p>C&#039;est une meule parfaite et est appel\u00e9e \u00ab sans plafond \u00bb au Japon. Cela signifie que le prix indiqu\u00e9 de la pierre n&#039;a pas d&#039;importance, quel que soit le prix propos\u00e9 par le vendeur.<\/p>\n\n\n\n<p>Cependant, puisqu\u2019il s\u2019agit d\u2019une entreprise, il existe un prix \u00e9quitable dans l\u2019industrie. Dans l&#039;aff\u00fbtage naturel japonais normal, ce sont les pierres \u00e0 aiguiser les plus ch\u00e8res.<\/p>\n\n\n\n<p>Cette pierre poss\u00e8de une forme parfaite pour les rasoirs et une \u00e9paisseur qui durera plusieurs si\u00e8cles. Le tampon Maruka \u32d5\u6b63\u672c\u5c71 est \u00e0 peine visible, mais il est l\u00e0. Kato-san, le dernier propri\u00e9taire de la mine Nakayama, utilisait cette marque uniquement sur des pierres \u00e0 aiguiser japonaises de la plus haute qualit\u00e9.\u00a0<\/p>\n\n\n\n<p><strong>Nakayama (\u4e2d\u5c71)<\/strong><\/p>\n\n\n\n<p>Cette mine de l&#039;Est est c\u00e9l\u00e8bre pour ses pierres de finition awasedo et est peut-\u00eatre la plus recherch\u00e9e parmi les professionnels et les amateurs d&#039;aff\u00fbtage. Compar\u00e9es aux pierres de duret\u00e9 et de finesse similaires provenant d&#039;autres mines, les pierres Nakayama sont connues pour une sensation d&#039;aff\u00fbtage plus agr\u00e9able et une vitesse de travail \u00e9lev\u00e9e. Les pierres multicouches (Hondomae, Shikitomae) et Kiita sont particuli\u00e8rement appr\u00e9ci\u00e9es.<\/p>","protected":false},"excerpt":{"rendered":"<ul>\n<li>Id\u00e9al pour la finition des rasoirs, couteaux, ciseaux, menuiserie et autres outils.<\/li>\n<li>Dimensions : 194x69x30 mm<\/li>\n<li>Poids avec support : 1150 g<\/li>\n<li>Duret\u00e9 : Lv 5<\/li>\n<li>La surface est lisse et pr\u00eate \u00e0 travailler<\/li>\n<li>Quelques points peuvent \u00eatre palp\u00e9s avec le doigt, mais ils ne g\u00eanent pas l&#039;aff\u00fbtage et devraient s&#039;estomper avec le temps. Un coin \u00e9br\u00e9ch\u00e9, bien visible sur les photos.<\/li>\n<\/ul>","protected":false},"featured_media":2249,"comment_status":"open","ping_status":"closed","template":"","meta":[],"product_brand":[],"product_cat":[22],"product_tag":[260,51,58,49,108],"class_list":{"0":"post-2246","1":"product","2":"type-product","3":"status-publish","4":"has-post-thumbnail","6":"product_cat-jnats","7":"product_tag-8-sluoksniu","8":"product_tag-hondomae","9":"product_tag-maruka","10":"product_tag-nakayama","11":"product_tag-shikitomae","12":"product_shipping_class-iprastas","14":"first","15":"outofstock","16":"sale","17":"shipping-taxable","18":"purchasable","19":"product-type-simple"},"_links":{"self":[{"href":"https:\/\/jnats.eu\/fr\/wp-json\/wp\/v2\/product\/2246","targetHints":{"allow":["GET"]}}],"collection":[{"href":"https:\/\/jnats.eu\/fr\/wp-json\/wp\/v2\/product"}],"about":[{"href":"https:\/\/jnats.eu\/fr\/wp-json\/wp\/v2\/types\/product"}],"replies":[{"embeddable":true,"href":"https:\/\/jnats.eu\/fr\/wp-json\/wp\/v2\/comments?post=2246"}],"wp:featuredmedia":[{"embeddable":true,"href":"https:\/\/jnats.eu\/fr\/wp-json\/wp\/v2\/media\/2249"}],"wp:attachment":[{"href":"https:\/\/jnats.eu\/fr\/wp-json\/wp\/v2\/media?parent=2246"}],"wp:term":[{"taxonomy":"product_brand","embeddable":true,"href":"https:\/\/jnats.eu\/fr\/wp-json\/wp\/v2\/product_brand?post=2246"},{"taxonomy":"product_cat","embeddable":true,"href":"https:\/\/jnats.eu\/fr\/wp-json\/wp\/v2\/product_cat?post=2246"},{"taxonomy":"product_tag","embeddable":true,"href":"https:\/\/jnats.eu\/fr\/wp-json\/wp\/v2\/product_tag?post=2246"}],"curies":[{"name":"wp","href":"https:\/\/api.w.org\/{rel}","templated":true}]}}