{"id":2252,"date":"2024-04-29T11:50:24","date_gmt":"2024-04-29T08:50:24","guid":{"rendered":"http:\/\/jnats.eu\/?post_type=product&#038;p=2252"},"modified":"2024-10-20T14:58:58","modified_gmt":"2024-10-20T11:58:58","slug":"nakayama-kiita-karasu-nashiji-tomae-maruka","status":"publish","type":"product","link":"https:\/\/jnats.eu\/fr\/produit-2\/nakayama-kiita-karasu-nashiji-tomae-maruka\/","title":{"rendered":"Nakayama Kiita Karasu Nashiji Tomae Maruka"},"content":{"rendered":"<p>Cette grosse pierre refl\u00e8te parfaitement tous les avantages de Nakayama - petite, mais assez rapide et lisse. Il n\u2019a pas besoin d\u2019un tome ou d\u2019une plaque de diamant pour commencer \u00e0 travailler. Nakayama Kiita Karasu Nashiji Tomae Maruka polit rapidement et laisse un \u00e9clat tr\u00e8s raffin\u00e9. En raison de leur grande taille, les lames longues sont tr\u00e8s faciles \u00e0 aff\u00fbter, comme n\u2019importe quel autre outil.<\/p>\n\n\n\n<p>Cette pierre \u00e0 aiguiser Nakayama a une base jaun\u00e2tre, des points nashiji sur toute la surface et un motif karasu tr\u00e8s subtil qui devient plus pro\u00e9minent lorsqu&#039;il est mouill\u00e9.<\/p>\n\n\n\n<p>Cette pierre poss\u00e8de une forme parfaite pour les rasoirs et une \u00e9paisseur qui durera plusieurs si\u00e8cles. Le sceau de Maruka \u32d5\u6b63\u672c\u5c71 est bien visible car il est recouvert de laque et n&#039;a pas d\u00e9teint sur une longue p\u00e9riode de temps. Kato-san, le dernier propri\u00e9taire de la mine Nakayama, utilisait cette marque uniquement sur les pierres \u00e0 aiguiser japonaises de la plus haute qualit\u00e9.\u00a0<\/p>\n\n\n\n<p>La pierre de Nakayama est c\u00e9l\u00e8bre pour la marque Kato Mutsuyama Maruka avec la lettre \u201eka\u201d et le sceau Seihonzan \u32d5\u6b63\u672c\u5c71. Kato Mutsuyama fut le premier \u00e0 sculpter un tel sceau. Les pierres surdimensionn\u00e9es, de grande taille ou brutes ne portaient pas \u00e0 l'origine la marque Maruka. Il existe cependant des produits de qualit\u00e9 et des pierres \u00e0 aiguiser non standard qui ont ensuite \u00e9t\u00e9 marqu\u00e9s du sceau Maruka lors du traitement final dans le commerce de d\u00e9tail, ainsi que des pierres taill\u00e9es par le vendeur \u00e0 partir de pierres brutes sans le sceau \u02bb\u672c\u5c71. En outre, les meules Nakayama vendues avant la p\u00e9riode de poin\u00e7onnage ne portent pas le poin\u00e7on Maruka. <\/p>\n\n\n\n<p>Dans tous les cas, s&#039;il s&#039;agit de la pierre de Kato Mutsuyama provenant de cette mine, ce sera la m\u00eame pierre de Nakayama, qu&#039;elle porte ou non la marque Maruka. Le cachet \u32d5\u6b63\u672c\u5c71 lui-m\u00eame peut \u00eatre pr\u00e9sent ou non selon le canal de distribution et ne garantit pas la qualit\u00e9. Non seulement Nakayama, mais aussi d&#039;autres meules naturelles, chacune est diff\u00e9rente et il n&#039;y en a pas deux identiques. De plus, de nombreuses ann\u00e9es se sont \u00e9coul\u00e9es depuis la fermeture de la mine, de sorte qu&#039;il y a de moins en moins de bons sp\u00e9cimens sur le march\u00e9 chaque ann\u00e9e.<\/p>\n\n\n\n<p>En raison de leur raret\u00e9 et de la puissance de la marque, il existe de nombreuses contrefa\u00e7ons, nous vous recommandons donc de ne pas trop faire confiance au sceau Maruka et d&#039;\u00e9valuer la pierre de vos propres yeux.\u00a0<\/p>\n\n\n\n<p>La mine Kato est situ\u00e9e dans les montagnes Nakayama, o\u00f9 \u00e9taient extraites les pierres \u00e0 aiguiser, et s&#039;appelait ainsi parce qu&#039;elle appartenait \u00e0 M. Kato. Hatanaka Whetstone est un magasin de pierre \u00e9tabli de longue date \u00e0 Kyoto. Apr\u00e8s la guerre, les ventes de meules Nakayama extraites de Kato Utsuyama \u00e9taient g\u00e9r\u00e9es par un groupe de cinq personnes d&#039;un important magasin de pierre de Kyoto. Parmi eux, Hatanaka Toishi aurait \u00e9t\u00e9 pendant un certain temps celui auquel les propri\u00e9taires de montagne avaient le plus confiance. en 1952 Hatanaka Toishi a enregistr\u00e9 la marque Junshin Honzan (\u7d14\u7a7a\u6b63\u672c\u5c71) pour se distinguer des autres d\u00e9taillants. Apr\u00e8s 1980 les droits sur la mine Nakayama ont \u00e9t\u00e9 achet\u00e9s par Hatanaka Whetstone et sont devenus propri\u00e9taires de la marque Maruka. Parall\u00e8lement, les pierres de cette mine \u00e9taient \u00e9galement distribu\u00e9es par d&#039;autres d\u00e9taillants.<\/p>\n\n\n\n<p><strong>Nakayama (\u4e2d\u5c71)<\/strong><\/p>\n\n\n\n<p>Cette mine de l&#039;Est est c\u00e9l\u00e8bre pour ses pierres de finition awasedo et est peut-\u00eatre la plus recherch\u00e9e parmi les professionnels et les amateurs d&#039;aff\u00fbtage. Compar\u00e9es aux pierres de duret\u00e9 et de finesse similaires provenant d&#039;autres mines, les pierres Nakayama sont connues pour une sensation d&#039;aff\u00fbtage plus agr\u00e9able et une vitesse de travail \u00e9lev\u00e9e. Les pierres multicouches (Hondomae, Shikitomae) et Kiita sont particuli\u00e8rement appr\u00e9ci\u00e9es.<\/p>","protected":false},"excerpt":{"rendered":"<ul>\n<li>Id\u00e9al pour la finition des rasoirs, couteaux, ciseaux, menuiserie et autres outils.<\/li>\n<li>Dimensions : 209x76x35mm<\/li>\n<li>Poids : 1390 g<\/li>\n<li>Duret\u00e9 : Lv 4.7<\/li>\n<li>La surface est lisse et pr\u00eate \u00e0 travailler<\/li>\n<li>La ligne est s\u00e9curis\u00e9e<\/li>\n<\/ul>","protected":false},"featured_media":2253,"comment_status":"open","ping_status":"closed","template":"","meta":[],"product_brand":[],"product_cat":[22],"product_tag":[57,141,58,49],"class_list":{"0":"post-2252","1":"product","2":"type-product","3":"status-publish","4":"has-post-thumbnail","6":"product_cat-jnats","7":"product_tag-karasu","8":"product_tag-kiita","9":"product_tag-maruka","10":"product_tag-nakayama","11":"product_shipping_class-iprastas","13":"first","14":"outofstock","15":"sale","16":"shipping-taxable","17":"purchasable","18":"product-type-simple"},"_links":{"self":[{"href":"https:\/\/jnats.eu\/fr\/wp-json\/wp\/v2\/product\/2252","targetHints":{"allow":["GET"]}}],"collection":[{"href":"https:\/\/jnats.eu\/fr\/wp-json\/wp\/v2\/product"}],"about":[{"href":"https:\/\/jnats.eu\/fr\/wp-json\/wp\/v2\/types\/product"}],"replies":[{"embeddable":true,"href":"https:\/\/jnats.eu\/fr\/wp-json\/wp\/v2\/comments?post=2252"}],"wp:featuredmedia":[{"embeddable":true,"href":"https:\/\/jnats.eu\/fr\/wp-json\/wp\/v2\/media\/2253"}],"wp:attachment":[{"href":"https:\/\/jnats.eu\/fr\/wp-json\/wp\/v2\/media?parent=2252"}],"wp:term":[{"taxonomy":"product_brand","embeddable":true,"href":"https:\/\/jnats.eu\/fr\/wp-json\/wp\/v2\/product_brand?post=2252"},{"taxonomy":"product_cat","embeddable":true,"href":"https:\/\/jnats.eu\/fr\/wp-json\/wp\/v2\/product_cat?post=2252"},{"taxonomy":"product_tag","embeddable":true,"href":"https:\/\/jnats.eu\/fr\/wp-json\/wp\/v2\/product_tag?post=2252"}],"curies":[{"name":"wp","href":"https:\/\/api.w.org\/{rel}","templated":true}]}}