{"id":2271,"date":"2025-03-20T09:03:34","date_gmt":"2025-03-20T07:03:34","guid":{"rendered":"http:\/\/jnats.eu\/?post_type=product&#038;p=2271"},"modified":"2025-04-23T22:27:39","modified_gmt":"2025-04-23T19:27:39","slug":"nakayama-tomae-lv-4-7","status":"publish","type":"product","link":"https:\/\/jnats.eu\/fr\/produit-2\/nakayama-tomae-lv-4-7\/","title":{"rendered":"Nakayama Tomae Lv 4.7"},"content":{"rendered":"<p>Une pierre \u00e0 aiguiser Nakayama Kiita dure et facile \u00e0 travailler. Vous pouvez vous passer de clou ou de plaque de diamant, car la pierre travaille assez rapidement et polit rapidement le m\u00e9tal. De par sa taille, il est parfait pour aff\u00fbter les rasoirs, surtout si vous aimez un rasage doux et s\u00fbr.<\/p>\n\n\n\n<figure class=\"wp-block-embed is-type-video is-provider-youtube wp-block-embed-youtube wp-embed-aspect-16-9 wp-has-aspect-ratio\"><div class=\"wp-block-embed__wrapper\">\n<div class=\"video-container\"><iframe title=\"Aff\u00fbtage du Chobomasa kamisori - Ohira, Nakayama Tomae, Kanyama Strop\" width=\"1170\" height=\"658\" src=\"https:\/\/www.youtube.com\/embed\/tbFJJ1lm87I?feature=oembed\" frameborder=\"0\" allow=\"accelerometer; autoplay; clipboard-write; encrypted-media; gyroscope; picture-in-picture; web-share\" referrerpolicy=\"strict-origin-when-cross-origin\" allowfullscreen><\/iframe><\/div>\n<\/div><\/figure>\n\n\n\n<p><strong>Nakayama (\u4e2d\u5c71)<\/strong><\/p>\n\n\n\n<p>Cette mine de l&#039;Est est c\u00e9l\u00e8bre pour ses pierres de finition awasedo et est peut-\u00eatre la plus recherch\u00e9e parmi les professionnels et les amateurs d&#039;aff\u00fbtage. Compar\u00e9es aux pierres de duret\u00e9 et de finesse similaires provenant d&#039;autres mines, les pierres Nakayama sont connues pour une sensation d&#039;aff\u00fbtage plus agr\u00e9able et une vitesse de travail \u00e9lev\u00e9e. Les pierres multicouches (Hondomae, Shikitomae) et Kiita sont particuli\u00e8rement appr\u00e9ci\u00e9es.<\/p>\n\n\n\n<p><\/p>","protected":false},"excerpt":{"rendered":"<ul>\n<li>Convient pour la finition des rasoirs, des couteaux, des ciseaux, des outils de menuiserie et autres.\u00a0<\/li>\n<li>Dimensions : 192x70x25 mm<\/li>\n<li>Poids avec support : 930 g<\/li>\n<li>Duret\u00e9 : Lv 4.7<\/li>\n<li>La surface est lisse et pr\u00eate \u00e0 travailler<\/li>\n<\/ul>","protected":false},"featured_media":4163,"comment_status":"open","ping_status":"closed","template":"","meta":[],"product_brand":[],"product_cat":[22],"product_tag":[49,67],"class_list":{"0":"post-2271","1":"product","2":"type-product","3":"status-publish","4":"has-post-thumbnail","6":"product_cat-jnats","7":"product_tag-nakayama","8":"product_tag-tomae","9":"product_shipping_class-iprastas","11":"first","12":"outofstock","13":"shipping-taxable","14":"purchasable","15":"product-type-simple"},"_links":{"self":[{"href":"https:\/\/jnats.eu\/fr\/wp-json\/wp\/v2\/product\/2271","targetHints":{"allow":["GET"]}}],"collection":[{"href":"https:\/\/jnats.eu\/fr\/wp-json\/wp\/v2\/product"}],"about":[{"href":"https:\/\/jnats.eu\/fr\/wp-json\/wp\/v2\/types\/product"}],"replies":[{"embeddable":true,"href":"https:\/\/jnats.eu\/fr\/wp-json\/wp\/v2\/comments?post=2271"}],"wp:featuredmedia":[{"embeddable":true,"href":"https:\/\/jnats.eu\/fr\/wp-json\/wp\/v2\/media\/4163"}],"wp:attachment":[{"href":"https:\/\/jnats.eu\/fr\/wp-json\/wp\/v2\/media?parent=2271"}],"wp:term":[{"taxonomy":"product_brand","embeddable":true,"href":"https:\/\/jnats.eu\/fr\/wp-json\/wp\/v2\/product_brand?post=2271"},{"taxonomy":"product_cat","embeddable":true,"href":"https:\/\/jnats.eu\/fr\/wp-json\/wp\/v2\/product_cat?post=2271"},{"taxonomy":"product_tag","embeddable":true,"href":"https:\/\/jnats.eu\/fr\/wp-json\/wp\/v2\/product_tag?post=2271"}],"curies":[{"name":"wp","href":"https:\/\/api.w.org\/{rel}","templated":true}]}}